{"id":1244,"date":"2022-05-19T13:31:43","date_gmt":"2022-05-19T05:31:43","guid":{"rendered":"https:\/\/www.testsealabs-kit.com\/?post_type=product&#038;p=1244"},"modified":"2025-05-15T20:22:11","modified_gmt":"2025-05-15T12:22:11","slug":"sars-cov-2-neutralizing-antibody-test-cassette","status":"publish","type":"product","link":"https:\/\/www.testsealabs-kit.com\/fi\/tuote\/sars-cov-2-neutralizing-antibody-test-cassette\/","title":{"rendered":"SARS-CoV-2 Neutraloiva vasta-aine Testikasetti"},"content":{"rendered":"<p><span style=\"font-size: 14pt;\">1.Get tulos 15 minuutissa<\/span><br \/>\n<span style=\"font-size: 14pt;\">2.Helppo ker\u00e4t\u00e4 n\u00e4ytteit\u00e4<\/span><br \/>\n<span style=\"font-size: 14pt;\">3.Results ovat selv\u00e4sti n\u00e4kyviss\u00e4<\/span><br \/>\n<span style=\"font-size: 14pt;\">4.Ei tarvita laitteita<\/span><br \/>\n<span style=\"font-size: 14pt;\">5.Sopii laajamittaiseen nopeaan seulontaan<\/span><\/p>","protected":false},"excerpt":{"rendered":"<p>SARS-CoV-2 neutraloivien vasta-aineiden testikasetti on nopea kromatografinen immunom\u00e4\u00e4ritys, jolla voidaan osoittaa puolikvantitatiivisesti vuoden 2019 koronavirustautia vastaan neutraloivia vasta-aineita seerumista\/plasmasta\/kokoverest\u00e4 ja joka auttaa arvioimaan ihmisen neutraloivien vasta-aineiden pitoisuuksia uusia koronaviruksia vastaan.<\/p>","protected":false},"featured_media":1245,"comment_status":"open","ping_status":"closed","template":"","meta":[],"product_brand":[],"product_cat":[20,26],"product_tag":[],"class_list":{"0":"post-1244","1":"product","2":"type-product","3":"status-publish","4":"has-post-thumbnail","6":"product_cat-all-products","7":"product_cat-covid-19-sars-cov-2-rapid-test","8":"entry","10":"first","11":"instock","12":"shipping-taxable","13":"product-type-simple"},"_links":{"self":[{"href":"https:\/\/www.testsealabs-kit.com\/fi\/wp-json\/wp\/v2\/product\/1244","targetHints":{"allow":["GET"]}}],"collection":[{"href":"https:\/\/www.testsealabs-kit.com\/fi\/wp-json\/wp\/v2\/product"}],"about":[{"href":"https:\/\/www.testsealabs-kit.com\/fi\/wp-json\/wp\/v2\/types\/product"}],"replies":[{"embeddable":true,"href":"https:\/\/www.testsealabs-kit.com\/fi\/wp-json\/wp\/v2\/comments?post=1244"}],"wp:featuredmedia":[{"embeddable":true,"href":"https:\/\/www.testsealabs-kit.com\/fi\/wp-json\/wp\/v2\/media\/1245"}],"wp:attachment":[{"href":"https:\/\/www.testsealabs-kit.com\/fi\/wp-json\/wp\/v2\/media?parent=1244"}],"wp:term":[{"taxonomy":"product_brand","embeddable":true,"href":"https:\/\/www.testsealabs-kit.com\/fi\/wp-json\/wp\/v2\/product_brand?post=1244"},{"taxonomy":"product_cat","embeddable":true,"href":"https:\/\/www.testsealabs-kit.com\/fi\/wp-json\/wp\/v2\/product_cat?post=1244"},{"taxonomy":"product_tag","embeddable":true,"href":"https:\/\/www.testsealabs-kit.com\/fi\/wp-json\/wp\/v2\/product_tag?post=1244"}],"curies":[{"name":"wp","href":"https:\/\/api.w.org\/{rel}","templated":true}]}}