{"id":749,"date":"2022-04-07T02:00:56","date_gmt":"2022-04-06T18:00:56","guid":{"rendered":"https:\/\/www.testsealabs-kit.com\/?post_type=product&#038;p=749"},"modified":"2026-04-29T19:57:30","modified_gmt":"2026-04-29T11:57:30","slug":"covid-19-antigen-test-cassette-self-test","status":"publish","type":"product","link":"https:\/\/www.testsealabs-kit.com\/fi\/tuote\/covid-19-antigen-test-cassette-self-test\/","title":{"rendered":"COVID-19 Antigeenitesti Kasetti - itsetesti - nen\u00e4puikosta otettu n\u00e4yte"},"content":{"rendered":"<p>\u3010K\u00e4ytt\u00f6tarkoitus\u3011<\/p>\n<p>COVID-19-antigeenitestikasetti on pikatesti SARS-CoV-2-nukleokapsidiantigeenin kvalitatiiviseen osoittamiseen nen\u00e4n etuosan pyyhk\u00e4isyn\u00e4ytteist\u00e4. Sit\u00e4 k\u00e4ytet\u00e4\u00e4n apuna SARS-CoV-2-infektion diagnosoinnissa, joka voi johtaa COVID-19-tautiin. Testi voidaan tehd\u00e4 milloin tahansa, ja se soveltuu oireileville henkil\u00f6ille. Aikuisten on avustettava alaik\u00e4isi\u00e4 testiss\u00e4 T\u00e4t\u00e4 testi\u00e4 suositellaan k\u00e4ytett\u00e4v\u00e4ksi vain muiden diagnostisten menettelyjen lis\u00e4n\u00e4. Testi on suunniteltu maallikoiden itse suoritettavaksi, ja se voidaan tehd\u00e4 laboratorion ulkopuolella.<\/p>\n<p>\u3010Todistus\u3011<\/p>\n<p>CE,ISO9001,ISO13485<\/p>","protected":false},"excerpt":{"rendered":"<p>COVID-19-antigeenitesti Kasetti-itse-testi \u7b80\u77ed\u63cf\u8ff0<\/p>","protected":false},"featured_media":682,"comment_status":"open","ping_status":"closed","template":"","meta":[],"product_brand":[],"product_cat":[20,26],"product_tag":[],"class_list":{"0":"post-749","1":"product","2":"type-product","3":"status-publish","4":"has-post-thumbnail","6":"product_cat-all-products","7":"product_cat-covid-19-sars-cov-2-rapid-test","8":"entry","10":"first","11":"instock","12":"shipping-taxable","13":"purchasable","14":"product-type-variable","15":"has-default-attributes"},"_links":{"self":[{"href":"https:\/\/www.testsealabs-kit.com\/fi\/wp-json\/wp\/v2\/product\/749","targetHints":{"allow":["GET"]}}],"collection":[{"href":"https:\/\/www.testsealabs-kit.com\/fi\/wp-json\/wp\/v2\/product"}],"about":[{"href":"https:\/\/www.testsealabs-kit.com\/fi\/wp-json\/wp\/v2\/types\/product"}],"replies":[{"embeddable":true,"href":"https:\/\/www.testsealabs-kit.com\/fi\/wp-json\/wp\/v2\/comments?post=749"}],"wp:featuredmedia":[{"embeddable":true,"href":"https:\/\/www.testsealabs-kit.com\/fi\/wp-json\/wp\/v2\/media\/682"}],"wp:attachment":[{"href":"https:\/\/www.testsealabs-kit.com\/fi\/wp-json\/wp\/v2\/media?parent=749"}],"wp:term":[{"taxonomy":"product_brand","embeddable":true,"href":"https:\/\/www.testsealabs-kit.com\/fi\/wp-json\/wp\/v2\/product_brand?post=749"},{"taxonomy":"product_cat","embeddable":true,"href":"https:\/\/www.testsealabs-kit.com\/fi\/wp-json\/wp\/v2\/product_cat?post=749"},{"taxonomy":"product_tag","embeddable":true,"href":"https:\/\/www.testsealabs-kit.com\/fi\/wp-json\/wp\/v2\/product_tag?post=749"}],"curies":[{"name":"wp","href":"https:\/\/api.w.org\/{rel}","templated":true}]}}