{"id":932,"date":"2022-04-25T20:35:08","date_gmt":"2022-04-25T12:35:08","guid":{"rendered":"https:\/\/www.testsealabs-kit.com\/?post_type=product&#038;p=932"},"modified":"2022-04-29T22:50:01","modified_gmt":"2022-04-29T14:50:01","slug":"covid-19-antigen-test-cassette-professional-use-lollipop-style-saliva","status":"publish","type":"product","link":"https:\/\/www.testsealabs-kit.com\/fi\/tuote\/covid-19-antigen-test-cassette-professional-use-lollipop-style-saliva\/","title":{"rendered":"COVID-19 Antigeenitestikasetti - Ammattik\u00e4ytt\u00f6\u00f6n - Tikkurilan muotoinen sylki"},"content":{"rendered":"<p>\u3010K\u00e4ytt\u00f6tarkoitus\u3011<\/p>\n<p>COVID-19-antigeenitestikasetti on pikatesti SARS-CoV-2-nukleokapsidiantigeenin kvalitatiiviseen osoittamiseen sylkin\u00e4ytteest\u00e4. Sit\u00e4 k\u00e4ytet\u00e4\u00e4n apuna SARS-CoV-2-infektion diagnosoinnissa, joka voi johtaa COVID-19-tautiin.<\/p>\n<p>Testi voidaan tehd\u00e4 milloin tahansa, ja se sopii sek\u00e4 oireileville ett\u00e4 oireettomille henkil\u00f6ille. Aikuisten on avustettava alaik\u00e4isi\u00e4 testiss\u00e4.<\/p>\n<p>T\u00e4t\u00e4 testi\u00e4 suositellaan k\u00e4ytett\u00e4v\u00e4ksi vain muiden diagnostisten menetelmien t\u00e4ydent\u00e4j\u00e4n\u00e4. Testi on tarkoitettu ammattik\u00e4ytt\u00f6\u00f6n.<\/p>\n<p>\u3010Todistus\u3011<\/p>\n<p>CE,ISO9001,ISO13485<\/p>","protected":false},"excerpt":{"rendered":"<p>COVID-19-antigeenitesti Kasetti-itse-testi \u7b80\u77ed\u63cf\u8ff0<\/p>","protected":false},"featured_media":939,"comment_status":"open","ping_status":"closed","template":"","meta":[],"product_brand":[],"product_cat":[20,26],"product_tag":[],"class_list":{"0":"post-932","1":"product","2":"type-product","3":"status-publish","4":"has-post-thumbnail","6":"product_cat-all-products","7":"product_cat-covid-19-sars-cov-2-rapid-test","8":"entry","10":"first","11":"instock","12":"shipping-taxable","13":"purchasable","14":"product-type-variable","15":"has-default-attributes"},"_links":{"self":[{"href":"https:\/\/www.testsealabs-kit.com\/fi\/wp-json\/wp\/v2\/product\/932","targetHints":{"allow":["GET"]}}],"collection":[{"href":"https:\/\/www.testsealabs-kit.com\/fi\/wp-json\/wp\/v2\/product"}],"about":[{"href":"https:\/\/www.testsealabs-kit.com\/fi\/wp-json\/wp\/v2\/types\/product"}],"replies":[{"embeddable":true,"href":"https:\/\/www.testsealabs-kit.com\/fi\/wp-json\/wp\/v2\/comments?post=932"}],"wp:featuredmedia":[{"embeddable":true,"href":"https:\/\/www.testsealabs-kit.com\/fi\/wp-json\/wp\/v2\/media\/939"}],"wp:attachment":[{"href":"https:\/\/www.testsealabs-kit.com\/fi\/wp-json\/wp\/v2\/media?parent=932"}],"wp:term":[{"taxonomy":"product_brand","embeddable":true,"href":"https:\/\/www.testsealabs-kit.com\/fi\/wp-json\/wp\/v2\/product_brand?post=932"},{"taxonomy":"product_cat","embeddable":true,"href":"https:\/\/www.testsealabs-kit.com\/fi\/wp-json\/wp\/v2\/product_cat?post=932"},{"taxonomy":"product_tag","embeddable":true,"href":"https:\/\/www.testsealabs-kit.com\/fi\/wp-json\/wp\/v2\/product_tag?post=932"}],"curies":[{"name":"wp","href":"https:\/\/api.w.org\/{rel}","templated":true}]}}