{"id":945,"date":"2022-04-25T20:40:10","date_gmt":"2022-04-25T12:40:10","guid":{"rendered":"https:\/\/www.testsealabs-kit.com\/?post_type=product&#038;p=945"},"modified":"2022-05-10T23:01:59","modified_gmt":"2022-05-10T15:01:59","slug":"flu-a-b-covid-19-antigen-combo-test-cassette-professional-use","status":"publish","type":"product","link":"https:\/\/www.testsealabs-kit.com\/fi\/tuote\/flu-a-b-covid-19-antigen-combo-test-cassette-professional-use\/","title":{"rendered":"Influenssa A\/B + COVID-19 Antigeenin yhdistelm\u00e4testikasetti - ammattik\u00e4ytt\u00f6\u00f6n"},"content":{"rendered":"<p>\u3010K\u00e4ytt\u00f6tarkoitus\u3011<\/p>\n<p>Testi on tarkoitettu k\u00e4ytett\u00e4v\u00e4ksi seuraavien tautien samanaikaiseen nopeaan in vitro -m\u00e4\u00e4ritykseen ja erilaistamiseen<\/p>\n<p>influenssa A -viruksen, influenssa B -viruksen ja COVID-19-viruksen nukleokapsidiproteiiniantigeenin kanssa, mutta ei ole<\/p>\n<p>ei tee eroa SARS-CoV- ja COVID-19-virusten v\u00e4lill\u00e4, eik\u00e4 sen tarkoituksena ole havaita SARS-CoV- ja COVID-19-viruksia.<\/p>\n<p>influenssa C -antigeenit. Suorituskyky voi vaihdella muita kehittyvi\u00e4 influenssavirusinfektioita vastaan<\/p>\n<p>viruksia.<\/p>\n<p>Influenssa A-, influenssa B- ja COVID-19-virusantigeenit ovat yleens\u00e4 havaittavissa yl\u00e4hengitysteiden n\u00e4ytteist\u00e4 infektion akuutin vaiheen aikana. Positiiviset tulokset osoittavat virusantigeenien esiintymisen, mutta infektiostatuksen m\u00e4\u00e4ritt\u00e4miseksi tarvitaan kliinist\u00e4 korrelaatiota potilaskertomuksen ja muiden diagnostisten tietojen kanssa.<\/p>\n<p>Positiiviset tulokset eiv\u00e4t sulje pois bakteeri-infektiota tai samanaikaista tartuntaa muiden virusten kanssa. Aiheuttaja<\/p>\n<p>havaittu ei v\u00e4ltt\u00e4m\u00e4tt\u00e4 ole taudin lopullinen syy.<\/p>\n<p>Negatiiviset COVID-19-tulokset potilailta, joiden oireet ovat alkaneet yli viiden p\u00e4iv\u00e4n kuluttua, olisi oltava<\/p>\n<p>k\u00e4sitell\u00e4\u00e4n oletusarvoisesti ja vahvistetaan tarvittaessa molekyylim\u00e4\u00e4rityksell\u00e4 potilasta varten.<\/p>\n<p>hallinnointi, voidaan suorittaa. Negatiiviset tulokset eiv\u00e4t sulje pois COVID-19:n mahdollisuutta, eik\u00e4 niit\u00e4 pit\u00e4isi ottaa huomioon.<\/p>\n<p>joita k\u00e4ytet\u00e4\u00e4n ainoana perusteena hoitoa tai potilaan hoitoa koskeville p\u00e4\u00e4t\u00f6ksille, mukaan lukien infektiot.<\/p>\n<p>valvontap\u00e4\u00e4t\u00f6kset. Negatiivisia tuloksia on tarkasteltava potilaan viimeaikaisten tutkimusten yhteydess\u00e4.<\/p>\n<p>altistuminen, sairaushistoria ja kliiniset oireet, jotka sopivat COVID-19:\u00e4\u00e4n.<\/p>\n<p>Negatiiviset tulokset eiv\u00e4t sulje pois influenssavirusinfektioita, eik\u00e4 niit\u00e4 pit\u00e4isi k\u00e4ytt\u00e4\u00e4 ainoana perusteena.<\/p>\n<p>hoidon tai muiden potilaan hoitoa koskevien p\u00e4\u00e4t\u00f6sten perustana.<\/p>\n<p>\u3010Todistus\u3011<\/p>\n<p>CE,ISO9001,ISO13485<\/p>","protected":false},"excerpt":{"rendered":"<p>COVID-19-antigeenitesti Kasetti-itse-testi \u7b80\u77ed\u63cf\u8ff0<\/p>","protected":false},"featured_media":948,"comment_status":"open","ping_status":"closed","template":"","meta":[],"product_brand":[],"product_cat":[20,26],"product_tag":[],"class_list":{"0":"post-945","1":"product","2":"type-product","3":"status-publish","4":"has-post-thumbnail","6":"product_cat-all-products","7":"product_cat-covid-19-sars-cov-2-rapid-test","8":"entry","10":"first","11":"instock","12":"shipping-taxable","13":"purchasable","14":"product-type-variable","15":"has-default-attributes"},"_links":{"self":[{"href":"https:\/\/www.testsealabs-kit.com\/fi\/wp-json\/wp\/v2\/product\/945","targetHints":{"allow":["GET"]}}],"collection":[{"href":"https:\/\/www.testsealabs-kit.com\/fi\/wp-json\/wp\/v2\/product"}],"about":[{"href":"https:\/\/www.testsealabs-kit.com\/fi\/wp-json\/wp\/v2\/types\/product"}],"replies":[{"embeddable":true,"href":"https:\/\/www.testsealabs-kit.com\/fi\/wp-json\/wp\/v2\/comments?post=945"}],"wp:featuredmedia":[{"embeddable":true,"href":"https:\/\/www.testsealabs-kit.com\/fi\/wp-json\/wp\/v2\/media\/948"}],"wp:attachment":[{"href":"https:\/\/www.testsealabs-kit.com\/fi\/wp-json\/wp\/v2\/media?parent=945"}],"wp:term":[{"taxonomy":"product_brand","embeddable":true,"href":"https:\/\/www.testsealabs-kit.com\/fi\/wp-json\/wp\/v2\/product_brand?post=945"},{"taxonomy":"product_cat","embeddable":true,"href":"https:\/\/www.testsealabs-kit.com\/fi\/wp-json\/wp\/v2\/product_cat?post=945"},{"taxonomy":"product_tag","embeddable":true,"href":"https:\/\/www.testsealabs-kit.com\/fi\/wp-json\/wp\/v2\/product_tag?post=945"}],"curies":[{"name":"wp","href":"https:\/\/api.w.org\/{rel}","templated":true}]}}