{"id":1161,"date":"2022-05-10T22:53:37","date_gmt":"2022-05-10T14:53:37","guid":{"rendered":"https:\/\/www.testsealabs-kit.com\/?post_type=product&#038;p=1161"},"modified":"2022-05-19T11:01:11","modified_gmt":"2022-05-19T03:01:11","slug":"fob-fecal-occult-blood-test","status":"publish","type":"product","link":"https:\/\/www.testsealabs-kit.com\/fr\/produit\/fob-fecal-occult-blood-test\/","title":{"rendered":"FOB Test de sang occulte dans les selles"},"content":{"rendered":"<p><span style=\"font-size: 14pt;\">1. obtenir un r\u00e9sultat dans les 15 minutes<\/span><\/p>\n<p><span style=\"font-size: 14pt;\">2. facilit\u00e9 de collecte des \u00e9chantillons<\/span><\/p>\n<p><span style=\"font-size: 14pt;\">3. les r\u00e9sultats sont clairement visibles<\/span><\/p>\n<p><span style=\"font-size: 14pt;\">4. aucun \u00e9quipement n'est n\u00e9cessaire<\/span><\/p>\n<p><span style=\"font-size: 14pt;\">5. convient au d\u00e9pistage rapide \u00e0 grande \u00e9chelle<\/span><\/p>","protected":false},"excerpt":{"rendered":"<p>Le produit est un test immunologique visuel rapide pour la d\u00e9tection qualitative pr\u00e9somptive de l'h\u00e9moglobine humaine dans les \u00e9chantillons f\u00e9caux humains. Ce kit est destin\u00e9 \u00e0 \u00eatre utilis\u00e9 comme aide au diagnostic des pathologies gastro-intestinales basses (g.i.).<\/p>","protected":false},"featured_media":1166,"comment_status":"open","ping_status":"closed","template":"","meta":[],"product_brand":[],"product_cat":[20,46],"product_tag":[],"class_list":{"0":"post-1161","1":"product","2":"type-product","3":"status-publish","4":"has-post-thumbnail","6":"product_cat-all-products","7":"product_cat-tumor-markers-rapid-test","8":"entry","10":"first","11":"instock","12":"shipping-taxable","13":"purchasable","14":"product-type-variable","15":"has-default-attributes"},"_links":{"self":[{"href":"https:\/\/www.testsealabs-kit.com\/fr\/wp-json\/wp\/v2\/product\/1161","targetHints":{"allow":["GET"]}}],"collection":[{"href":"https:\/\/www.testsealabs-kit.com\/fr\/wp-json\/wp\/v2\/product"}],"about":[{"href":"https:\/\/www.testsealabs-kit.com\/fr\/wp-json\/wp\/v2\/types\/product"}],"replies":[{"embeddable":true,"href":"https:\/\/www.testsealabs-kit.com\/fr\/wp-json\/wp\/v2\/comments?post=1161"}],"wp:featuredmedia":[{"embeddable":true,"href":"https:\/\/www.testsealabs-kit.com\/fr\/wp-json\/wp\/v2\/media\/1166"}],"wp:attachment":[{"href":"https:\/\/www.testsealabs-kit.com\/fr\/wp-json\/wp\/v2\/media?parent=1161"}],"wp:term":[{"taxonomy":"product_brand","embeddable":true,"href":"https:\/\/www.testsealabs-kit.com\/fr\/wp-json\/wp\/v2\/product_brand?post=1161"},{"taxonomy":"product_cat","embeddable":true,"href":"https:\/\/www.testsealabs-kit.com\/fr\/wp-json\/wp\/v2\/product_cat?post=1161"},{"taxonomy":"product_tag","embeddable":true,"href":"https:\/\/www.testsealabs-kit.com\/fr\/wp-json\/wp\/v2\/product_tag?post=1161"}],"curies":[{"name":"wp","href":"https:\/\/api.w.org\/{rel}","templated":true}]}}