{"id":1217,"date":"2022-05-19T11:09:59","date_gmt":"2022-05-19T03:09:59","guid":{"rendered":"https:\/\/www.testsealabs-kit.com\/?post_type=product&#038;p=1217"},"modified":"2025-03-10T15:55:44","modified_gmt":"2025-03-10T07:55:44","slug":"canine-distemper-virus-antigen-testcdv-ag","status":"publish","type":"product","link":"https:\/\/www.testsealabs-kit.com\/fr\/produit\/canine-distemper-virus-antigen-testcdv-ag\/","title":{"rendered":"Test d'antig\u00e8ne du virus de la maladie de Carr\u00e9 (CDV Ag)"},"content":{"rendered":"<p><span style=\"font-size: 14pt;\">1. obtenir un r\u00e9sultat dans les 15 minutes<\/span><\/p>\n<p><span style=\"font-size: 14pt;\">2. facilit\u00e9 de collecte des \u00e9chantillons<\/span><\/p>\n<p><span style=\"font-size: 14pt;\">3. les r\u00e9sultats sont clairement visibles<\/span><\/p>\n<p><span style=\"font-size: 14pt;\">4. aucun \u00e9quipement n'est n\u00e9cessaire<\/span><\/p>\n<p><span style=\"font-size: 14pt;\">5. convient au d\u00e9pistage rapide \u00e0 grande \u00e9chelle<\/span><\/p>","protected":false},"excerpt":{"rendered":"<p>Le produit est un test immunochromatographique \u00e0 flux lat\u00e9ral pour la d\u00e9tection qualitative de l'antig\u00e8ne du virus de la maladie de Carr\u00e9 (CDV Ag) dans les s\u00e9cr\u00e9tions des \u00e9chantillons de salive, d'yeux et de conjonctives.<\/p>\n<p>&nbsp;<\/p>\n<p>La maladie de Carr\u00e9 est une maladie infectieuse virale aigu\u00eb et hautement contagieuse qui s\u00e9vit dans le monde entier. La voie d'infection naturelle du CDV passe principalement par les voies respiratoires sup\u00e9rieures. Apr\u00e8s avoir \u00e9t\u00e9 infect\u00e9 par le CDV, celui-ci attaque les cellules de l'\u00e9pith\u00e9lium intestinal et les cardiomyocytes. Les principales manifestations cliniques sont les maladies gastro-intestinales et la myocardite, et la plupart des chiots sont atteints de myocardite. La maladie de Carr\u00e9 est une maladie infectieuse \u00e0 forte incidence, \u00e0 mortalit\u00e9 \u00e9lev\u00e9e et \u00e0 \u00e9pid\u00e9mies fr\u00e9quentes. Des chiens d'\u00e2ges, de sexes et de races diff\u00e9rents peuvent \u00eatre infect\u00e9s.<\/p>","protected":false},"featured_media":1216,"comment_status":"open","ping_status":"closed","template":"","meta":[],"product_brand":[],"product_cat":[20,47],"product_tag":[],"class_list":{"0":"post-1217","1":"product","2":"type-product","3":"status-publish","4":"has-post-thumbnail","6":"product_cat-all-products","7":"product_cat-animals-diagnostic-rapid-test","8":"entry","10":"first","11":"instock","12":"shipping-taxable","13":"product-type-simple"},"_links":{"self":[{"href":"https:\/\/www.testsealabs-kit.com\/fr\/wp-json\/wp\/v2\/product\/1217","targetHints":{"allow":["GET"]}}],"collection":[{"href":"https:\/\/www.testsealabs-kit.com\/fr\/wp-json\/wp\/v2\/product"}],"about":[{"href":"https:\/\/www.testsealabs-kit.com\/fr\/wp-json\/wp\/v2\/types\/product"}],"replies":[{"embeddable":true,"href":"https:\/\/www.testsealabs-kit.com\/fr\/wp-json\/wp\/v2\/comments?post=1217"}],"wp:featuredmedia":[{"embeddable":true,"href":"https:\/\/www.testsealabs-kit.com\/fr\/wp-json\/wp\/v2\/media\/1216"}],"wp:attachment":[{"href":"https:\/\/www.testsealabs-kit.com\/fr\/wp-json\/wp\/v2\/media?parent=1217"}],"wp:term":[{"taxonomy":"product_brand","embeddable":true,"href":"https:\/\/www.testsealabs-kit.com\/fr\/wp-json\/wp\/v2\/product_brand?post=1217"},{"taxonomy":"product_cat","embeddable":true,"href":"https:\/\/www.testsealabs-kit.com\/fr\/wp-json\/wp\/v2\/product_cat?post=1217"},{"taxonomy":"product_tag","embeddable":true,"href":"https:\/\/www.testsealabs-kit.com\/fr\/wp-json\/wp\/v2\/product_tag?post=1217"}],"curies":[{"name":"wp","href":"https:\/\/api.w.org\/{rel}","templated":true}]}}