{"id":1218,"date":"2022-05-19T11:12:44","date_gmt":"2022-05-19T03:12:44","guid":{"rendered":"https:\/\/www.testsealabs-kit.com\/?post_type=product&#038;p=1218"},"modified":"2022-05-19T11:12:44","modified_gmt":"2022-05-19T03:12:44","slug":"canine-coronavirus-antigen-testccv-ag","status":"publish","type":"product","link":"https:\/\/www.testsealabs-kit.com\/fr\/produit\/canine-coronavirus-antigen-testccv-ag\/","title":{"rendered":"Test de d\u00e9tection de l'antig\u00e8ne du coronavirus canin (CCV Ag)"},"content":{"rendered":"<p><span style=\"font-size: 14pt;\">1. obtenir un r\u00e9sultat dans les 15 minutes<\/span><br \/>\n<span style=\"font-size: 14pt;\">2. facilit\u00e9 de collecte des \u00e9chantillons<\/span><br \/>\n<span style=\"font-size: 14pt;\">3. les r\u00e9sultats sont clairement visibles<\/span><br \/>\n<span style=\"font-size: 14pt;\">4. aucun \u00e9quipement n'est n\u00e9cessaire<\/span><br \/>\n<span style=\"font-size: 14pt;\">5. convient au d\u00e9pistage rapide \u00e0 grande \u00e9chelle<\/span><\/p>","protected":false},"excerpt":{"rendered":"<p>Ce produit est une cassette de test permettant de diagnostiquer la pr\u00e9sence d'antig\u00e8nes du Coronavirus canin dans les \u00e9chantillons de f\u00e8ces de chiens. L'antig\u00e8ne du Coronavirus canin peut \u00eatre d\u00e9tect\u00e9 par ce test rapide.<\/p>\n<p>&nbsp;<\/p>\n<p>Le produit appartient \u00e0 un virus \u00e0 ARN simple brin, qui peut provoquer diff\u00e9rents degr\u00e9s de gastro-ent\u00e9rite, et le taux de mortalit\u00e9 des chiots est plus \u00e9lev\u00e9 apr\u00e8s l'infection. La p\u00e9riode d'incubation du CCV est de 1 \u00e0 8 jours et l'infection se propage rapidement \u00e0 l'ensemble de la population.  En g\u00e9n\u00e9ral, le coronavirus canin et le parvovirus sont infect\u00e9s conjointement, ce qui provoque une diarrh\u00e9e \u00e9pid\u00e9mique chez les chiens.<\/p>","protected":false},"featured_media":1216,"comment_status":"open","ping_status":"closed","template":"","meta":[],"product_brand":[],"product_cat":[20,47],"product_tag":[],"class_list":{"0":"post-1218","1":"product","2":"type-product","3":"status-publish","4":"has-post-thumbnail","6":"product_cat-all-products","7":"product_cat-animals-diagnostic-rapid-test","8":"entry","10":"first","11":"instock","12":"shipping-taxable","13":"product-type-simple"},"_links":{"self":[{"href":"https:\/\/www.testsealabs-kit.com\/fr\/wp-json\/wp\/v2\/product\/1218","targetHints":{"allow":["GET"]}}],"collection":[{"href":"https:\/\/www.testsealabs-kit.com\/fr\/wp-json\/wp\/v2\/product"}],"about":[{"href":"https:\/\/www.testsealabs-kit.com\/fr\/wp-json\/wp\/v2\/types\/product"}],"replies":[{"embeddable":true,"href":"https:\/\/www.testsealabs-kit.com\/fr\/wp-json\/wp\/v2\/comments?post=1218"}],"wp:featuredmedia":[{"embeddable":true,"href":"https:\/\/www.testsealabs-kit.com\/fr\/wp-json\/wp\/v2\/media\/1216"}],"wp:attachment":[{"href":"https:\/\/www.testsealabs-kit.com\/fr\/wp-json\/wp\/v2\/media?parent=1218"}],"wp:term":[{"taxonomy":"product_brand","embeddable":true,"href":"https:\/\/www.testsealabs-kit.com\/fr\/wp-json\/wp\/v2\/product_brand?post=1218"},{"taxonomy":"product_cat","embeddable":true,"href":"https:\/\/www.testsealabs-kit.com\/fr\/wp-json\/wp\/v2\/product_cat?post=1218"},{"taxonomy":"product_tag","embeddable":true,"href":"https:\/\/www.testsealabs-kit.com\/fr\/wp-json\/wp\/v2\/product_tag?post=1218"}],"curies":[{"name":"wp","href":"https:\/\/api.w.org\/{rel}","templated":true}]}}