{"id":1222,"date":"2022-05-19T11:29:08","date_gmt":"2022-05-19T03:29:08","guid":{"rendered":"https:\/\/www.testsealabs-kit.com\/?post_type=product&#038;p=1222"},"modified":"2022-05-19T11:29:08","modified_gmt":"2022-05-19T03:29:08","slug":"pregnancy-relaxin-testrln","status":"publish","type":"product","link":"https:\/\/www.testsealabs-kit.com\/fr\/produit\/pregnancy-relaxin-testrln\/","title":{"rendered":"Test de grossesse \u00e0 la relaxine (RLN)"},"content":{"rendered":"<p><span style=\"font-size: 14pt;\">1. obtenir un r\u00e9sultat dans les 15 minutes<\/span><br \/>\n<span style=\"font-size: 14pt;\">2. facilit\u00e9 de collecte des \u00e9chantillons<\/span><br \/>\n<span style=\"font-size: 14pt;\">3. les r\u00e9sultats sont clairement visibles<\/span><br \/>\n<span style=\"font-size: 14pt;\">4. aucun \u00e9quipement n'est n\u00e9cessaire<\/span><br \/>\n<span style=\"font-size: 14pt;\">5. convient au d\u00e9pistage rapide \u00e0 grande \u00e9chelle<\/span><\/p>","protected":false},"excerpt":{"rendered":"<p>Le produit est une hormone sp\u00e9cifique g\u00e9n\u00e9r\u00e9e principalement par le placenta. Il est g\u00e9n\u00e9ralement utilis\u00e9 comme indicateur de l'\u00e9tat de gestation chez les chiennes. Chez les chiennes en gestation, la relaxine peut \u00eatre d\u00e9tect\u00e9e \u00e0 partir de 15 jours apr\u00e8s la nidation de l'ovule f\u00e9cond\u00e9 dans la paroi de l'ut\u00e9rus. Le Pregnancy Relaxin RLN Test est un test rapide permettant de d\u00e9tecter la relaxine chez les chiennes susceptibles d'\u00eatre gestantes. La p\u00e9riode de d\u00e9tection sugg\u00e9r\u00e9e est de 22 \u00e0 30 jours apr\u00e8s la saillie. Une d\u00e9tection trop pr\u00e9coce peut conduire \u00e0 un r\u00e9sultat n\u00e9gatif lorsque le taux de relaxine dans le s\u00e9rum est trop faible. Il est conseill\u00e9 de r\u00e9p\u00e9ter le test apr\u00e8s une semaine si un r\u00e9sultat n\u00e9gatif a \u00e9t\u00e9 observ\u00e9.<\/p>\n<p>Le Canine Pregnancy Relaxin Test est un test immunologique chromatographique rapide pour la d\u00e9tection qualitative de la realxine dans les \u00e9chantillons de s\u00e9rum.<\/p>","protected":false},"featured_media":1216,"comment_status":"open","ping_status":"closed","template":"","meta":[],"product_brand":[],"product_cat":[20,47],"product_tag":[],"class_list":{"0":"post-1222","1":"product","2":"type-product","3":"status-publish","4":"has-post-thumbnail","6":"product_cat-all-products","7":"product_cat-animals-diagnostic-rapid-test","8":"entry","10":"first","11":"instock","12":"shipping-taxable","13":"product-type-simple"},"_links":{"self":[{"href":"https:\/\/www.testsealabs-kit.com\/fr\/wp-json\/wp\/v2\/product\/1222","targetHints":{"allow":["GET"]}}],"collection":[{"href":"https:\/\/www.testsealabs-kit.com\/fr\/wp-json\/wp\/v2\/product"}],"about":[{"href":"https:\/\/www.testsealabs-kit.com\/fr\/wp-json\/wp\/v2\/types\/product"}],"replies":[{"embeddable":true,"href":"https:\/\/www.testsealabs-kit.com\/fr\/wp-json\/wp\/v2\/comments?post=1222"}],"wp:featuredmedia":[{"embeddable":true,"href":"https:\/\/www.testsealabs-kit.com\/fr\/wp-json\/wp\/v2\/media\/1216"}],"wp:attachment":[{"href":"https:\/\/www.testsealabs-kit.com\/fr\/wp-json\/wp\/v2\/media?parent=1222"}],"wp:term":[{"taxonomy":"product_brand","embeddable":true,"href":"https:\/\/www.testsealabs-kit.com\/fr\/wp-json\/wp\/v2\/product_brand?post=1222"},{"taxonomy":"product_cat","embeddable":true,"href":"https:\/\/www.testsealabs-kit.com\/fr\/wp-json\/wp\/v2\/product_cat?post=1222"},{"taxonomy":"product_tag","embeddable":true,"href":"https:\/\/www.testsealabs-kit.com\/fr\/wp-json\/wp\/v2\/product_tag?post=1222"}],"curies":[{"name":"wp","href":"https:\/\/api.w.org\/{rel}","templated":true}]}}