{"id":1232,"date":"2022-05-19T11:54:52","date_gmt":"2022-05-19T03:54:52","guid":{"rendered":"https:\/\/www.testsealabs-kit.com\/?post_type=product&#038;p=1232"},"modified":"2025-10-23T10:22:03","modified_gmt":"2025-10-23T02:22:03","slug":"feline-toxoplasma-antibody-testf-toxo-ab","status":"publish","type":"product","link":"https:\/\/www.testsealabs-kit.com\/fr\/produit\/feline-toxoplasma-antibody-testf-toxo-ab\/","title":{"rendered":"Test de d\u00e9pistage des anticorps de la toxoplasmose f\u00e9line (F.TOXO Ab)"},"content":{"rendered":"<p><span style=\"font-size: 14pt;\">1. obtenir un r\u00e9sultat dans les 15 minutes<\/span><br \/>\n<span style=\"font-size: 14pt;\">2. facilit\u00e9 de collecte des \u00e9chantillons<\/span><br \/>\n<span style=\"font-size: 14pt;\">3. les r\u00e9sultats sont clairement visibles<\/span><br \/>\n<span style=\"font-size: 14pt;\">4. aucun \u00e9quipement n'est n\u00e9cessaire<\/span><br \/>\n<span style=\"font-size: 14pt;\">5. convient au d\u00e9pistage rapide \u00e0 grande \u00e9chelle<\/span><\/p>","protected":false},"excerpt":{"rendered":"<p>Le produit est un test immunochromatographique qualitatif \u00e0 flux lat\u00e9ral bas\u00e9 sur l'or collo\u00efdal pour la d\u00e9tection de l'anticorps anti-Toxoplasma.<\/p>\n<p>&nbsp;<\/p>\n<p>La toxoplasmose est une zoonose caus\u00e9e par Toxoplasma gondii, qui est r\u00e9pandue dans le monde entier et met gravement en danger la sant\u00e9 humaine. Toxoplasma gondii peut infecter toutes sortes d'animaux d'\u00e9levage et d'animaux sauvages, mais c'est chez les jeunes animaux qu'il est le plus sensible. La principale voie d'infection est la voie orale. Lorsque le sporocyste de Toxoplasma gondii est aval\u00e9 par un chat sain, il s'\u00e9chappe du tractus intestinal et p\u00e9n\u00e8tre dans le tissu de l'organisme par la circulation sanguine, puis envahit les cellules, y prolif\u00e8re rapidement et se transforme en pseudokyste intracellulaire, provoquant des sympt\u00f4mes cliniques.<\/p>","protected":false},"featured_media":1216,"comment_status":"open","ping_status":"closed","template":"","meta":[],"product_brand":[],"product_cat":[20,47],"product_tag":[],"class_list":{"0":"post-1232","1":"product","2":"type-product","3":"status-publish","4":"has-post-thumbnail","6":"product_cat-all-products","7":"product_cat-animals-diagnostic-rapid-test","8":"entry","10":"first","11":"instock","12":"shipping-taxable","13":"product-type-simple"},"_links":{"self":[{"href":"https:\/\/www.testsealabs-kit.com\/fr\/wp-json\/wp\/v2\/product\/1232","targetHints":{"allow":["GET"]}}],"collection":[{"href":"https:\/\/www.testsealabs-kit.com\/fr\/wp-json\/wp\/v2\/product"}],"about":[{"href":"https:\/\/www.testsealabs-kit.com\/fr\/wp-json\/wp\/v2\/types\/product"}],"replies":[{"embeddable":true,"href":"https:\/\/www.testsealabs-kit.com\/fr\/wp-json\/wp\/v2\/comments?post=1232"}],"wp:featuredmedia":[{"embeddable":true,"href":"https:\/\/www.testsealabs-kit.com\/fr\/wp-json\/wp\/v2\/media\/1216"}],"wp:attachment":[{"href":"https:\/\/www.testsealabs-kit.com\/fr\/wp-json\/wp\/v2\/media?parent=1232"}],"wp:term":[{"taxonomy":"product_brand","embeddable":true,"href":"https:\/\/www.testsealabs-kit.com\/fr\/wp-json\/wp\/v2\/product_brand?post=1232"},{"taxonomy":"product_cat","embeddable":true,"href":"https:\/\/www.testsealabs-kit.com\/fr\/wp-json\/wp\/v2\/product_cat?post=1232"},{"taxonomy":"product_tag","embeddable":true,"href":"https:\/\/www.testsealabs-kit.com\/fr\/wp-json\/wp\/v2\/product_tag?post=1232"}],"curies":[{"name":"wp","href":"https:\/\/api.w.org\/{rel}","templated":true}]}}