{"id":1236,"date":"2022-05-19T12:01:39","date_gmt":"2022-05-19T04:01:39","guid":{"rendered":"https:\/\/www.testsealabs-kit.com\/?post_type=product&#038;p=1236"},"modified":"2022-05-19T12:01:40","modified_gmt":"2022-05-19T04:01:40","slug":"feline-herps-feline-calicivirus-virus-testfhv-fcv","status":"publish","type":"product","link":"https:\/\/www.testsealabs-kit.com\/fr\/produit\/feline-herps-feline-calicivirus-virus-testfhv-fcv\/","title":{"rendered":"Test de d\u00e9pistage du virus de l'herp\u00e8s f\u00e9lin et du calicivirus f\u00e9lin (FHV\/FCV)"},"content":{"rendered":"<p><span style=\"font-size: 14pt;\">1. obtenir un r\u00e9sultat dans les 15 minutes<\/span><br \/>\n<span style=\"font-size: 14pt;\">2. facilit\u00e9 de collecte des \u00e9chantillons<\/span><br \/>\n<span style=\"font-size: 14pt;\">3. les r\u00e9sultats sont clairement visibles<\/span><br \/>\n<span style=\"font-size: 14pt;\">4. aucun \u00e9quipement n'est n\u00e9cessaire<\/span><br \/>\n<span style=\"font-size: 14pt;\">5. convient au d\u00e9pistage rapide \u00e0 grande \u00e9chelle<\/span><\/p>","protected":false},"excerpt":{"rendered":"<p>Le produit est un test immunochromatographique \u00e0 flux lat\u00e9ral pour la d\u00e9tection qualitative de l'antig\u00e8ne du calicivirus f\u00e9lin (FCV Ag) et de l'antig\u00e8ne de l'herp\u00e8svirus (FHV) dans les s\u00e9cr\u00e9tions salivaires, oculaires et conjonctivales du chat.<\/p>","protected":false},"featured_media":1216,"comment_status":"open","ping_status":"closed","template":"","meta":[],"product_brand":[],"product_cat":[20,47],"product_tag":[],"class_list":{"0":"post-1236","1":"product","2":"type-product","3":"status-publish","4":"has-post-thumbnail","6":"product_cat-all-products","7":"product_cat-animals-diagnostic-rapid-test","8":"entry","10":"first","11":"instock","12":"shipping-taxable","13":"product-type-simple"},"_links":{"self":[{"href":"https:\/\/www.testsealabs-kit.com\/fr\/wp-json\/wp\/v2\/product\/1236","targetHints":{"allow":["GET"]}}],"collection":[{"href":"https:\/\/www.testsealabs-kit.com\/fr\/wp-json\/wp\/v2\/product"}],"about":[{"href":"https:\/\/www.testsealabs-kit.com\/fr\/wp-json\/wp\/v2\/types\/product"}],"replies":[{"embeddable":true,"href":"https:\/\/www.testsealabs-kit.com\/fr\/wp-json\/wp\/v2\/comments?post=1236"}],"wp:featuredmedia":[{"embeddable":true,"href":"https:\/\/www.testsealabs-kit.com\/fr\/wp-json\/wp\/v2\/media\/1216"}],"wp:attachment":[{"href":"https:\/\/www.testsealabs-kit.com\/fr\/wp-json\/wp\/v2\/media?parent=1236"}],"wp:term":[{"taxonomy":"product_brand","embeddable":true,"href":"https:\/\/www.testsealabs-kit.com\/fr\/wp-json\/wp\/v2\/product_brand?post=1236"},{"taxonomy":"product_cat","embeddable":true,"href":"https:\/\/www.testsealabs-kit.com\/fr\/wp-json\/wp\/v2\/product_cat?post=1236"},{"taxonomy":"product_tag","embeddable":true,"href":"https:\/\/www.testsealabs-kit.com\/fr\/wp-json\/wp\/v2\/product_tag?post=1236"}],"curies":[{"name":"wp","href":"https:\/\/api.w.org\/{rel}","templated":true}]}}