{"id":1252,"date":"2022-05-19T13:46:30","date_gmt":"2022-05-19T05:46:30","guid":{"rendered":"https:\/\/www.testsealabs-kit.com\/?post_type=product&#038;p=1252"},"modified":"2022-05-19T13:46:31","modified_gmt":"2022-05-19T05:46:31","slug":"covid-19-igg-igm-test-cassette","status":"publish","type":"product","link":"https:\/\/www.testsealabs-kit.com\/fr\/produit\/covid-19-igg-igm-test-cassette\/","title":{"rendered":"Cassette de test COVID-19 IgG\/ IgM"},"content":{"rendered":"<p><span style=\"font-size: 14pt;\">1. obtenir un r\u00e9sultat dans les 15 minutes<\/span><br \/>\n<span style=\"font-size: 14pt;\">2. facilit\u00e9 de collecte des \u00e9chantillons<\/span><br \/>\n<span style=\"font-size: 14pt;\">3. les r\u00e9sultats sont clairement visibles<\/span><br \/>\n<span style=\"font-size: 14pt;\">4. aucun \u00e9quipement n'est n\u00e9cessaire<\/span><br \/>\n<span style=\"font-size: 14pt;\">5. convient au d\u00e9pistage rapide \u00e0 grande \u00e9chelle<\/span><\/p>","protected":false},"excerpt":{"rendered":"<p>Le test rapide COVID-19 IgG\/IgM est con\u00e7u pour la d\u00e9tection qualitative des anticorps IgG et IgM dirig\u00e9s contre le virus SARS-CoV-2 dans les \u00e9chantillons de sang total, de s\u00e9rum ou de plasma.<\/p>","protected":false},"featured_media":1253,"comment_status":"open","ping_status":"closed","template":"","meta":[],"product_brand":[],"product_cat":[20,26],"product_tag":[],"class_list":{"0":"post-1252","1":"product","2":"type-product","3":"status-publish","4":"has-post-thumbnail","6":"product_cat-all-products","7":"product_cat-covid-19-sars-cov-2-rapid-test","8":"entry","10":"first","11":"instock","12":"shipping-taxable","13":"product-type-simple"},"_links":{"self":[{"href":"https:\/\/www.testsealabs-kit.com\/fr\/wp-json\/wp\/v2\/product\/1252","targetHints":{"allow":["GET"]}}],"collection":[{"href":"https:\/\/www.testsealabs-kit.com\/fr\/wp-json\/wp\/v2\/product"}],"about":[{"href":"https:\/\/www.testsealabs-kit.com\/fr\/wp-json\/wp\/v2\/types\/product"}],"replies":[{"embeddable":true,"href":"https:\/\/www.testsealabs-kit.com\/fr\/wp-json\/wp\/v2\/comments?post=1252"}],"wp:featuredmedia":[{"embeddable":true,"href":"https:\/\/www.testsealabs-kit.com\/fr\/wp-json\/wp\/v2\/media\/1253"}],"wp:attachment":[{"href":"https:\/\/www.testsealabs-kit.com\/fr\/wp-json\/wp\/v2\/media?parent=1252"}],"wp:term":[{"taxonomy":"product_brand","embeddable":true,"href":"https:\/\/www.testsealabs-kit.com\/fr\/wp-json\/wp\/v2\/product_brand?post=1252"},{"taxonomy":"product_cat","embeddable":true,"href":"https:\/\/www.testsealabs-kit.com\/fr\/wp-json\/wp\/v2\/product_cat?post=1252"},{"taxonomy":"product_tag","embeddable":true,"href":"https:\/\/www.testsealabs-kit.com\/fr\/wp-json\/wp\/v2\/product_tag?post=1252"}],"curies":[{"name":"wp","href":"https:\/\/api.w.org\/{rel}","templated":true}]}}