{"id":912,"date":"2022-04-25T20:27:28","date_gmt":"2022-04-25T12:27:28","guid":{"rendered":"https:\/\/www.testsealabs-kit.com\/?post_type=product&#038;p=912"},"modified":"2026-03-25T14:11:57","modified_gmt":"2026-03-25T06:11:57","slug":"sars-cov-2-neutralizing-antibody-test-cassette-professional-use","status":"publish","type":"product","link":"https:\/\/www.testsealabs-kit.com\/fr\/produit\/sars-cov-2-neutralizing-antibody-test-cassette-professional-use\/","title":{"rendered":"Cassette de test d'anticorps neutralisant SARS-CoV-2 - Usage professionnel"},"content":{"rendered":"<p>\u3010Utilisation pr\u00e9vue\u3011<\/p>\n<p>La cassette de test de neutralisation des anticorps anti-SRAS-CoV-2 est un test immunologique chromatographique rapide pour la d\u00e9tection des anticorps anti-SRAS-CoV-2 et des anticorps anti-SRAS-CoV-2.<\/p>\n<p>d\u00e9tection semi-quantitative d'anticorps neutralisants dirig\u00e9s contre le coronavirus 2019 dans le sang total, le s\u00e9rum ou le plasma humains, en tant qu'aide \u00e0 l'\u00e9valuation des titres d'anticorps neutralisants humains dirig\u00e9s contre les nouveaux coronavirus.<\/p>\n<p>coronavirus.<\/p>\n<p>\u3010Certificate\u3011<\/p>\n<p>CE,ISO9001,ISO13485<\/p>","protected":false},"excerpt":{"rendered":"<p>COVID-19 Antigen Test Cassette-self test \u7b80\u77ed\u63cf\u8ff0<\/p>","protected":false},"featured_media":929,"comment_status":"open","ping_status":"closed","template":"","meta":[],"product_brand":[],"product_cat":[20,26],"product_tag":[],"class_list":{"0":"post-912","1":"product","2":"type-product","3":"status-publish","4":"has-post-thumbnail","6":"product_cat-all-products","7":"product_cat-covid-19-sars-cov-2-rapid-test","8":"entry","10":"first","11":"instock","12":"shipping-taxable","13":"purchasable","14":"product-type-variable","15":"has-default-attributes"},"_links":{"self":[{"href":"https:\/\/www.testsealabs-kit.com\/fr\/wp-json\/wp\/v2\/product\/912","targetHints":{"allow":["GET"]}}],"collection":[{"href":"https:\/\/www.testsealabs-kit.com\/fr\/wp-json\/wp\/v2\/product"}],"about":[{"href":"https:\/\/www.testsealabs-kit.com\/fr\/wp-json\/wp\/v2\/types\/product"}],"replies":[{"embeddable":true,"href":"https:\/\/www.testsealabs-kit.com\/fr\/wp-json\/wp\/v2\/comments?post=912"}],"wp:featuredmedia":[{"embeddable":true,"href":"https:\/\/www.testsealabs-kit.com\/fr\/wp-json\/wp\/v2\/media\/929"}],"wp:attachment":[{"href":"https:\/\/www.testsealabs-kit.com\/fr\/wp-json\/wp\/v2\/media?parent=912"}],"wp:term":[{"taxonomy":"product_brand","embeddable":true,"href":"https:\/\/www.testsealabs-kit.com\/fr\/wp-json\/wp\/v2\/product_brand?post=912"},{"taxonomy":"product_cat","embeddable":true,"href":"https:\/\/www.testsealabs-kit.com\/fr\/wp-json\/wp\/v2\/product_cat?post=912"},{"taxonomy":"product_tag","embeddable":true,"href":"https:\/\/www.testsealabs-kit.com\/fr\/wp-json\/wp\/v2\/product_tag?post=912"}],"curies":[{"name":"wp","href":"https:\/\/api.w.org\/{rel}","templated":true}]}}