{"id":932,"date":"2022-04-25T20:35:08","date_gmt":"2022-04-25T12:35:08","guid":{"rendered":"https:\/\/www.testsealabs-kit.com\/?post_type=product&#038;p=932"},"modified":"2022-04-29T22:50:01","modified_gmt":"2022-04-29T14:50:01","slug":"covid-19-antigen-test-cassette-professional-use-lollipop-style-saliva","status":"publish","type":"product","link":"https:\/\/www.testsealabs-kit.com\/fr\/produit\/covid-19-antigen-test-cassette-professional-use-lollipop-style-saliva\/","title":{"rendered":"COVID-19 Antigen Test Cassette-Professional use-Lollipop style Saliva"},"content":{"rendered":"<p>\u3010Utilisation pr\u00e9vue\u3011<\/p>\n<p>La cassette de test de l'antig\u00e8ne COVID-19 est un test rapide pour la d\u00e9tection qualitative de l'antig\u00e8ne de la nucl\u00e9ocapside du SARS-CoV-2 dans les \u00e9chantillons de salive. Elle est utilis\u00e9e pour faciliter le diagnostic de l'infection par le SARS-CoV-2 susceptible d'entra\u00eener la maladie COVID-19.<\/p>\n<p>Le test peut \u00eatre effectu\u00e9 \u00e0 tout moment et convient aussi bien aux personnes symptomatiques qu'asymptomatiques. Les mineurs doivent \u00eatre assist\u00e9s par des adultes lors du test.<\/p>\n<p>Il est recommand\u00e9 d'utiliser ce test uniquement en compl\u00e9ment d'autres proc\u00e9dures de diagnostic. Le test est con\u00e7u pour un usage professionnel.<\/p>\n<p>\u3010Certificate\u3011<\/p>\n<p>CE,ISO9001,ISO13485<\/p>","protected":false},"excerpt":{"rendered":"<p>COVID-19 Antigen Test Cassette-self test \u7b80\u77ed\u63cf\u8ff0<\/p>","protected":false},"featured_media":939,"comment_status":"open","ping_status":"closed","template":"","meta":[],"product_brand":[],"product_cat":[20,26],"product_tag":[],"class_list":{"0":"post-932","1":"product","2":"type-product","3":"status-publish","4":"has-post-thumbnail","6":"product_cat-all-products","7":"product_cat-covid-19-sars-cov-2-rapid-test","8":"entry","10":"first","11":"instock","12":"shipping-taxable","13":"purchasable","14":"product-type-variable","15":"has-default-attributes"},"_links":{"self":[{"href":"https:\/\/www.testsealabs-kit.com\/fr\/wp-json\/wp\/v2\/product\/932","targetHints":{"allow":["GET"]}}],"collection":[{"href":"https:\/\/www.testsealabs-kit.com\/fr\/wp-json\/wp\/v2\/product"}],"about":[{"href":"https:\/\/www.testsealabs-kit.com\/fr\/wp-json\/wp\/v2\/types\/product"}],"replies":[{"embeddable":true,"href":"https:\/\/www.testsealabs-kit.com\/fr\/wp-json\/wp\/v2\/comments?post=932"}],"wp:featuredmedia":[{"embeddable":true,"href":"https:\/\/www.testsealabs-kit.com\/fr\/wp-json\/wp\/v2\/media\/939"}],"wp:attachment":[{"href":"https:\/\/www.testsealabs-kit.com\/fr\/wp-json\/wp\/v2\/media?parent=932"}],"wp:term":[{"taxonomy":"product_brand","embeddable":true,"href":"https:\/\/www.testsealabs-kit.com\/fr\/wp-json\/wp\/v2\/product_brand?post=932"},{"taxonomy":"product_cat","embeddable":true,"href":"https:\/\/www.testsealabs-kit.com\/fr\/wp-json\/wp\/v2\/product_cat?post=932"},{"taxonomy":"product_tag","embeddable":true,"href":"https:\/\/www.testsealabs-kit.com\/fr\/wp-json\/wp\/v2\/product_tag?post=932"}],"curies":[{"name":"wp","href":"https:\/\/api.w.org\/{rel}","templated":true}]}}