{"id":945,"date":"2022-04-25T20:40:10","date_gmt":"2022-04-25T12:40:10","guid":{"rendered":"https:\/\/www.testsealabs-kit.com\/?post_type=product&#038;p=945"},"modified":"2022-05-10T23:01:59","modified_gmt":"2022-05-10T15:01:59","slug":"flu-a-b-covid-19-antigen-combo-test-cassette-professional-use","status":"publish","type":"product","link":"https:\/\/www.testsealabs-kit.com\/fr\/produit\/flu-a-b-covid-19-antigen-combo-test-cassette-professional-use\/","title":{"rendered":"Cassette de test combin\u00e9 grippe A\/B + antig\u00e8ne COVID-19 - Usage professionnel"},"content":{"rendered":"<p>\u3010Utilisation pr\u00e9vue\u3011<\/p>\n<p>Le test est destin\u00e9 \u00e0 \u00eatre utilis\u00e9 pour la d\u00e9tection rapide simultan\u00e9e in vitro et la diff\u00e9renciation de<\/p>\n<p>l'antig\u00e8ne de la prot\u00e9ine de la nucl\u00e9ocapside du virus de la grippe A, du virus de la grippe B et du virus COVID-19, mais pas l'antig\u00e8ne de la prot\u00e9ine de la nucl\u00e9ocapside du virus COVID-19.<\/p>\n<p>ne diff\u00e9rencie pas les virus SARS-CoV et COVID-19 et n'est pas destin\u00e9 \u00e0 d\u00e9tecter les virus de la grippe aviaire.<\/p>\n<p>antig\u00e8nes de la grippe C. Les caract\u00e9ristiques de performance peuvent varier par rapport \u00e0 d'autres antig\u00e8nes grippaux \u00e9mergents.<\/p>\n<p>virus.<\/p>\n<p>Les antig\u00e8nes des virus de la grippe A, de la grippe B et du COVID-19 sont g\u00e9n\u00e9ralement d\u00e9tectables dans les \u00e9chantillons des voies respiratoires sup\u00e9rieures pendant la phase aigu\u00eb de l'infection. Les r\u00e9sultats positifs indiquent la pr\u00e9sence d'antig\u00e8nes viraux, mais une corr\u00e9lation clinique avec les ant\u00e9c\u00e9dents du patient et d'autres informations diagnostiques est n\u00e9cessaire pour d\u00e9terminer le statut de l'infection.<\/p>\n<p>Les r\u00e9sultats positifs n'excluent pas une infection bact\u00e9rienne ou une co-infection avec d'autres virus. L'agent<\/p>\n<p>d\u00e9tect\u00e9 peut ne pas \u00eatre la cause d\u00e9finitive de la maladie.<\/p>\n<p>Les r\u00e9sultats n\u00e9gatifs du COVID-19, obtenus chez des patients dont les sympt\u00f4mes sont apparus apr\u00e8s cinq jours, doivent \u00eatre<\/p>\n<p>trait\u00e9e comme une pr\u00e9somption et confirmation par un test mol\u00e9culaire, si n\u00e9cessaire, pour le patient.<\/p>\n<p>peut \u00eatre effectu\u00e9e. Des r\u00e9sultats n\u00e9gatifs n'excluent pas la pr\u00e9sence de COVID-19 et ne doivent pas \u00eatre consid\u00e9r\u00e9s comme une menace pour la sant\u00e9.<\/p>\n<p>utilis\u00e9s comme seule base pour les d\u00e9cisions relatives au traitement ou \u00e0 la prise en charge du patient, y compris l'infection<\/p>\n<p>les d\u00e9cisions de contr\u00f4le. Les r\u00e9sultats n\u00e9gatifs doivent \u00eatre pris en compte dans le contexte de l'\u00e9volution r\u00e9cente de l'\u00e9tat de sant\u00e9 du patient.<\/p>\n<p>les expositions, les ant\u00e9c\u00e9dents et la pr\u00e9sence de signes cliniques et de sympt\u00f4mes compatibles avec le COVID-19.<\/p>\n<p>Les r\u00e9sultats n\u00e9gatifs n'excluent pas les infections par le virus de la grippe et ne doivent pas \u00eatre utilis\u00e9s comme seul crit\u00e8re d'\u00e9valuation.<\/p>\n<p>la base du traitement ou d'autres d\u00e9cisions relatives \u00e0 la prise en charge du patient.<\/p>\n<p>\u3010Certificate\u3011<\/p>\n<p>CE,ISO9001,ISO13485<\/p>","protected":false},"excerpt":{"rendered":"<p>COVID-19 Antigen Test Cassette-self test \u7b80\u77ed\u63cf\u8ff0<\/p>","protected":false},"featured_media":948,"comment_status":"open","ping_status":"closed","template":"","meta":[],"product_brand":[],"product_cat":[20,26],"product_tag":[],"class_list":{"0":"post-945","1":"product","2":"type-product","3":"status-publish","4":"has-post-thumbnail","6":"product_cat-all-products","7":"product_cat-covid-19-sars-cov-2-rapid-test","8":"entry","10":"first","11":"instock","12":"shipping-taxable","13":"purchasable","14":"product-type-variable","15":"has-default-attributes"},"_links":{"self":[{"href":"https:\/\/www.testsealabs-kit.com\/fr\/wp-json\/wp\/v2\/product\/945","targetHints":{"allow":["GET"]}}],"collection":[{"href":"https:\/\/www.testsealabs-kit.com\/fr\/wp-json\/wp\/v2\/product"}],"about":[{"href":"https:\/\/www.testsealabs-kit.com\/fr\/wp-json\/wp\/v2\/types\/product"}],"replies":[{"embeddable":true,"href":"https:\/\/www.testsealabs-kit.com\/fr\/wp-json\/wp\/v2\/comments?post=945"}],"wp:featuredmedia":[{"embeddable":true,"href":"https:\/\/www.testsealabs-kit.com\/fr\/wp-json\/wp\/v2\/media\/948"}],"wp:attachment":[{"href":"https:\/\/www.testsealabs-kit.com\/fr\/wp-json\/wp\/v2\/media?parent=945"}],"wp:term":[{"taxonomy":"product_brand","embeddable":true,"href":"https:\/\/www.testsealabs-kit.com\/fr\/wp-json\/wp\/v2\/product_brand?post=945"},{"taxonomy":"product_cat","embeddable":true,"href":"https:\/\/www.testsealabs-kit.com\/fr\/wp-json\/wp\/v2\/product_cat?post=945"},{"taxonomy":"product_tag","embeddable":true,"href":"https:\/\/www.testsealabs-kit.com\/fr\/wp-json\/wp\/v2\/product_tag?post=945"}],"curies":[{"name":"wp","href":"https:\/\/api.w.org\/{rel}","templated":true}]}}