{"id":986,"date":"2022-04-25T21:13:28","date_gmt":"2022-04-25T13:13:28","guid":{"rendered":"https:\/\/www.testsealabs-kit.com\/?post_type=product&#038;p=986"},"modified":"2026-03-25T14:11:30","modified_gmt":"2026-03-25T06:11:30","slug":"influenza-ab-test-cassette-professional-use","status":"publish","type":"product","link":"https:\/\/www.testsealabs-kit.com\/fr\/produit\/influenza-ab-test-cassette-professional-use\/","title":{"rendered":"Cassette de test de la grippe A et B - Usage professionnel"},"content":{"rendered":"<p>\u3010Utilisation pr\u00e9vue\u3011<\/p>\n<p>La cassette de test rapide Influenza A&amp;B est un immunodosage chromatographique rapide pour le d\u00e9pistage de l'influenza.<\/p>\n<p>d\u00e9tection qualitative des antig\u00e8nes de la grippe A et B dans les \u00e9chantillons d'\u00e9couvillons nasaux. Il est destin\u00e9 \u00e0 faciliter le diagnostic diff\u00e9rentiel rapide des infections virales par les virus de la grippe A et B.<\/p>\n<p>\u3010Certificate\u3011<\/p>\n<p>CE,ISO9001,ISO13485<\/p>","protected":false},"excerpt":{"rendered":"<p>\u3010Intended use\u3011 The Influenza A&amp;B Rapid Test Cassette is a rapid chromatographic immunoassay for the qualitative detection of influenza A and B antigens in nasal swab specimens. It is intended to aid in the rapid differential diagnosis of influenza A and B viral infections. \u3010Certificate\u3011 CE,ISO9001,ISO13485<\/p>","protected":false},"featured_media":987,"comment_status":"open","ping_status":"closed","template":"","meta":[],"product_brand":[],"product_cat":[20,53],"product_tag":[],"class_list":{"0":"post-986","1":"product","2":"type-product","3":"status-publish","4":"has-post-thumbnail","6":"product_cat-all-products","7":"product_cat-infectious-disease-rapid-test","8":"entry","10":"first","11":"instock","12":"shipping-taxable","13":"purchasable","14":"product-type-variable","15":"has-default-attributes"},"_links":{"self":[{"href":"https:\/\/www.testsealabs-kit.com\/fr\/wp-json\/wp\/v2\/product\/986","targetHints":{"allow":["GET"]}}],"collection":[{"href":"https:\/\/www.testsealabs-kit.com\/fr\/wp-json\/wp\/v2\/product"}],"about":[{"href":"https:\/\/www.testsealabs-kit.com\/fr\/wp-json\/wp\/v2\/types\/product"}],"replies":[{"embeddable":true,"href":"https:\/\/www.testsealabs-kit.com\/fr\/wp-json\/wp\/v2\/comments?post=986"}],"wp:featuredmedia":[{"embeddable":true,"href":"https:\/\/www.testsealabs-kit.com\/fr\/wp-json\/wp\/v2\/media\/987"}],"wp:attachment":[{"href":"https:\/\/www.testsealabs-kit.com\/fr\/wp-json\/wp\/v2\/media?parent=986"}],"wp:term":[{"taxonomy":"product_brand","embeddable":true,"href":"https:\/\/www.testsealabs-kit.com\/fr\/wp-json\/wp\/v2\/product_brand?post=986"},{"taxonomy":"product_cat","embeddable":true,"href":"https:\/\/www.testsealabs-kit.com\/fr\/wp-json\/wp\/v2\/product_cat?post=986"},{"taxonomy":"product_tag","embeddable":true,"href":"https:\/\/www.testsealabs-kit.com\/fr\/wp-json\/wp\/v2\/product_tag?post=986"}],"curies":[{"name":"wp","href":"https:\/\/api.w.org\/{rel}","templated":true}]}}