{"id":1217,"date":"2022-05-19T11:09:59","date_gmt":"2022-05-19T03:09:59","guid":{"rendered":"https:\/\/www.testsealabs-kit.com\/?post_type=product&#038;p=1217"},"modified":"2025-03-10T15:55:44","modified_gmt":"2025-03-10T07:55:44","slug":"canine-distemper-virus-antigen-testcdv-ag","status":"publish","type":"product","link":"https:\/\/www.testsealabs-kit.com\/hu\/termek\/canine-distemper-virus-antigen-testcdv-ag\/","title":{"rendered":"Kuty\u00e1k szopornyica v\u00edrus antig\u00e9n tesztje (CDV Ag)"},"content":{"rendered":"<p><span style=\"font-size: 14pt;\">1.Get eredm\u00e9ny 15 percen bel\u00fcl<\/span><\/p>\n<p><span style=\"font-size: 14pt;\">2.K\u00f6nnyen gy\u0171jthet\u0151 mint\u00e1k<\/span><\/p>\n<p><span style=\"font-size: 14pt;\">3.Az eredm\u00e9nyek j\u00f3l l\u00e1that\u00f3ak<\/span><\/p>\n<p><span style=\"font-size: 14pt;\">4.Nincs sz\u00fcks\u00e9g felszerel\u00e9sre<\/span><\/p>\n<p><span style=\"font-size: 14pt;\">5.Alkalmas nagyszab\u00e1s\u00fa gyors sz\u0171r\u00e9sre<\/span><\/p>","protected":false},"excerpt":{"rendered":"<p>A term\u00e9k egy later\u00e1lis \u00e1raml\u00e1sos immunkromatogr\u00e1fi\u00e1s vizsg\u00e1lat a kuty\u00e1k szopornyica v\u00edrus\u00e1nak (CDV Ag) antig\u00e9nj\u00e9nek min\u0151s\u00e9gi kimutat\u00e1s\u00e1ra ny\u00e1lb\u00f3l, szemb\u0151l \u00e9s k\u00f6t\u0151h\u00e1rtya v\u00e1lad\u00e9kb\u00f3l sz\u00e1rmaz\u00f3 v\u00e1lad\u00e9kban.<\/p>\n<p>&nbsp;<\/p>\n<p>A szopornyica vil\u00e1gszerte elterjedt akut \u00e9s er\u0151sen fert\u0151z\u0151 v\u00edrusos fert\u0151z\u0151 betegs\u00e9g. A CDV term\u00e9szetes fert\u0151z\u00e9si \u00fatvonala els\u0151sorban a fels\u0151 l\u00e9gutakon kereszt\u00fcl vezet. A CDV-vel val\u00f3 fert\u0151z\u00e9s ut\u00e1n a CDV megt\u00e1madja a b\u00e9lh\u00e1m \u00e9s a sz\u00edvizomsejtek sejtjeit. A f\u0151 klinikai t\u00fcnetek a gyomor-b\u00e9lrendszeri megbeteged\u00e9sek \u00e9s a sz\u00edvizomgyullad\u00e1s, a k\u00f6lyk\u00f6k t\u00f6bbs\u00e9g\u00e9ben sz\u00edvizomgyullad\u00e1s. A szopornyica egyfajta fert\u0151z\u0151 betegs\u00e9g, amely nagy gyakoris\u00e1ggal, magas mortalit\u00e1ssal \u00e9s gyakori kit\u00f6r\u00e9ssel j\u00e1r. K\u00fcl\u00f6nb\u00f6z\u0151 kor\u00fa, nem\u0171 \u00e9s fajt\u00e1j\u00fa kuty\u00e1k fert\u0151z\u0151dhetnek meg.<\/p>","protected":false},"featured_media":1216,"comment_status":"open","ping_status":"closed","template":"","meta":[],"product_brand":[],"product_cat":[20,47],"product_tag":[],"class_list":{"0":"post-1217","1":"product","2":"type-product","3":"status-publish","4":"has-post-thumbnail","6":"product_cat-all-products","7":"product_cat-animals-diagnostic-rapid-test","8":"entry","10":"first","11":"instock","12":"shipping-taxable","13":"product-type-simple"},"_links":{"self":[{"href":"https:\/\/www.testsealabs-kit.com\/hu\/wp-json\/wp\/v2\/product\/1217","targetHints":{"allow":["GET"]}}],"collection":[{"href":"https:\/\/www.testsealabs-kit.com\/hu\/wp-json\/wp\/v2\/product"}],"about":[{"href":"https:\/\/www.testsealabs-kit.com\/hu\/wp-json\/wp\/v2\/types\/product"}],"replies":[{"embeddable":true,"href":"https:\/\/www.testsealabs-kit.com\/hu\/wp-json\/wp\/v2\/comments?post=1217"}],"wp:featuredmedia":[{"embeddable":true,"href":"https:\/\/www.testsealabs-kit.com\/hu\/wp-json\/wp\/v2\/media\/1216"}],"wp:attachment":[{"href":"https:\/\/www.testsealabs-kit.com\/hu\/wp-json\/wp\/v2\/media?parent=1217"}],"wp:term":[{"taxonomy":"product_brand","embeddable":true,"href":"https:\/\/www.testsealabs-kit.com\/hu\/wp-json\/wp\/v2\/product_brand?post=1217"},{"taxonomy":"product_cat","embeddable":true,"href":"https:\/\/www.testsealabs-kit.com\/hu\/wp-json\/wp\/v2\/product_cat?post=1217"},{"taxonomy":"product_tag","embeddable":true,"href":"https:\/\/www.testsealabs-kit.com\/hu\/wp-json\/wp\/v2\/product_tag?post=1217"}],"curies":[{"name":"wp","href":"https:\/\/api.w.org\/{rel}","templated":true}]}}