{"id":1218,"date":"2022-05-19T11:12:44","date_gmt":"2022-05-19T03:12:44","guid":{"rendered":"https:\/\/www.testsealabs-kit.com\/?post_type=product&#038;p=1218"},"modified":"2022-05-19T11:12:44","modified_gmt":"2022-05-19T03:12:44","slug":"canine-coronavirus-antigen-testccv-ag","status":"publish","type":"product","link":"https:\/\/www.testsealabs-kit.com\/hu\/termek\/canine-coronavirus-antigen-testccv-ag\/","title":{"rendered":"Kutya koronav\u00edrus antig\u00e9n teszt (CCV Ag)"},"content":{"rendered":"<p><span style=\"font-size: 14pt;\">1.Get eredm\u00e9ny 15 percen bel\u00fcl<\/span><br \/>\n<span style=\"font-size: 14pt;\">2.K\u00f6nnyen gy\u0171jthet\u0151 mint\u00e1k<\/span><br \/>\n<span style=\"font-size: 14pt;\">3.Az eredm\u00e9nyek j\u00f3l l\u00e1that\u00f3ak<\/span><br \/>\n<span style=\"font-size: 14pt;\">4.Nincs sz\u00fcks\u00e9g felszerel\u00e9sre<\/span><br \/>\n<span style=\"font-size: 14pt;\">5.Alkalmas nagyszab\u00e1s\u00fa gyors sz\u0171r\u00e9sre<\/span><\/p>","protected":false},"excerpt":{"rendered":"<p>A term\u00e9k egy tesztkazetta a kuty\u00e1k sz\u00e9kletmint\u00e1j\u00e1ban l\u00e9v\u0151 Canine Coronavirus antig\u00e9nek jelenl\u00e9t\u00e9nek diagnosztiz\u00e1l\u00e1s\u00e1ra. A Canine Coronavirus antig\u00e9n kimutathat\u00f3 ezzel a gyorsteszttel.<\/p>\n<p>&nbsp;<\/p>\n<p>A term\u00e9k az egysz\u00e1l\u00fa RNS-v\u00edrushoz tartozik, amely k\u00fcl\u00f6nb\u00f6z\u0151 fok\u00fa gasztroenteritist okozhat, \u00e9s a k\u00f6lyk\u00f6k hal\u00e1loz\u00e1si ar\u00e1nya magasabb a fert\u0151z\u00e9st k\u00f6vet\u0151en. A CCV lappang\u00e1si ideje 1~8 nap, \u00e9s a fert\u0151z\u00e9s hamarosan \u00e1tterjed az eg\u00e9sz popul\u00e1ci\u00f3ra.  \u00c1ltal\u00e1ban a kuty\u00e1k coronav\u00edrusa \u00e9s a parvov\u00edrus keverten fert\u0151z, ami j\u00e1rv\u00e1nyos hasmen\u00e9st okoz a kuty\u00e1kn\u00e1l.<\/p>","protected":false},"featured_media":1216,"comment_status":"open","ping_status":"closed","template":"","meta":[],"product_brand":[],"product_cat":[20,47],"product_tag":[],"class_list":{"0":"post-1218","1":"product","2":"type-product","3":"status-publish","4":"has-post-thumbnail","6":"product_cat-all-products","7":"product_cat-animals-diagnostic-rapid-test","8":"entry","10":"first","11":"instock","12":"shipping-taxable","13":"product-type-simple"},"_links":{"self":[{"href":"https:\/\/www.testsealabs-kit.com\/hu\/wp-json\/wp\/v2\/product\/1218","targetHints":{"allow":["GET"]}}],"collection":[{"href":"https:\/\/www.testsealabs-kit.com\/hu\/wp-json\/wp\/v2\/product"}],"about":[{"href":"https:\/\/www.testsealabs-kit.com\/hu\/wp-json\/wp\/v2\/types\/product"}],"replies":[{"embeddable":true,"href":"https:\/\/www.testsealabs-kit.com\/hu\/wp-json\/wp\/v2\/comments?post=1218"}],"wp:featuredmedia":[{"embeddable":true,"href":"https:\/\/www.testsealabs-kit.com\/hu\/wp-json\/wp\/v2\/media\/1216"}],"wp:attachment":[{"href":"https:\/\/www.testsealabs-kit.com\/hu\/wp-json\/wp\/v2\/media?parent=1218"}],"wp:term":[{"taxonomy":"product_brand","embeddable":true,"href":"https:\/\/www.testsealabs-kit.com\/hu\/wp-json\/wp\/v2\/product_brand?post=1218"},{"taxonomy":"product_cat","embeddable":true,"href":"https:\/\/www.testsealabs-kit.com\/hu\/wp-json\/wp\/v2\/product_cat?post=1218"},{"taxonomy":"product_tag","embeddable":true,"href":"https:\/\/www.testsealabs-kit.com\/hu\/wp-json\/wp\/v2\/product_tag?post=1218"}],"curies":[{"name":"wp","href":"https:\/\/api.w.org\/{rel}","templated":true}]}}