{"id":1222,"date":"2022-05-19T11:29:08","date_gmt":"2022-05-19T03:29:08","guid":{"rendered":"https:\/\/www.testsealabs-kit.com\/?post_type=product&#038;p=1222"},"modified":"2022-05-19T11:29:08","modified_gmt":"2022-05-19T03:29:08","slug":"pregnancy-relaxin-testrln","status":"publish","type":"product","link":"https:\/\/www.testsealabs-kit.com\/hu\/termek\/pregnancy-relaxin-testrln\/","title":{"rendered":"Terhess\u00e9g Relaxin teszt (RLN)"},"content":{"rendered":"<p><span style=\"font-size: 14pt;\">1.Get eredm\u00e9ny 15 percen bel\u00fcl<\/span><br \/>\n<span style=\"font-size: 14pt;\">2.K\u00f6nnyen gy\u0171jthet\u0151 mint\u00e1k<\/span><br \/>\n<span style=\"font-size: 14pt;\">3.Az eredm\u00e9nyek j\u00f3l l\u00e1that\u00f3ak<\/span><br \/>\n<span style=\"font-size: 14pt;\">4.Nincs sz\u00fcks\u00e9g felszerel\u00e9sre<\/span><br \/>\n<span style=\"font-size: 14pt;\">5.Alkalmas nagyszab\u00e1s\u00fa gyors sz\u0171r\u00e9sre<\/span><\/p>","protected":false},"excerpt":{"rendered":"<p>A term\u00e9k egy specifikus hormon, amelyet f\u0151k\u00e9nt a m\u00e9hlep\u00e9ny termel. \u00c1ltal\u00e1ban a vemhess\u00e9gi \u00e1llapot jelz\u00e9s\u00e9re haszn\u00e1lj\u00e1k n\u0151st\u00e9ny kuty\u00e1kn\u00e1l. Vemhes kuty\u00e1kn\u00e1l a relaxin a megterm\u00e9keny\u00edtett petesejt m\u00e9hfalban t\u00f6rt\u00e9n\u0151 nid\u00e1ci\u00f3j\u00e1t k\u00f6vet\u0151 15 napt\u00f3l kimutathat\u00f3. A Vemhess\u00e9gi Relaxin RLN teszt egy gyorsteszt a relaxin kimutat\u00e1s\u00e1ra olyan szuk\u00e1kn\u00e1l, amelyek vemhesek lehetnek. A javasolt kimutat\u00e1si id\u0151szak a p\u00e1ros\u00edt\u00e1st k\u00f6vet\u0151 22-30 nap. A t\u00fal korai kimutat\u00e1s negat\u00edv eredm\u00e9nyhez vezethet, ha a sz\u00e9rumban l\u00e9v\u0151 relaxin t\u00fal alacsony. Javasolt a tesztet 1 h\u00e9t m\u00falva megism\u00e9telni, ha negat\u00edv eredm\u00e9nyt \u00e9szleltek.<\/p>\n<p>A Canine Pregnancy Relaxin Test egy gyors kromatogr\u00e1fi\u00e1s immunoassay a realxin min\u0151s\u00e9gi kimutat\u00e1s\u00e1ra sz\u00e9rum mint\u00e1kban.<\/p>","protected":false},"featured_media":1216,"comment_status":"open","ping_status":"closed","template":"","meta":[],"product_brand":[],"product_cat":[20,47],"product_tag":[],"class_list":{"0":"post-1222","1":"product","2":"type-product","3":"status-publish","4":"has-post-thumbnail","6":"product_cat-all-products","7":"product_cat-animals-diagnostic-rapid-test","8":"entry","10":"first","11":"instock","12":"shipping-taxable","13":"product-type-simple"},"_links":{"self":[{"href":"https:\/\/www.testsealabs-kit.com\/hu\/wp-json\/wp\/v2\/product\/1222","targetHints":{"allow":["GET"]}}],"collection":[{"href":"https:\/\/www.testsealabs-kit.com\/hu\/wp-json\/wp\/v2\/product"}],"about":[{"href":"https:\/\/www.testsealabs-kit.com\/hu\/wp-json\/wp\/v2\/types\/product"}],"replies":[{"embeddable":true,"href":"https:\/\/www.testsealabs-kit.com\/hu\/wp-json\/wp\/v2\/comments?post=1222"}],"wp:featuredmedia":[{"embeddable":true,"href":"https:\/\/www.testsealabs-kit.com\/hu\/wp-json\/wp\/v2\/media\/1216"}],"wp:attachment":[{"href":"https:\/\/www.testsealabs-kit.com\/hu\/wp-json\/wp\/v2\/media?parent=1222"}],"wp:term":[{"taxonomy":"product_brand","embeddable":true,"href":"https:\/\/www.testsealabs-kit.com\/hu\/wp-json\/wp\/v2\/product_brand?post=1222"},{"taxonomy":"product_cat","embeddable":true,"href":"https:\/\/www.testsealabs-kit.com\/hu\/wp-json\/wp\/v2\/product_cat?post=1222"},{"taxonomy":"product_tag","embeddable":true,"href":"https:\/\/www.testsealabs-kit.com\/hu\/wp-json\/wp\/v2\/product_tag?post=1222"}],"curies":[{"name":"wp","href":"https:\/\/api.w.org\/{rel}","templated":true}]}}