{"id":1229,"date":"2022-05-19T11:40:36","date_gmt":"2022-05-19T03:40:36","guid":{"rendered":"https:\/\/www.testsealabs-kit.com\/?post_type=product&#038;p=1229"},"modified":"2022-05-19T11:40:37","modified_gmt":"2022-05-19T03:40:37","slug":"canine-rabies-antigen-testc-rabies-ag-2","status":"publish","type":"product","link":"https:\/\/www.testsealabs-kit.com\/hu\/termek\/canine-rabies-antigen-testc-rabies-ag-2\/","title":{"rendered":"Kutyaveszetts\u00e9g antig\u00e9n teszt (C.Rabies Ag)"},"content":{"rendered":"<p><span style=\"font-size: 14pt;\">1.Get eredm\u00e9ny 15 percen bel\u00fcl<\/span><br \/>\n<span style=\"font-size: 14pt;\">2.K\u00f6nnyen gy\u0171jthet\u0151 mint\u00e1k<\/span><br \/>\n<span style=\"font-size: 14pt;\">3.Az eredm\u00e9nyek j\u00f3l l\u00e1that\u00f3ak<\/span><br \/>\n<span style=\"font-size: 14pt;\">4.Nincs sz\u00fcks\u00e9g felszerel\u00e9sre<\/span><br \/>\n<span style=\"font-size: 14pt;\">5.Alkalmas nagyszab\u00e1s\u00fa gyors sz\u0171r\u00e9sre<\/span><\/p>","protected":false},"excerpt":{"rendered":"<p>A term\u00e9k egy later\u00e1lis \u00e1raml\u00e1sos immunkromatogr\u00e1fi\u00e1s vizsg\u00e1lat a veszetts\u00e9g v\u00edrusantig\u00e9n (Rabies Ag) min\u0151s\u00e9gi kimutat\u00e1s\u00e1ra kuty\u00e1k ny\u00e1las szem- \u00e9s k\u00f6t\u0151h\u00e1rtya v\u00e1lad\u00e9k\u00e1b\u00f3l vett mint\u00e1kban.<\/p>","protected":false},"featured_media":1216,"comment_status":"open","ping_status":"closed","template":"","meta":[],"product_brand":[],"product_cat":[20,47],"product_tag":[],"class_list":{"0":"post-1229","1":"product","2":"type-product","3":"status-publish","4":"has-post-thumbnail","6":"product_cat-all-products","7":"product_cat-animals-diagnostic-rapid-test","8":"entry","10":"first","11":"instock","12":"shipping-taxable","13":"product-type-simple"},"_links":{"self":[{"href":"https:\/\/www.testsealabs-kit.com\/hu\/wp-json\/wp\/v2\/product\/1229","targetHints":{"allow":["GET"]}}],"collection":[{"href":"https:\/\/www.testsealabs-kit.com\/hu\/wp-json\/wp\/v2\/product"}],"about":[{"href":"https:\/\/www.testsealabs-kit.com\/hu\/wp-json\/wp\/v2\/types\/product"}],"replies":[{"embeddable":true,"href":"https:\/\/www.testsealabs-kit.com\/hu\/wp-json\/wp\/v2\/comments?post=1229"}],"wp:featuredmedia":[{"embeddable":true,"href":"https:\/\/www.testsealabs-kit.com\/hu\/wp-json\/wp\/v2\/media\/1216"}],"wp:attachment":[{"href":"https:\/\/www.testsealabs-kit.com\/hu\/wp-json\/wp\/v2\/media?parent=1229"}],"wp:term":[{"taxonomy":"product_brand","embeddable":true,"href":"https:\/\/www.testsealabs-kit.com\/hu\/wp-json\/wp\/v2\/product_brand?post=1229"},{"taxonomy":"product_cat","embeddable":true,"href":"https:\/\/www.testsealabs-kit.com\/hu\/wp-json\/wp\/v2\/product_cat?post=1229"},{"taxonomy":"product_tag","embeddable":true,"href":"https:\/\/www.testsealabs-kit.com\/hu\/wp-json\/wp\/v2\/product_tag?post=1229"}],"curies":[{"name":"wp","href":"https:\/\/api.w.org\/{rel}","templated":true}]}}