{"id":1231,"date":"2022-05-19T11:43:56","date_gmt":"2022-05-19T03:43:56","guid":{"rendered":"https:\/\/www.testsealabs-kit.com\/?post_type=product&#038;p=1231"},"modified":"2022-05-19T11:43:56","modified_gmt":"2022-05-19T03:43:56","slug":"canine-toxoplasma-antibody-testc-toxo-ab","status":"publish","type":"product","link":"https:\/\/www.testsealabs-kit.com\/hu\/termek\/canine-toxoplasma-antibody-testc-toxo-ab\/","title":{"rendered":"Kutyatoxoplazma antitest teszt (C.TOXO Ab)"},"content":{"rendered":"<p><span style=\"font-size: 14pt;\">1.Get eredm\u00e9ny 15 percen bel\u00fcl<\/span><br \/>\n<span style=\"font-size: 14pt;\">2.K\u00f6nnyen gy\u0171jthet\u0151 mint\u00e1k<\/span><br \/>\n<span style=\"font-size: 14pt;\">3.Az eredm\u00e9nyek j\u00f3l l\u00e1that\u00f3ak<\/span><br \/>\n<span style=\"font-size: 14pt;\">4.Nincs sz\u00fcks\u00e9g felszerel\u00e9sre<\/span><br \/>\n<span style=\"font-size: 14pt;\">5.Alkalmas nagyszab\u00e1s\u00fa gyors sz\u0171r\u00e9sre<\/span><\/p>","protected":false},"excerpt":{"rendered":"<p>A term\u00e9k egy kvalitat\u00edv, kolloid arany alap\u00fa later\u00e1lis \u00e1raml\u00e1sos immunkromatogr\u00e1fi\u00e1s teszt a Toxoplasma antitest kimutat\u00e1s\u00e1ra.<\/p>\n<p>&nbsp;<\/p>\n<p>A toxoplazm\u00f3zis egyfajta zoon\u00f3zis, amelyet a Toxoplasma gondii okoz, amely vil\u00e1gszerte elterjedt \u00e9s s\u00falyosan vesz\u00e9lyezteti az emberi eg\u00e9szs\u00e9get. A Toxoplasma gondii mindenf\u00e9le haszon\u00e1llatot \u00e9s vadon \u00e9l\u0151 \u00e1llatot megfert\u0151zhet, de legink\u00e1bb a fiatal \u00e1llatokat \u00e9rinti. A fert\u0151z\u00e9s f\u0151 \u00fatja a sz\u00e1jon \u00e1t t\u00f6rt\u00e9n\u0151 fert\u0151z\u00e9s. Amikor a Toxoplasma gondii sporatociszt\u00e1j\u00e1t egy eg\u00e9szs\u00e9ges kutya lenyeli, a b\u00e9lrendszerb\u0151l kiszabadul \u00e9s v\u00e9rkering\u00e9ssel bejut a szervezet sz\u00f6vet\u00e9be, majd behatol \u00e9s gyorsan szaporodik a sejtekben, \u00e9s intracellul\u00e1ris pszeudociszt\u00e1v\u00e1 alakul, klinikai t\u00fcneteket okozva.<\/p>","protected":false},"featured_media":1216,"comment_status":"open","ping_status":"closed","template":"","meta":[],"product_brand":[],"product_cat":[20,47],"product_tag":[],"class_list":{"0":"post-1231","1":"product","2":"type-product","3":"status-publish","4":"has-post-thumbnail","6":"product_cat-all-products","7":"product_cat-animals-diagnostic-rapid-test","8":"entry","10":"first","11":"instock","12":"shipping-taxable","13":"product-type-simple"},"_links":{"self":[{"href":"https:\/\/www.testsealabs-kit.com\/hu\/wp-json\/wp\/v2\/product\/1231","targetHints":{"allow":["GET"]}}],"collection":[{"href":"https:\/\/www.testsealabs-kit.com\/hu\/wp-json\/wp\/v2\/product"}],"about":[{"href":"https:\/\/www.testsealabs-kit.com\/hu\/wp-json\/wp\/v2\/types\/product"}],"replies":[{"embeddable":true,"href":"https:\/\/www.testsealabs-kit.com\/hu\/wp-json\/wp\/v2\/comments?post=1231"}],"wp:featuredmedia":[{"embeddable":true,"href":"https:\/\/www.testsealabs-kit.com\/hu\/wp-json\/wp\/v2\/media\/1216"}],"wp:attachment":[{"href":"https:\/\/www.testsealabs-kit.com\/hu\/wp-json\/wp\/v2\/media?parent=1231"}],"wp:term":[{"taxonomy":"product_brand","embeddable":true,"href":"https:\/\/www.testsealabs-kit.com\/hu\/wp-json\/wp\/v2\/product_brand?post=1231"},{"taxonomy":"product_cat","embeddable":true,"href":"https:\/\/www.testsealabs-kit.com\/hu\/wp-json\/wp\/v2\/product_cat?post=1231"},{"taxonomy":"product_tag","embeddable":true,"href":"https:\/\/www.testsealabs-kit.com\/hu\/wp-json\/wp\/v2\/product_tag?post=1231"}],"curies":[{"name":"wp","href":"https:\/\/api.w.org\/{rel}","templated":true}]}}