{"id":1235,"date":"2022-05-19T12:00:01","date_gmt":"2022-05-19T04:00:01","guid":{"rendered":"https:\/\/www.testsealabs-kit.com\/?post_type=product&#038;p=1235"},"modified":"2026-02-06T12:36:57","modified_gmt":"2026-02-06T04:36:57","slug":"rabies-antibody-testrabies-ab","status":"publish","type":"product","link":"https:\/\/www.testsealabs-kit.com\/hu\/termek\/rabies-antibody-testrabies-ab\/","title":{"rendered":"Veszetts\u00e9g antitest teszt (Rabies Ab)"},"content":{"rendered":"<p><span style=\"font-size: 14pt;\">1.Get eredm\u00e9ny 15 percen bel\u00fcl<\/span><br \/>\n<span style=\"font-size: 14pt;\">2.K\u00f6nnyen gy\u0171jthet\u0151 mint\u00e1k<\/span><br \/>\n<span style=\"font-size: 14pt;\">3.Az eredm\u00e9nyek j\u00f3l l\u00e1that\u00f3ak<\/span><br \/>\n<span style=\"font-size: 14pt;\">4.Nincs sz\u00fcks\u00e9g felszerel\u00e9sre<\/span><br \/>\n<span style=\"font-size: 14pt;\">5.Alkalmas nagyszab\u00e1s\u00fa gyors sz\u0171r\u00e9sre<\/span><\/p>","protected":false},"excerpt":{"rendered":"<p>A veszetts\u00e9g antitest teszt egy later\u00e1lis \u00e1raml\u00e1sos immunkromatogr\u00e1fi\u00e1s vizsg\u00e1lat a veszetts\u00e9g v\u00edrus antitest (Rabies Ab) min\u0151s\u00e9gi kimutat\u00e1s\u00e1ra 0,5IU\/ml szint felett kuty\u00e1k teljes v\u00e9r\u00e9ben\/sz\u00e9rum\u00e1ban.<\/p>\n<p>&nbsp;<\/p>\n<p>A term\u00e9k mind az \u00e1llatok, mind az emberek sz\u00e1m\u00e1ra l\u00e9tfontoss\u00e1g\u00fa betegs\u00e9g. A kutya vagy macska minden klinikai t\u00fcnet n\u00e9lk\u00fcl is lehet hordoz\u00f3. A v\u00e9d\u0151olt\u00e1s nyilv\u00e1nval\u00f3an cs\u00f6kkentheti a veszetts\u00e9g v\u00edrus hordoz\u00f3j\u00e1nak \u00e9s fert\u0151z\u00e9s\u00e9nek ar\u00e1ny\u00e1t. De m\u00e9g a vakcin\u00e1z\u00e1s ut\u00e1n is van m\u00e9g mindig k\u00f6r\u00fclbel\u00fcl 15% az \u00f6sszes esetek, amelyek nem tudtak v\u00e9d\u0151 antitesteket termelni. Javasolt a veszetts\u00e9g elleni antitestek kimutat\u00e1sa a kuty\u00e1k eset\u00e9ben 45 napos vakcin\u00e1z\u00e1s ut\u00e1n.<\/p>","protected":false},"featured_media":1216,"comment_status":"open","ping_status":"closed","template":"","meta":[],"product_brand":[],"product_cat":[20,47],"product_tag":[],"class_list":{"0":"post-1235","1":"product","2":"type-product","3":"status-publish","4":"has-post-thumbnail","6":"product_cat-all-products","7":"product_cat-animals-diagnostic-rapid-test","8":"entry","10":"first","11":"instock","12":"shipping-taxable","13":"product-type-simple"},"_links":{"self":[{"href":"https:\/\/www.testsealabs-kit.com\/hu\/wp-json\/wp\/v2\/product\/1235","targetHints":{"allow":["GET"]}}],"collection":[{"href":"https:\/\/www.testsealabs-kit.com\/hu\/wp-json\/wp\/v2\/product"}],"about":[{"href":"https:\/\/www.testsealabs-kit.com\/hu\/wp-json\/wp\/v2\/types\/product"}],"replies":[{"embeddable":true,"href":"https:\/\/www.testsealabs-kit.com\/hu\/wp-json\/wp\/v2\/comments?post=1235"}],"wp:featuredmedia":[{"embeddable":true,"href":"https:\/\/www.testsealabs-kit.com\/hu\/wp-json\/wp\/v2\/media\/1216"}],"wp:attachment":[{"href":"https:\/\/www.testsealabs-kit.com\/hu\/wp-json\/wp\/v2\/media?parent=1235"}],"wp:term":[{"taxonomy":"product_brand","embeddable":true,"href":"https:\/\/www.testsealabs-kit.com\/hu\/wp-json\/wp\/v2\/product_brand?post=1235"},{"taxonomy":"product_cat","embeddable":true,"href":"https:\/\/www.testsealabs-kit.com\/hu\/wp-json\/wp\/v2\/product_cat?post=1235"},{"taxonomy":"product_tag","embeddable":true,"href":"https:\/\/www.testsealabs-kit.com\/hu\/wp-json\/wp\/v2\/product_tag?post=1235"}],"curies":[{"name":"wp","href":"https:\/\/api.w.org\/{rel}","templated":true}]}}