{"id":1239,"date":"2022-05-19T13:23:13","date_gmt":"2022-05-19T05:23:13","guid":{"rendered":"https:\/\/www.testsealabs-kit.com\/?post_type=product&#038;p=1239"},"modified":"2022-05-19T13:23:13","modified_gmt":"2022-05-19T05:23:13","slug":"feline-giardia-antigen-testf-giardia-ag","status":"publish","type":"product","link":"https:\/\/www.testsealabs-kit.com\/hu\/termek\/feline-giardia-antigen-testf-giardia-ag\/","title":{"rendered":"Feline Giardia antig\u00e9n teszt (F.Giardia Ag)"},"content":{"rendered":"<p><span style=\"font-size: 14pt;\">1.Get eredm\u00e9ny 15 percen bel\u00fcl<\/span><br \/>\n<span style=\"font-size: 14pt;\">2.K\u00f6nnyen gy\u0171jthet\u0151 mint\u00e1k<\/span><br \/>\n<span style=\"font-size: 14pt;\">3.Az eredm\u00e9nyek j\u00f3l l\u00e1that\u00f3ak<\/span><br \/>\n<span style=\"font-size: 14pt;\">4.Nincs sz\u00fcks\u00e9g felszerel\u00e9sre<\/span><br \/>\n<span style=\"font-size: 14pt;\">5.Alkalmas nagyszab\u00e1s\u00fa gyors sz\u0171r\u00e9sre<\/span><\/p>","protected":false},"excerpt":{"rendered":"<p>A term\u00e9k egy later\u00e1lis \u00e1raml\u00e1s\u00fa immunkromatogr\u00e1fi\u00e1s teszt a Giardia antig\u00e9n (Giardia Ag) min\u0151s\u00e9gi kimutat\u00e1s\u00e1ra macska\u00fcr\u00fcl\u00e9k-mint\u00e1ban.<\/p>","protected":false},"featured_media":1216,"comment_status":"open","ping_status":"closed","template":"","meta":[],"product_brand":[],"product_cat":[20,47],"product_tag":[],"class_list":{"0":"post-1239","1":"product","2":"type-product","3":"status-publish","4":"has-post-thumbnail","6":"product_cat-all-products","7":"product_cat-animals-diagnostic-rapid-test","8":"entry","10":"first","11":"instock","12":"shipping-taxable","13":"product-type-simple"},"_links":{"self":[{"href":"https:\/\/www.testsealabs-kit.com\/hu\/wp-json\/wp\/v2\/product\/1239","targetHints":{"allow":["GET"]}}],"collection":[{"href":"https:\/\/www.testsealabs-kit.com\/hu\/wp-json\/wp\/v2\/product"}],"about":[{"href":"https:\/\/www.testsealabs-kit.com\/hu\/wp-json\/wp\/v2\/types\/product"}],"replies":[{"embeddable":true,"href":"https:\/\/www.testsealabs-kit.com\/hu\/wp-json\/wp\/v2\/comments?post=1239"}],"wp:featuredmedia":[{"embeddable":true,"href":"https:\/\/www.testsealabs-kit.com\/hu\/wp-json\/wp\/v2\/media\/1216"}],"wp:attachment":[{"href":"https:\/\/www.testsealabs-kit.com\/hu\/wp-json\/wp\/v2\/media?parent=1239"}],"wp:term":[{"taxonomy":"product_brand","embeddable":true,"href":"https:\/\/www.testsealabs-kit.com\/hu\/wp-json\/wp\/v2\/product_brand?post=1239"},{"taxonomy":"product_cat","embeddable":true,"href":"https:\/\/www.testsealabs-kit.com\/hu\/wp-json\/wp\/v2\/product_cat?post=1239"},{"taxonomy":"product_tag","embeddable":true,"href":"https:\/\/www.testsealabs-kit.com\/hu\/wp-json\/wp\/v2\/product_tag?post=1239"}],"curies":[{"name":"wp","href":"https:\/\/api.w.org\/{rel}","templated":true}]}}