{"id":749,"date":"2022-04-07T02:00:56","date_gmt":"2022-04-06T18:00:56","guid":{"rendered":"https:\/\/www.testsealabs-kit.com\/?post_type=product&#038;p=749"},"modified":"2026-04-29T19:57:30","modified_gmt":"2026-04-29T11:57:30","slug":"covid-19-antigen-test-cassette-self-test","status":"publish","type":"product","link":"https:\/\/www.testsealabs-kit.com\/hu\/termek\/covid-19-antigen-test-cassette-self-test\/","title":{"rendered":"COVID-19 antig\u00e9n teszt kazett\u00e1s \u00f6nvizsg\u00e1lat - orrmandula tampon"},"content":{"rendered":"<p>\u3010C\u00e9lzott felhaszn\u00e1l\u00e1s\u3011<\/p>\n<p>A COVID-19 antig\u00e9n tesztkazetta egy gyorsteszt a SARS-CoV-2 nukleokapszid antig\u00e9n min\u0151s\u00e9gi kimutat\u00e1s\u00e1ra az el\u00fcls\u0151 orrtamponb\u00f3l. A teszt a SARS-CoV-2 fert\u0151z\u00e9s diagn\u00f3zis\u00e1nak seg\u00edt\u00e9s\u00e9re szolg\u00e1l, amely COVID-19 betegs\u00e9ghez vezethet. A vizsg\u00e1lat b\u00e1rmikor elv\u00e9gezhet\u0151, \u00e9s alkalmas t\u00fcneteket mutat\u00f3 szem\u00e9lyek eset\u00e9ben. Kiskor\u00faaknak a teszt elv\u00e9gz\u00e9s\u00e9ben feln\u0151tteknek kell seg\u00edteni\u00fck Ezt a tesztet csak m\u00e1s diagnosztikai elj\u00e1r\u00e1sok kieg\u00e9sz\u00edt\u00e9sek\u00e9nt aj\u00e1nlott alkalmazni. A tesztet laikus felhaszn\u00e1l\u00f3k \u00e1ltali \u00f6nellen\u0151rz\u00e9sre tervezt\u00e9k, \u00e9s laborat\u00f3riumon k\u00edv\u00fcl is elv\u00e9gezhet\u0151.<\/p>\n<p>\u3010Tan\u00fas\u00edtv\u00e1ny\u3011<\/p>\n<p>CE,ISO9001,ISO13485<\/p>","protected":false},"excerpt":{"rendered":"<p>COVID-19 antig\u00e9n teszt kazett\u00e1s \u00f6nvizsg\u00e1lat \u7b80\u77ed\u63cf\u8ff0<\/p>","protected":false},"featured_media":682,"comment_status":"open","ping_status":"closed","template":"","meta":[],"product_brand":[],"product_cat":[20,26],"product_tag":[],"class_list":{"0":"post-749","1":"product","2":"type-product","3":"status-publish","4":"has-post-thumbnail","6":"product_cat-all-products","7":"product_cat-covid-19-sars-cov-2-rapid-test","8":"entry","10":"first","11":"instock","12":"shipping-taxable","13":"purchasable","14":"product-type-variable","15":"has-default-attributes"},"_links":{"self":[{"href":"https:\/\/www.testsealabs-kit.com\/hu\/wp-json\/wp\/v2\/product\/749","targetHints":{"allow":["GET"]}}],"collection":[{"href":"https:\/\/www.testsealabs-kit.com\/hu\/wp-json\/wp\/v2\/product"}],"about":[{"href":"https:\/\/www.testsealabs-kit.com\/hu\/wp-json\/wp\/v2\/types\/product"}],"replies":[{"embeddable":true,"href":"https:\/\/www.testsealabs-kit.com\/hu\/wp-json\/wp\/v2\/comments?post=749"}],"wp:featuredmedia":[{"embeddable":true,"href":"https:\/\/www.testsealabs-kit.com\/hu\/wp-json\/wp\/v2\/media\/682"}],"wp:attachment":[{"href":"https:\/\/www.testsealabs-kit.com\/hu\/wp-json\/wp\/v2\/media?parent=749"}],"wp:term":[{"taxonomy":"product_brand","embeddable":true,"href":"https:\/\/www.testsealabs-kit.com\/hu\/wp-json\/wp\/v2\/product_brand?post=749"},{"taxonomy":"product_cat","embeddable":true,"href":"https:\/\/www.testsealabs-kit.com\/hu\/wp-json\/wp\/v2\/product_cat?post=749"},{"taxonomy":"product_tag","embeddable":true,"href":"https:\/\/www.testsealabs-kit.com\/hu\/wp-json\/wp\/v2\/product_tag?post=749"}],"curies":[{"name":"wp","href":"https:\/\/api.w.org\/{rel}","templated":true}]}}