{"id":912,"date":"2022-04-25T20:27:28","date_gmt":"2022-04-25T12:27:28","guid":{"rendered":"https:\/\/www.testsealabs-kit.com\/?post_type=product&#038;p=912"},"modified":"2026-03-25T14:11:57","modified_gmt":"2026-03-25T06:11:57","slug":"sars-cov-2-neutralizing-antibody-test-cassette-professional-use","status":"publish","type":"product","link":"https:\/\/www.testsealabs-kit.com\/hu\/termek\/sars-cov-2-neutralizing-antibody-test-cassette-professional-use\/","title":{"rendered":"SARS-CoV-2 semleges\u00edt\u0151 antitest tesztkazetta - professzion\u00e1lis haszn\u00e1latra"},"content":{"rendered":"<p>\u3010C\u00e9lzott felhaszn\u00e1l\u00e1s\u3011<\/p>\n<p>A SARS-CoV-2 semleges\u00edt\u0151 antitest tesztkazetta egy gyors kromatogr\u00e1fi\u00e1s immunpr\u00f3ba a SARS-CoV-2 semleges\u00edt\u0151 antitestek kimutat\u00e1s\u00e1ra.<\/p>\n<p>a 2019. \u00e9vi koronav\u00edrus megbeteged\u00e9ssel szembeni neutraliz\u00e1l\u00f3 antitestek f\u00e9lkvantitat\u00edv kimutat\u00e1sa emberi teljes v\u00e9rben, sz\u00e9rumban vagy plazm\u00e1ban, az \u00faj v\u00edrusokkal szembeni emberi neutraliz\u00e1l\u00f3 antitesttiterek \u00e9rt\u00e9kel\u00e9s\u00e9nek seg\u00e9deszk\u00f6zek\u00e9nt.<\/p>\n<p>koronav\u00edrusok.<\/p>\n<p>\u3010Tan\u00fas\u00edtv\u00e1ny\u3011<\/p>\n<p>CE,ISO9001,ISO13485<\/p>","protected":false},"excerpt":{"rendered":"<p>COVID-19 antig\u00e9n teszt kazett\u00e1s \u00f6nvizsg\u00e1lat \u7b80\u77ed\u63cf\u8ff0<\/p>","protected":false},"featured_media":929,"comment_status":"open","ping_status":"closed","template":"","meta":[],"product_brand":[],"product_cat":[20,26],"product_tag":[],"class_list":{"0":"post-912","1":"product","2":"type-product","3":"status-publish","4":"has-post-thumbnail","6":"product_cat-all-products","7":"product_cat-covid-19-sars-cov-2-rapid-test","8":"entry","10":"first","11":"instock","12":"shipping-taxable","13":"purchasable","14":"product-type-variable","15":"has-default-attributes"},"_links":{"self":[{"href":"https:\/\/www.testsealabs-kit.com\/hu\/wp-json\/wp\/v2\/product\/912","targetHints":{"allow":["GET"]}}],"collection":[{"href":"https:\/\/www.testsealabs-kit.com\/hu\/wp-json\/wp\/v2\/product"}],"about":[{"href":"https:\/\/www.testsealabs-kit.com\/hu\/wp-json\/wp\/v2\/types\/product"}],"replies":[{"embeddable":true,"href":"https:\/\/www.testsealabs-kit.com\/hu\/wp-json\/wp\/v2\/comments?post=912"}],"wp:featuredmedia":[{"embeddable":true,"href":"https:\/\/www.testsealabs-kit.com\/hu\/wp-json\/wp\/v2\/media\/929"}],"wp:attachment":[{"href":"https:\/\/www.testsealabs-kit.com\/hu\/wp-json\/wp\/v2\/media?parent=912"}],"wp:term":[{"taxonomy":"product_brand","embeddable":true,"href":"https:\/\/www.testsealabs-kit.com\/hu\/wp-json\/wp\/v2\/product_brand?post=912"},{"taxonomy":"product_cat","embeddable":true,"href":"https:\/\/www.testsealabs-kit.com\/hu\/wp-json\/wp\/v2\/product_cat?post=912"},{"taxonomy":"product_tag","embeddable":true,"href":"https:\/\/www.testsealabs-kit.com\/hu\/wp-json\/wp\/v2\/product_tag?post=912"}],"curies":[{"name":"wp","href":"https:\/\/api.w.org\/{rel}","templated":true}]}}