{"id":945,"date":"2022-04-25T20:40:10","date_gmt":"2022-04-25T12:40:10","guid":{"rendered":"https:\/\/www.testsealabs-kit.com\/?post_type=product&#038;p=945"},"modified":"2022-05-10T23:01:59","modified_gmt":"2022-05-10T15:01:59","slug":"flu-a-b-covid-19-antigen-combo-test-cassette-professional-use","status":"publish","type":"product","link":"https:\/\/www.testsealabs-kit.com\/hu\/termek\/flu-a-b-covid-19-antigen-combo-test-cassette-professional-use\/","title":{"rendered":"Influenza A\/B + COVID-19 antig\u00e9n kombin\u00e1lt tesztkazetta - professzion\u00e1lis haszn\u00e1latra"},"content":{"rendered":"<p>\u3010C\u00e9lzott felhaszn\u00e1l\u00e1s\u3011<\/p>\n<p>A teszt a k\u00f6vetkez\u0151k egyidej\u0171, gyors in vitro kimutat\u00e1s\u00e1ra \u00e9s megk\u00fcl\u00f6nb\u00f6ztet\u00e9s\u00e9re szolg\u00e1l<\/p>\n<p>influenza A-v\u00edrus, influenza B-v\u00edrus \u00e9s COVID-19 v\u00edrus nukleokapszid feh\u00e9rje antig\u00e9nje, de nem<\/p>\n<p>nem tesz k\u00fcl\u00f6nbs\u00e9get a SARS-CoV \u00e9s a COVID-19 v\u00edrusok k\u00f6z\u00f6tt, \u00e9s nem c\u00e9lja a SARS-CoV \u00e9s a COVID-19 v\u00edrusok kimutat\u00e1sa.<\/p>\n<p>influenza C antig\u00e9nek. A teljes\u00edtm\u00e9nyjellemz\u0151k m\u00e1s \u00faj influenzafert\u0151z\u00e9sekkel szemben v\u00e1ltozhatnak<\/p>\n<p>v\u00edrusok.<\/p>\n<p>Az influenza A, influenza B \u00e9s COVID-19 v\u00edrusantig\u00e9nek \u00e1ltal\u00e1ban kimutathat\u00f3k a fels\u0151 l\u00e9g\u00fati mint\u00e1kban a fert\u0151z\u00e9s akut f\u00e1zis\u00e1ban. A pozit\u00edv eredm\u00e9nyek a v\u00edrusantig\u00e9nek jelenl\u00e9t\u00e9t jelzik, de a fert\u0151z\u00e9s st\u00e1tusz\u00e1nak meghat\u00e1roz\u00e1s\u00e1hoz klinikai korrel\u00e1ci\u00f3ra van sz\u00fcks\u00e9g a k\u00f3rt\u00f6rt\u00e9nettel \u00e9s m\u00e1s diagnosztikai inform\u00e1ci\u00f3kkal.<\/p>\n<p>A pozit\u00edv eredm\u00e9nyek nem z\u00e1rj\u00e1k ki a bakteri\u00e1lis fert\u0151z\u00e9st vagy m\u00e1s v\u00edrusokkal val\u00f3 egy\u00fcttes fert\u0151z\u00e9st. A k\u00f3rokoz\u00f3<\/p>\n<p>kimutatott nem felt\u00e9tlen\u00fcl a betegs\u00e9g v\u00e9gleges oka.<\/p>\n<p>Az \u00f6t napon t\u00fal jelentkez\u0151 t\u00fcnetekkel rendelkez\u0151 betegek negat\u00edv COVID-19 eredm\u00e9ny\u00e9t a k\u00f6vetkez\u0151 esetekben kell alkalmazni<\/p>\n<p>felt\u00e9telezettk\u00e9nt kezelend\u0151, \u00e9s sz\u00fcks\u00e9g eset\u00e9n molekul\u00e1ris vizsg\u00e1lattal t\u00f6rt\u00e9n\u0151 meger\u0151s\u00edt\u00e9ssel a beteg sz\u00e1m\u00e1ra<\/p>\n<p>ir\u00e1ny\u00edt\u00e1s, elv\u00e9gezhet\u0151. A negat\u00edv eredm\u00e9nyek nem z\u00e1rj\u00e1k ki a COVID-19-et, \u00e9s nem kell \u0151ket<\/p>\n<p>a kezel\u00e9sre vagy a betegkezel\u00e9sre vonatkoz\u00f3 d\u00f6nt\u00e9sek kiz\u00e1r\u00f3lagos alapj\u00e1ul szolg\u00e1lnak, bele\u00e9rtve a fert\u0151z\u00e9seket is.<\/p>\n<p>ellen\u0151rz\u00e9si d\u00f6nt\u00e9sek. A negat\u00edv eredm\u00e9nyt a beteg k\u00f6zelm\u00faltbeli<\/p>\n<p>a COVID-19-nek val\u00f3 kitetts\u00e9g, a k\u00f3rt\u00f6rt\u00e9net \u00e9s a klinikai t\u00fcnetek jelenl\u00e9te.<\/p>\n<p>A negat\u00edv eredm\u00e9nyek nem z\u00e1rj\u00e1k ki az influenzav\u00edrus-fert\u0151z\u00e9st, \u00e9s nem haszn\u00e1lhat\u00f3k egyed\u00fcli bizony\u00edt\u00e9kk\u00e9nt.<\/p>\n<p>a kezel\u00e9sre vagy egy\u00e9b betegir\u00e1ny\u00edt\u00e1si d\u00f6nt\u00e9sek alapj\u00e1t.<\/p>\n<p>\u3010Tan\u00fas\u00edtv\u00e1ny\u3011<\/p>\n<p>CE,ISO9001,ISO13485<\/p>","protected":false},"excerpt":{"rendered":"<p>COVID-19 antig\u00e9n teszt kazett\u00e1s \u00f6nvizsg\u00e1lat \u7b80\u77ed\u63cf\u8ff0<\/p>","protected":false},"featured_media":948,"comment_status":"open","ping_status":"closed","template":"","meta":[],"product_brand":[],"product_cat":[20,26],"product_tag":[],"class_list":{"0":"post-945","1":"product","2":"type-product","3":"status-publish","4":"has-post-thumbnail","6":"product_cat-all-products","7":"product_cat-covid-19-sars-cov-2-rapid-test","8":"entry","10":"first","11":"instock","12":"shipping-taxable","13":"purchasable","14":"product-type-variable","15":"has-default-attributes"},"_links":{"self":[{"href":"https:\/\/www.testsealabs-kit.com\/hu\/wp-json\/wp\/v2\/product\/945","targetHints":{"allow":["GET"]}}],"collection":[{"href":"https:\/\/www.testsealabs-kit.com\/hu\/wp-json\/wp\/v2\/product"}],"about":[{"href":"https:\/\/www.testsealabs-kit.com\/hu\/wp-json\/wp\/v2\/types\/product"}],"replies":[{"embeddable":true,"href":"https:\/\/www.testsealabs-kit.com\/hu\/wp-json\/wp\/v2\/comments?post=945"}],"wp:featuredmedia":[{"embeddable":true,"href":"https:\/\/www.testsealabs-kit.com\/hu\/wp-json\/wp\/v2\/media\/948"}],"wp:attachment":[{"href":"https:\/\/www.testsealabs-kit.com\/hu\/wp-json\/wp\/v2\/media?parent=945"}],"wp:term":[{"taxonomy":"product_brand","embeddable":true,"href":"https:\/\/www.testsealabs-kit.com\/hu\/wp-json\/wp\/v2\/product_brand?post=945"},{"taxonomy":"product_cat","embeddable":true,"href":"https:\/\/www.testsealabs-kit.com\/hu\/wp-json\/wp\/v2\/product_cat?post=945"},{"taxonomy":"product_tag","embeddable":true,"href":"https:\/\/www.testsealabs-kit.com\/hu\/wp-json\/wp\/v2\/product_tag?post=945"}],"curies":[{"name":"wp","href":"https:\/\/api.w.org\/{rel}","templated":true}]}}