{"id":969,"date":"2022-04-25T20:58:02","date_gmt":"2022-04-25T12:58:02","guid":{"rendered":"https:\/\/www.testsealabs-kit.com\/?post_type=product&#038;p=969"},"modified":"2022-05-10T23:06:41","modified_gmt":"2022-05-10T15:06:41","slug":"covid-19-antigen-test-cassette-professional-use-saliva","status":"publish","type":"product","link":"https:\/\/www.testsealabs-kit.com\/hu\/termek\/covid-19-antigen-test-cassette-professional-use-saliva\/","title":{"rendered":"COVID-19 antig\u00e9n tesztkazetta - professzion\u00e1lis haszn\u00e1lat - ny\u00e1l"},"content":{"rendered":"<p>\u3010C\u00e9lzott felhaszn\u00e1l\u00e1s\u3011<\/p>\n<p>A COVID-19 antig\u00e9n tesztkazetta egy gyors kromatogr\u00e1fi\u00e1s immunoassay a min\u0151s\u00e9gi<\/p>\n<p>a COVID-19 antig\u00e9n kimutat\u00e1sa ny\u00e1lmint\u00e1ban a COVID-19 v\u00edrusfert\u0151z\u00e9s diagn\u00f3zis\u00e1nak el\u0151seg\u00edt\u00e9se \u00e9rdek\u00e9ben.<\/p>\n<p>\u3010Tan\u00fas\u00edtv\u00e1ny\u3011<\/p>\n<p>CE,ISO9001,ISO13485<\/p>","protected":false},"excerpt":{"rendered":"<p>COVID-19 antig\u00e9n teszt kazett\u00e1s \u00f6nvizsg\u00e1lat \u7b80\u77ed\u63cf\u8ff0<\/p>","protected":false},"featured_media":972,"comment_status":"open","ping_status":"closed","template":"","meta":[],"product_brand":[],"product_cat":[20,26],"product_tag":[],"class_list":{"0":"post-969","1":"product","2":"type-product","3":"status-publish","4":"has-post-thumbnail","6":"product_cat-all-products","7":"product_cat-covid-19-sars-cov-2-rapid-test","8":"entry","10":"first","11":"instock","12":"shipping-taxable","13":"purchasable","14":"product-type-variable","15":"has-default-attributes"},"_links":{"self":[{"href":"https:\/\/www.testsealabs-kit.com\/hu\/wp-json\/wp\/v2\/product\/969","targetHints":{"allow":["GET"]}}],"collection":[{"href":"https:\/\/www.testsealabs-kit.com\/hu\/wp-json\/wp\/v2\/product"}],"about":[{"href":"https:\/\/www.testsealabs-kit.com\/hu\/wp-json\/wp\/v2\/types\/product"}],"replies":[{"embeddable":true,"href":"https:\/\/www.testsealabs-kit.com\/hu\/wp-json\/wp\/v2\/comments?post=969"}],"wp:featuredmedia":[{"embeddable":true,"href":"https:\/\/www.testsealabs-kit.com\/hu\/wp-json\/wp\/v2\/media\/972"}],"wp:attachment":[{"href":"https:\/\/www.testsealabs-kit.com\/hu\/wp-json\/wp\/v2\/media?parent=969"}],"wp:term":[{"taxonomy":"product_brand","embeddable":true,"href":"https:\/\/www.testsealabs-kit.com\/hu\/wp-json\/wp\/v2\/product_brand?post=969"},{"taxonomy":"product_cat","embeddable":true,"href":"https:\/\/www.testsealabs-kit.com\/hu\/wp-json\/wp\/v2\/product_cat?post=969"},{"taxonomy":"product_tag","embeddable":true,"href":"https:\/\/www.testsealabs-kit.com\/hu\/wp-json\/wp\/v2\/product_tag?post=969"}],"curies":[{"name":"wp","href":"https:\/\/api.w.org\/{rel}","templated":true}]}}