{"id":977,"date":"2022-04-25T21:02:34","date_gmt":"2022-04-25T13:02:34","guid":{"rendered":"https:\/\/www.testsealabs-kit.com\/?post_type=product&#038;p=977"},"modified":"2022-05-10T23:07:20","modified_gmt":"2022-05-10T15:07:20","slug":"covid-19-antigen-test-cassette-2-in-1-professional-use-nasal-swab-saliva","status":"publish","type":"product","link":"https:\/\/www.testsealabs-kit.com\/hu\/termek\/covid-19-antigen-test-cassette-2-in-1-professional-use-nasal-swab-saliva\/","title":{"rendered":"COVID-19 Antig\u00e9n tesztkazetta 2 az 1-ben - Professzion\u00e1lis haszn\u00e1lat - Naz\u00e1lis tampon \/ ny\u00e1l"},"content":{"rendered":"<p>\u3010C\u00e9lzott felhaszn\u00e1l\u00e1s\u3011<\/p>\n<p>A COVID-19 antig\u00e9n tesztkazetta immunkromatogr\u00e1fi\u00e1s technol\u00f3gi\u00e1t alkalmaz a SARS-CoV-2 antig\u00e9n kimutat\u00e1s\u00e1ra emberi orrtamponb\u00f3l vett ny\u00e1lmint\u00e1ban. A Testsea teszt laborat\u00f3riumi min\u0151s\u00e9g\u0171 eredm\u00e9nyeket k\u00edn\u00e1l az ell\u00e1t\u00e1s hely\u00e9n. Ez a teszt csak egyszer haszn\u00e1latos, \u00e9s kiz\u00e1r\u00f3lag professzion\u00e1lis haszn\u00e1latra szolg\u00e1l.A tesztnek a t\u00fcnetek megjelen\u00e9s\u00e9t\u0151l sz\u00e1m\u00edtott 7 napon bel\u00fcli haszn\u00e1lat\u00e1ra vonatkoz\u00f3 aj\u00e1nl\u00e1st a klinikai teljes\u00edtm\u00e9ny\u00e9rt\u00e9kel\u00e9s t\u00e1masztja al\u00e1.<\/p>\n<p>\u3010Tan\u00fas\u00edtv\u00e1ny\u3011<\/p>\n<p>CE,ISO9001,ISO13485<\/p>","protected":false},"excerpt":{"rendered":"<p>COVID-19 antig\u00e9n teszt kazett\u00e1s \u00f6nvizsg\u00e1lat \u7b80\u77ed\u63cf\u8ff0<\/p>","protected":false},"featured_media":980,"comment_status":"open","ping_status":"closed","template":"","meta":[],"product_brand":[],"product_cat":[20,26],"product_tag":[],"class_list":{"0":"post-977","1":"product","2":"type-product","3":"status-publish","4":"has-post-thumbnail","6":"product_cat-all-products","7":"product_cat-covid-19-sars-cov-2-rapid-test","8":"entry","10":"first","11":"instock","12":"shipping-taxable","13":"purchasable","14":"product-type-variable","15":"has-default-attributes"},"_links":{"self":[{"href":"https:\/\/www.testsealabs-kit.com\/hu\/wp-json\/wp\/v2\/product\/977","targetHints":{"allow":["GET"]}}],"collection":[{"href":"https:\/\/www.testsealabs-kit.com\/hu\/wp-json\/wp\/v2\/product"}],"about":[{"href":"https:\/\/www.testsealabs-kit.com\/hu\/wp-json\/wp\/v2\/types\/product"}],"replies":[{"embeddable":true,"href":"https:\/\/www.testsealabs-kit.com\/hu\/wp-json\/wp\/v2\/comments?post=977"}],"wp:featuredmedia":[{"embeddable":true,"href":"https:\/\/www.testsealabs-kit.com\/hu\/wp-json\/wp\/v2\/media\/980"}],"wp:attachment":[{"href":"https:\/\/www.testsealabs-kit.com\/hu\/wp-json\/wp\/v2\/media?parent=977"}],"wp:term":[{"taxonomy":"product_brand","embeddable":true,"href":"https:\/\/www.testsealabs-kit.com\/hu\/wp-json\/wp\/v2\/product_brand?post=977"},{"taxonomy":"product_cat","embeddable":true,"href":"https:\/\/www.testsealabs-kit.com\/hu\/wp-json\/wp\/v2\/product_cat?post=977"},{"taxonomy":"product_tag","embeddable":true,"href":"https:\/\/www.testsealabs-kit.com\/hu\/wp-json\/wp\/v2\/product_tag?post=977"}],"curies":[{"name":"wp","href":"https:\/\/api.w.org\/{rel}","templated":true}]}}