{"id":986,"date":"2022-04-25T21:13:28","date_gmt":"2022-04-25T13:13:28","guid":{"rendered":"https:\/\/www.testsealabs-kit.com\/?post_type=product&#038;p=986"},"modified":"2026-03-25T14:11:30","modified_gmt":"2026-03-25T06:11:30","slug":"influenza-ab-test-cassette-professional-use","status":"publish","type":"product","link":"https:\/\/www.testsealabs-kit.com\/hu\/termek\/influenza-ab-test-cassette-professional-use\/","title":{"rendered":"Influenza A&amp;B tesztkazetta - professzion\u00e1lis haszn\u00e1latra"},"content":{"rendered":"<p>\u3010C\u00e9lzott felhaszn\u00e1l\u00e1s\u3011<\/p>\n<p>Az Influenza A&amp;B gyors tesztkazetta egy gyors kromatogr\u00e1fi\u00e1s immunoassay az influenza A&amp;B gyors tesztel\u00e9s\u00e9re.<\/p>\n<p>az influenza A \u00e9s B antig\u00e9nek min\u0151s\u00e9gi kimutat\u00e1sa orrtamponmint\u00e1kban. C\u00e9lja, hogy seg\u00edtse az influenza A \u00e9s B v\u00edrusfert\u0151z\u00e9sek gyors differenci\u00e1ldiagn\u00f3zis\u00e1t.<\/p>\n<p>\u3010Tan\u00fas\u00edtv\u00e1ny\u3011<\/p>\n<p>CE,ISO9001,ISO13485<\/p>","protected":false},"excerpt":{"rendered":"<p>\u3010Intended use\u3011 The Influenza A&amp;B Rapid Test Cassette is a rapid chromatographic immunoassay for the qualitative detection of influenza A and B antigens in nasal swab specimens. It is intended to aid in the rapid differential diagnosis of influenza A and B viral infections. \u3010Certificate\u3011 CE,ISO9001,ISO13485<\/p>","protected":false},"featured_media":987,"comment_status":"open","ping_status":"closed","template":"","meta":[],"product_brand":[],"product_cat":[20,53],"product_tag":[],"class_list":{"0":"post-986","1":"product","2":"type-product","3":"status-publish","4":"has-post-thumbnail","6":"product_cat-all-products","7":"product_cat-infectious-disease-rapid-test","8":"entry","10":"first","11":"instock","12":"shipping-taxable","13":"purchasable","14":"product-type-variable","15":"has-default-attributes"},"_links":{"self":[{"href":"https:\/\/www.testsealabs-kit.com\/hu\/wp-json\/wp\/v2\/product\/986","targetHints":{"allow":["GET"]}}],"collection":[{"href":"https:\/\/www.testsealabs-kit.com\/hu\/wp-json\/wp\/v2\/product"}],"about":[{"href":"https:\/\/www.testsealabs-kit.com\/hu\/wp-json\/wp\/v2\/types\/product"}],"replies":[{"embeddable":true,"href":"https:\/\/www.testsealabs-kit.com\/hu\/wp-json\/wp\/v2\/comments?post=986"}],"wp:featuredmedia":[{"embeddable":true,"href":"https:\/\/www.testsealabs-kit.com\/hu\/wp-json\/wp\/v2\/media\/987"}],"wp:attachment":[{"href":"https:\/\/www.testsealabs-kit.com\/hu\/wp-json\/wp\/v2\/media?parent=986"}],"wp:term":[{"taxonomy":"product_brand","embeddable":true,"href":"https:\/\/www.testsealabs-kit.com\/hu\/wp-json\/wp\/v2\/product_brand?post=986"},{"taxonomy":"product_cat","embeddable":true,"href":"https:\/\/www.testsealabs-kit.com\/hu\/wp-json\/wp\/v2\/product_cat?post=986"},{"taxonomy":"product_tag","embeddable":true,"href":"https:\/\/www.testsealabs-kit.com\/hu\/wp-json\/wp\/v2\/product_tag?post=986"}],"curies":[{"name":"wp","href":"https:\/\/api.w.org\/{rel}","templated":true}]}}