{"id":991,"date":"2022-04-25T21:15:23","date_gmt":"2022-04-25T13:15:23","guid":{"rendered":"https:\/\/www.testsealabs-kit.com\/?post_type=product&#038;p=991"},"modified":"2022-05-19T11:06:22","modified_gmt":"2022-05-19T03:06:22","slug":"canine-parvo-virus-antigen-test-cassettecpv-ag","status":"publish","type":"product","link":"https:\/\/www.testsealabs-kit.com\/hu\/termek\/canine-parvo-virus-antigen-test-cassettecpv-ag\/","title":{"rendered":"Canine Parvo v\u00edrus antig\u00e9n tesztkazetta (CPV AG)"},"content":{"rendered":"<p><span style=\"font-size: 14pt;\">1.Get eredm\u00e9ny 15 percen bel\u00fcl<\/span><\/p>\n<p><span style=\"font-size: 14pt;\">2.K\u00f6nnyen gy\u0171jthet\u0151 mint\u00e1k<\/span><\/p>\n<p><span style=\"font-size: 14pt;\">3.Az eredm\u00e9nyek j\u00f3l l\u00e1that\u00f3ak<\/span><\/p>\n<p><span style=\"font-size: 14pt;\">4.Nincs sz\u00fcks\u00e9g felszerel\u00e9sre<\/span><\/p>\n<p><span style=\"font-size: 14pt;\">5.Alkalmas nagyszab\u00e1s\u00fa gyors sz\u0171r\u00e9sre<\/span><\/p>","protected":false},"excerpt":{"rendered":"<p>A term\u00e9k egy later\u00e1lis \u00e1raml\u00e1s\u00fa immunkromatogr\u00e1fi\u00e1s vizsg\u00e1lat a kuty\u00e1k parvov\u00edrus antig\u00e9njeinek (CPV Ag) min\u0151s\u00e9gi kimutat\u00e1s\u00e1ra kuty\u00e1k \u00fcr\u00fcl\u00e9k\u00e9ben.<\/p>\n<p>&nbsp;<\/p>\n<p>A CPV-vel val\u00f3 fert\u0151z\u00f6tts\u00e9g ut\u00e1n a CPV megt\u00e1madja a b\u00e9lh\u00e1m \u00e9s a sz\u00edvizom sejtjeit a kuty\u00e1kn\u00e1l, \u00e9s a klinikai t\u00fcnetek gyomor-b\u00e9lrendszeri betegs\u00e9gek \u00e9s sz\u00edvizomgyullad\u00e1s, a k\u00f6lyk\u00f6kn\u00e9l t\u00f6bbnyire sz\u00edvizomgyullad\u00e1s. A fert\u0151z\u00e9s ut\u00e1n a kuty\u00e1kn\u00e1l magas lesz a fert\u0151z\u00e9s el\u0151fordul\u00e1si \u00e9s hal\u00e1loz\u00e1si ar\u00e1ny. A CPV gyakran j\u00e1rv\u00e1nyszer\u0171 j\u00e1rv\u00e1nyt mutat, \u00e9s k\u00fcl\u00f6nb\u00f6z\u0151 kor\u00fa, nem\u0171 \u00e9s fajt\u00e1j\u00fa kuty\u00e1k fert\u0151z\u0151dhetnek.<\/p>","protected":false},"featured_media":1216,"comment_status":"open","ping_status":"closed","template":"","meta":[],"product_brand":[],"product_cat":[20,47],"product_tag":[],"class_list":{"0":"post-991","1":"product","2":"type-product","3":"status-publish","4":"has-post-thumbnail","6":"product_cat-all-products","7":"product_cat-animals-diagnostic-rapid-test","8":"entry","10":"first","11":"instock","12":"shipping-taxable","13":"purchasable","14":"product-type-variable","15":"has-default-attributes"},"_links":{"self":[{"href":"https:\/\/www.testsealabs-kit.com\/hu\/wp-json\/wp\/v2\/product\/991","targetHints":{"allow":["GET"]}}],"collection":[{"href":"https:\/\/www.testsealabs-kit.com\/hu\/wp-json\/wp\/v2\/product"}],"about":[{"href":"https:\/\/www.testsealabs-kit.com\/hu\/wp-json\/wp\/v2\/types\/product"}],"replies":[{"embeddable":true,"href":"https:\/\/www.testsealabs-kit.com\/hu\/wp-json\/wp\/v2\/comments?post=991"}],"wp:featuredmedia":[{"embeddable":true,"href":"https:\/\/www.testsealabs-kit.com\/hu\/wp-json\/wp\/v2\/media\/1216"}],"wp:attachment":[{"href":"https:\/\/www.testsealabs-kit.com\/hu\/wp-json\/wp\/v2\/media?parent=991"}],"wp:term":[{"taxonomy":"product_brand","embeddable":true,"href":"https:\/\/www.testsealabs-kit.com\/hu\/wp-json\/wp\/v2\/product_brand?post=991"},{"taxonomy":"product_cat","embeddable":true,"href":"https:\/\/www.testsealabs-kit.com\/hu\/wp-json\/wp\/v2\/product_cat?post=991"},{"taxonomy":"product_tag","embeddable":true,"href":"https:\/\/www.testsealabs-kit.com\/hu\/wp-json\/wp\/v2\/product_tag?post=991"}],"curies":[{"name":"wp","href":"https:\/\/api.w.org\/{rel}","templated":true}]}}