{"id":32,"date":"2022-04-01T00:53:09","date_gmt":"2022-03-31T16:53:09","guid":{"rendered":"https:\/\/www.testsealabs-kit.com\/?page_id=32"},"modified":"2022-04-13T18:51:26","modified_gmt":"2022-04-13T10:51:26","slug":"news","status":"publish","type":"page","link":"https:\/\/www.testsealabs-kit.com\/it\/news\/","title":{"rendered":"Notizie"},"content":{"rendered":"<div data-elementor-type=\"wp-page\" data-elementor-id=\"32\" class=\"elementor elementor-32\">\n\t\t\t\t\t\t<section class=\"elementor-section elementor-top-section elementor-element elementor-element-0d8dd62 elementor-section-boxed elementor-section-height-default elementor-section-height-default\" data-id=\"0d8dd62\" data-element_type=\"section\" data-settings=\"{&quot;background_background&quot;:&quot;classic&quot;}\">\n\t\t\t\t\t\t<div class=\"elementor-container elementor-column-gap-default\">\n\t\t\t\t\t<div class=\"elementor-column elementor-col-100 elementor-top-column elementor-element elementor-element-d6d968f\" data-id=\"d6d968f\" data-element_type=\"column\">\n\t\t\t<div class=\"elementor-widget-wrap elementor-element-populated\">\n\t\t\t\t\t\t<div class=\"elementor-element elementor-element-2856afe elementor-widget elementor-widget-woocommerce-breadcrumb\" data-id=\"2856afe\" data-element_type=\"widget\" data-widget_type=\"woocommerce-breadcrumb.default\">\n\t\t\t\t<div class=\"elementor-widget-container\">\n\t\t\t\t\t<nav class=\"woocommerce-breadcrumb\" aria-label=\"Breadcrumb\" data-no-translation=\"\" data-trp-gettext=\"\">Casa<\/nav>\t\t\t\t<\/div>\n\t\t\t\t<\/div>\n\t\t\t\t\t<\/div>\n\t\t<\/div>\n\t\t\t\t\t<\/div>\n\t\t<\/section>\n\t\t\t\t<section class=\"elementor-section elementor-top-section elementor-element elementor-element-560385d elementor-section-boxed elementor-section-height-default elementor-section-height-default\" data-id=\"560385d\" data-element_type=\"section\">\n\t\t\t\t\t\t<div class=\"elementor-container elementor-column-gap-default\">\n\t\t\t\t\t<div class=\"elementor-column elementor-col-20 elementor-top-column elementor-element elementor-element-eef23e5\" data-id=\"eef23e5\" data-element_type=\"column\">\n\t\t\t<div class=\"elementor-widget-wrap\">\n\t\t\t\t\t\t\t<\/div>\n\t\t<\/div>\n\t\t\t\t<div class=\"elementor-column elementor-col-20 elementor-top-column elementor-element elementor-element-2ad3bd2\" data-id=\"2ad3bd2\" data-element_type=\"column\">\n\t\t\t<div class=\"elementor-widget-wrap elementor-element-populated\">\n\t\t\t\t\t\t<div class=\"elementor-element elementor-element-0accfd9 elementor-align-center elementor-widget elementor-widget-button\" data-id=\"0accfd9\" data-element_type=\"widget\" data-widget_type=\"button.default\">\n\t\t\t\t<div class=\"elementor-widget-container\">\n\t\t\t\t\t\t\t\t\t<div class=\"elementor-button-wrapper\">\n\t\t\t\t\t<a class=\"elementor-button elementor-button-link elementor-size-sm\" href=\"https:\/\/www.testsealabs-kit.com\/it\/category\/company-news\/\">\n\t\t\t\t\t\t<span class=\"elementor-button-content-wrapper\">\n\t\t\t\t\t\t\t\t\t<span class=\"elementor-button-text\">Notizie aziendali<\/span>\n\t\t\t\t\t<\/span>\n\t\t\t\t\t<\/a>\n\t\t\t\t<\/div>\n\t\t\t\t\t\t\t\t<\/div>\n\t\t\t\t<\/div>\n\t\t\t\t\t<\/div>\n\t\t<\/div>\n\t\t\t\t<div class=\"elementor-column elementor-col-20 elementor-top-column elementor-element elementor-element-398fa43\" data-id=\"398fa43\" data-element_type=\"column\">\n\t\t\t<div class=\"elementor-widget-wrap elementor-element-populated\">\n\t\t\t\t\t\t<div class=\"elementor-element elementor-element-6bab9cb elementor-align-center elementor-widget elementor-widget-button\" data-id=\"6bab9cb\" data-element_type=\"widget\" data-widget_type=\"button.default\">\n\t\t\t\t<div class=\"elementor-widget-container\">\n\t\t\t\t\t\t\t\t\t<div class=\"elementor-button-wrapper\">\n\t\t\t\t\t<a class=\"elementor-button elementor-button-link elementor-size-sm\" href=\"https:\/\/www.testsealabs-kit.com\/it\/category\/industry-news\/\">\n\t\t\t\t\t\t<span class=\"elementor-button-content-wrapper\">\n\t\t\t\t\t\t\t\t\t<span class=\"elementor-button-text\">Notizie sul settore<\/span>\n\t\t\t\t\t<\/span>\n\t\t\t\t\t<\/a>\n\t\t\t\t<\/div>\n\t\t\t\t\t\t\t\t<\/div>\n\t\t\t\t<\/div>\n\t\t\t\t\t<\/div>\n\t\t<\/div>\n\t\t\t\t<div class=\"elementor-column elementor-col-20 elementor-top-column elementor-element elementor-element-05d8a8a\" data-id=\"05d8a8a\" data-element_type=\"column\">\n\t\t\t<div class=\"elementor-widget-wrap elementor-element-populated\">\n\t\t\t\t\t\t<div class=\"elementor-element elementor-element-668c3a1 elementor-align-center elementor-widget elementor-widget-button\" data-id=\"668c3a1\" data-element_type=\"widget\" data-widget_type=\"button.default\">\n\t\t\t\t<div class=\"elementor-widget-container\">\n\t\t\t\t\t\t\t\t\t<div class=\"elementor-button-wrapper\">\n\t\t\t\t\t<a class=\"elementor-button elementor-button-link elementor-size-sm\" href=\"https:\/\/www.testsealabs-kit.com\/it\/category\/exhibition\/\">\n\t\t\t\t\t\t<span class=\"elementor-button-content-wrapper\">\n\t\t\t\t\t\t\t\t\t<span class=\"elementor-button-text\">Mostra<\/span>\n\t\t\t\t\t<\/span>\n\t\t\t\t\t<\/a>\n\t\t\t\t<\/div>\n\t\t\t\t\t\t\t\t<\/div>\n\t\t\t\t<\/div>\n\t\t\t\t\t<\/div>\n\t\t<\/div>\n\t\t\t\t<div class=\"elementor-column elementor-col-20 elementor-top-column elementor-element elementor-element-f365a72\" data-id=\"f365a72\" data-element_type=\"column\">\n\t\t\t<div class=\"elementor-widget-wrap\">\n\t\t\t\t\t\t\t<\/div>\n\t\t<\/div>\n\t\t\t\t\t<\/div>\n\t\t<\/section>\n\t\t\t\t<section class=\"elementor-section elementor-top-section elementor-element elementor-element-42a39ac liebiaoaaa elementor-section-boxed elementor-section-height-default elementor-section-height-default\" data-id=\"42a39ac\" data-element_type=\"section\">\n\t\t\t\t\t\t<div class=\"elementor-container elementor-column-gap-default\">\n\t\t\t\t\t<div class=\"elementor-column elementor-col-100 elementor-top-column elementor-element elementor-element-47dfe85\" data-id=\"47dfe85\" data-element_type=\"column\">\n\t\t\t<div class=\"elementor-widget-wrap elementor-element-populated\">\n\t\t\t\t\t\t<div class=\"elementor-element elementor-element-e65e2dc elementor-grid-1 custom-news elementor-grid-tablet-2 elementor-grid-mobile-1 elementor-posts--thumbnail-top elementor-widget elementor-widget-posts\" data-id=\"e65e2dc\" data-element_type=\"widget\" data-settings=\"{&quot;classic_columns&quot;:&quot;1&quot;,&quot;pagination_type&quot;:&quot;numbers&quot;,&quot;classic_columns_tablet&quot;:&quot;2&quot;,&quot;classic_columns_mobile&quot;:&quot;1&quot;,&quot;classic_row_gap&quot;:{&quot;unit&quot;:&quot;px&quot;,&quot;size&quot;:35,&quot;sizes&quot;:[]},&quot;classic_row_gap_tablet&quot;:{&quot;unit&quot;:&quot;px&quot;,&quot;size&quot;:&quot;&quot;,&quot;sizes&quot;:[]},&quot;classic_row_gap_mobile&quot;:{&quot;unit&quot;:&quot;px&quot;,&quot;size&quot;:&quot;&quot;,&quot;sizes&quot;:[]}}\" data-widget_type=\"posts.classic\">\n\t\t\t\t<div class=\"elementor-widget-container\">\n\t\t\t\t\t\t\t<div class=\"elementor-posts-container elementor-posts elementor-posts--skin-classic elementor-grid\">\n\t\t\t\t<article class=\"elementor-post elementor-grid-item post-711 post type-post status-publish format-standard has-post-thumbnail hentry category-exhibition entry\">\n\t\t\t\t<a class=\"elementor-post__thumbnail__link\" href=\"https:\/\/www.testsealabs-kit.com\/it\/711\/\" >\n\t\t\t<div class=\"elementor-post__thumbnail\"><img fetchpriority=\"high\" decoding=\"async\" width=\"640\" height=\"456\" src=\"https:\/\/www.testsealabs-kit.com\/wp-content\/uploads\/2022\/04\/image005.jpg\" class=\"attachment-full size-full wp-image-713\" alt=\"\" style=\"width:100%;height:71.25%;max-width:640px\" srcset=\"https:\/\/www.testsealabs-kit.com\/wp-content\/uploads\/2022\/04\/image005.jpg 640w, https:\/\/www.testsealabs-kit.com\/wp-content\/uploads\/2022\/04\/image005-300x214.jpg 300w, https:\/\/www.testsealabs-kit.com\/wp-content\/uploads\/2022\/04\/image005-600x428.jpg 600w\" sizes=\"(max-width: 640px) 100vw, 640px\" \/><\/div>\n\t\t<\/a>\n\t\t\t\t<div class=\"elementor-post__text\">\n\t\t\t\t<h3 class=\"elementor-post__title\">\n\t\t\t<a href=\"https:\/\/www.testsealabs-kit.com\/it\/711\/\" >\n\t\t\t\tExpomed Eurasia 2022\t\t\t<\/a>\n\t\t<\/h3>\n\t\t\t\t<div class=\"elementor-post__meta-data\">\n\t\t\t\t\t<span class=\"elementor-post-date\">\n\t\t\t2022-03-17\t\t<\/span>\n\t\t\t\t<span class=\"elementor-post-avatar\">\n\t\t\tNessun commento\t\t<\/span>\n\t\t\t\t<\/div>\n\t\t\t\t<div class=\"elementor-post__excerpt\">\n\t\t\t<p>Da quasi 30 anni Expomed Eurasia \u00e8 diventata la fiera medica leader non solo in Turchia ma anche nella regione eurasiatica. La fiera sta ora sfruttando al meglio le soluzioni digitali all'avanguardia e va oltre il networking faccia a faccia. La 29a edizione di Expomed Eurasia si \u00e8 svolta dal 17 al 19 marzo 2022 a Istanbul. Con oltre 600 espositori provenienti dalla Turchia e dall'estero e 19.000 visitatori solo dalla Turchia e 5000 visitatori internazionali, Expomed Eurasia \u00e8 stato un grande successo per l'industria sanitaria.   Mostra: Expomed Eurasia Stand n.: 524B Luogo: T\u00fcyap Fair and Congress Center, Istanbul, Turchia Orario: 2022.03.17-2022.03.19 Espositore: Hangzhou Testsea Biotechnology Co.<\/p>\n\t\t<\/div>\n\t\t\t\t\t<a class=\"elementor-post__read-more\" href=\"https:\/\/www.testsealabs-kit.com\/it\/711\/\" >\n\t\t\t\tPer saperne di pi\u00f9\t\t\t<\/a>\n\t\t\t\t<\/div>\n\t\t\t\t<\/article>\n\t\t\t\t<article class=\"elementor-post elementor-grid-item post-708 post type-post status-publish format-standard hentry category-industry-news entry\">\n\t\t\t\t<div class=\"elementor-post__text\">\n\t\t\t\t<h3 class=\"elementor-post__title\">\n\t\t\t<a href=\"https:\/\/www.testsealabs-kit.com\/it\/what-is-the-difference-between-antigen-detection-and-nucleic-acid-detection\/\" >\n\t\t\t\tQual \u00e8 la differenza tra la rilevazione dell'antigene e la rilevazione degli acidi nucleici?\t\t\t<\/a>\n\t\t<\/h3>\n\t\t\t\t<div class=\"elementor-post__meta-data\">\n\t\t\t\t\t<span class=\"elementor-post-date\">\n\t\t\t2022-03-15\t\t<\/span>\n\t\t\t\t<span class=\"elementor-post-avatar\">\n\t\t\tNessun commento\t\t<\/span>\n\t\t\t\t<\/div>\n\t\t\t\t<div class=\"elementor-post__excerpt\">\n\t\t\t<p>Recentemente sono stati approvati per la commercializzazione diversi nuovi prodotti per l'autotest dell'antigene della corona, che hanno attirato l'attenzione.   Che cos'\u00e8 un test dell'antigene e qual \u00e8 la differenza rispetto al noto test degli acidi nucleici? Perch\u00e9 aggiungere questo nuovo metodo di rilevazione? Qual \u00e8 l'accuratezza del rilevamento? Cosa bisogna fare? Ci sono rischi? I dubbi su questa nuova forma di rilevazione sono tanti.   Che cos'\u00e8 esattamente un test dell'antigene? In cosa si differenzia dal test degli acidi nucleici?   Gli antigeni sono come i \"vestiti\" che il virus indossa all'esterno, mentre gli acidi nucleici sono i geni all'interno del virus.   Questi due test sono leggermente diversi. Il test dell'antigene \u00e8 un metodo che parte dall'anticorpo per misurare i \"vestiti\", e dopo la specificit\u00e0 completa, il virus pu\u00f2 essere<\/p>\n\t\t<\/div>\n\t\t\t\t\t<a class=\"elementor-post__read-more\" href=\"https:\/\/www.testsealabs-kit.com\/it\/what-is-the-difference-between-antigen-detection-and-nucleic-acid-detection\/\" >\n\t\t\t\tPer saperne di pi\u00f9\t\t\t<\/a>\n\t\t\t\t<\/div>\n\t\t\t\t<\/article>\n\t\t\t\t<article class=\"elementor-post elementor-grid-item post-209 post type-post status-publish format-standard has-post-thumbnail hentry category-company-news entry\">\n\t\t\t\t<a class=\"elementor-post__thumbnail__link\" href=\"https:\/\/www.testsealabs-kit.com\/it\/goldsite-obtains-ce-self-testing-certificate-for-the-sars-cov-2-nasal-antigen-self-test\/\" >\n\t\t\t<div class=\"elementor-post__thumbnail\"><img decoding=\"async\" width=\"500\" height=\"301\" src=\"https:\/\/www.testsealabs-kit.com\/wp-content\/uploads\/2022\/04\/image002-1.png\" class=\"attachment-full size-full wp-image-706\" alt=\"\" style=\"width:100%;height:60.2%;max-width:500px\" srcset=\"https:\/\/www.testsealabs-kit.com\/wp-content\/uploads\/2022\/04\/image002-1.png 500w, https:\/\/www.testsealabs-kit.com\/wp-content\/uploads\/2022\/04\/image002-1-300x181.png 300w\" sizes=\"(max-width: 500px) 100vw, 500px\" \/><\/div>\n\t\t<\/a>\n\t\t\t\t<div class=\"elementor-post__text\">\n\t\t\t\t<h3 class=\"elementor-post__title\">\n\t\t\t<a href=\"https:\/\/www.testsealabs-kit.com\/it\/goldsite-obtains-ce-self-testing-certificate-for-the-sars-cov-2-nasal-antigen-self-test\/\" >\n\t\t\t\tTestsealabs COVID-19 Antigen Rapid Test pu\u00f2 coprire efficacemente il ceppo di coronavirus Omicron (B.1.1529).\t\t\t<\/a>\n\t\t<\/h3>\n\t\t\t\t<div class=\"elementor-post__meta-data\">\n\t\t\t\t\t<span class=\"elementor-post-date\">\n\t\t\t2021-11-29\t\t<\/span>\n\t\t\t\t<span class=\"elementor-post-avatar\">\n\t\t\tNessun commento\t\t<\/span>\n\t\t\t\t<\/div>\n\t\t\t\t<div class=\"elementor-post__excerpt\">\n\t\t\t<p>Attualmente, la nostra azienda conduce un confronto dettagliato e un'analisi basata sulla sequenza dell'acido nucleico del sito di mutazione del ceppo mutante Omicron pubblicato dal database GISAID e sull'epitopo di riconoscimento dell'anticorpo specifico anti-proteina N utilizzato nei nostri prodotti per il test rapido dell'antigene del coronavirus. I risultati dell'analisi hanno dimostrato che il sito di mutazione del ceppo mutante Omicron non influisce sulla rilevazione dell'antigene del reagente di rilevazione rapida dell'antigene del coronavirus sviluppato, prodotto e venduto dalla nostra azienda. Il Testsealabs COVID-19 Antigen Rapid Test della nostra azienda pu\u00f2 coprire efficacemente il nuovo ceppo mutante del coronavirus Omicron (B.1.1529). Tuttavia, poich\u00e9 al momento non \u00e8 possibile ottenere campioni per la verifica, sono necessari successivi test di verifica in laboratorio. La nostra societ\u00e0 ha verificato le prestazioni di rilevamento del test rapido per l'antigene del coronavirus sviluppato dalla nostra<\/p>\n\t\t<\/div>\n\t\t\t\t\t<a class=\"elementor-post__read-more\" href=\"https:\/\/www.testsealabs-kit.com\/it\/goldsite-obtains-ce-self-testing-certificate-for-the-sars-cov-2-nasal-antigen-self-test\/\" >\n\t\t\t\tPer saperne di pi\u00f9\t\t\t<\/a>\n\t\t\t\t<\/div>\n\t\t\t\t<\/article>\n\t\t\t\t<\/div>\n\n\n\t\t\n\t\t\t\t\t\t<\/div>\n\t\t\t\t<\/div>\n\t\t\t\t\t<\/div>\n\t\t<\/div>\n\t\t\t\t\t<\/div>\n\t\t<\/section>\n\t\t\t\t<\/div>","protected":false},"excerpt":{"rendered":"<p>Notizie sull'azienda Notizie sull'industria Mostra<\/p>","protected":false},"author":1,"featured_media":0,"parent":0,"menu_order":0,"comment_status":"closed","ping_status":"closed","template":"elementor_header_footer","meta":{"footnotes":""},"class_list":["post-32","page","type-page","status-publish","hentry","entry"],"_links":{"self":[{"href":"https:\/\/www.testsealabs-kit.com\/it\/wp-json\/wp\/v2\/pages\/32","targetHints":{"allow":["GET"]}}],"collection":[{"href":"https:\/\/www.testsealabs-kit.com\/it\/wp-json\/wp\/v2\/pages"}],"about":[{"href":"https:\/\/www.testsealabs-kit.com\/it\/wp-json\/wp\/v2\/types\/page"}],"author":[{"embeddable":true,"href":"https:\/\/www.testsealabs-kit.com\/it\/wp-json\/wp\/v2\/users\/1"}],"replies":[{"embeddable":true,"href":"https:\/\/www.testsealabs-kit.com\/it\/wp-json\/wp\/v2\/comments?post=32"}],"version-history":[{"count":0,"href":"https:\/\/www.testsealabs-kit.com\/it\/wp-json\/wp\/v2\/pages\/32\/revisions"}],"wp:attachment":[{"href":"https:\/\/www.testsealabs-kit.com\/it\/wp-json\/wp\/v2\/media?parent=32"}],"curies":[{"name":"wp","href":"https:\/\/api.w.org\/{rel}","templated":true}]}}