{"id":1217,"date":"2022-05-19T11:09:59","date_gmt":"2022-05-19T03:09:59","guid":{"rendered":"https:\/\/www.testsealabs-kit.com\/?post_type=product&#038;p=1217"},"modified":"2025-03-10T15:55:44","modified_gmt":"2025-03-10T07:55:44","slug":"canine-distemper-virus-antigen-testcdv-ag","status":"publish","type":"product","link":"https:\/\/www.testsealabs-kit.com\/it\/prodotto\/canine-distemper-virus-antigen-testcdv-ag\/","title":{"rendered":"Test dell'antigene del virus del cimurro canino (CDV Ag)"},"content":{"rendered":"<p><span style=\"font-size: 14pt;\">1.Ottenere il risultato entro 15 minuti<\/span><\/p>\n<p><span style=\"font-size: 14pt;\">2. Facilit\u00e0 di raccolta dei campioni<\/span><\/p>\n<p><span style=\"font-size: 14pt;\">3. I risultati sono chiaramente visibili<\/span><\/p>\n<p><span style=\"font-size: 14pt;\">4.Non \u00e8 richiesta alcuna attrezzatura<\/span><\/p>\n<p><span style=\"font-size: 14pt;\">5.Suitable per lo screening rapido su larga scala<\/span><\/p>","protected":false},"excerpt":{"rendered":"<p>Il prodotto \u00e8 un saggio immunocromatografico a flusso laterale per la rilevazione qualitativa dell'antigene del virus del cimurro canino (CDV Ag) in secrezioni provenienti da campioni di secrezioni oculari e congiuntivali.<\/p>\n<p>&nbsp;<\/p>\n<p>Il cimurro canino \u00e8 una malattia infettiva virale acuta e altamente contagiosa diffusa in tutto il mondo. La via naturale di infezione del CDV passa principalmente attraverso il tratto respiratorio superiore. Dopo l'infezione, il CDV attacca le cellule dell'epitelio intestinale e i cardiomiociti. Le principali manifestazioni cliniche sono le malattie gastrointestinali e la miocardite, e la maggior parte dei cuccioli \u00e8 affetta da miocardite. Il cimurro canino \u00e8 un tipo di malattia infettiva ad alta incidenza, alta mortalit\u00e0 e frequente insorgenza. Possono essere infettati cani di et\u00e0, sesso e razza diversi.<\/p>","protected":false},"featured_media":1216,"comment_status":"open","ping_status":"closed","template":"","meta":[],"product_brand":[],"product_cat":[20,47],"product_tag":[],"class_list":{"0":"post-1217","1":"product","2":"type-product","3":"status-publish","4":"has-post-thumbnail","6":"product_cat-all-products","7":"product_cat-animals-diagnostic-rapid-test","8":"entry","10":"first","11":"instock","12":"shipping-taxable","13":"product-type-simple"},"_links":{"self":[{"href":"https:\/\/www.testsealabs-kit.com\/it\/wp-json\/wp\/v2\/product\/1217","targetHints":{"allow":["GET"]}}],"collection":[{"href":"https:\/\/www.testsealabs-kit.com\/it\/wp-json\/wp\/v2\/product"}],"about":[{"href":"https:\/\/www.testsealabs-kit.com\/it\/wp-json\/wp\/v2\/types\/product"}],"replies":[{"embeddable":true,"href":"https:\/\/www.testsealabs-kit.com\/it\/wp-json\/wp\/v2\/comments?post=1217"}],"wp:featuredmedia":[{"embeddable":true,"href":"https:\/\/www.testsealabs-kit.com\/it\/wp-json\/wp\/v2\/media\/1216"}],"wp:attachment":[{"href":"https:\/\/www.testsealabs-kit.com\/it\/wp-json\/wp\/v2\/media?parent=1217"}],"wp:term":[{"taxonomy":"product_brand","embeddable":true,"href":"https:\/\/www.testsealabs-kit.com\/it\/wp-json\/wp\/v2\/product_brand?post=1217"},{"taxonomy":"product_cat","embeddable":true,"href":"https:\/\/www.testsealabs-kit.com\/it\/wp-json\/wp\/v2\/product_cat?post=1217"},{"taxonomy":"product_tag","embeddable":true,"href":"https:\/\/www.testsealabs-kit.com\/it\/wp-json\/wp\/v2\/product_tag?post=1217"}],"curies":[{"name":"wp","href":"https:\/\/api.w.org\/{rel}","templated":true}]}}