{"id":1218,"date":"2022-05-19T11:12:44","date_gmt":"2022-05-19T03:12:44","guid":{"rendered":"https:\/\/www.testsealabs-kit.com\/?post_type=product&#038;p=1218"},"modified":"2022-05-19T11:12:44","modified_gmt":"2022-05-19T03:12:44","slug":"canine-coronavirus-antigen-testccv-ag","status":"publish","type":"product","link":"https:\/\/www.testsealabs-kit.com\/it\/prodotto\/canine-coronavirus-antigen-testccv-ag\/","title":{"rendered":"Test dell'antigene del coronavirus canino (CCV Ag)"},"content":{"rendered":"<p><span style=\"font-size: 14pt;\">1.Ottenere il risultato entro 15 minuti<\/span><br \/>\n<span style=\"font-size: 14pt;\">2. Facilit\u00e0 di raccolta dei campioni<\/span><br \/>\n<span style=\"font-size: 14pt;\">3. I risultati sono chiaramente visibili<\/span><br \/>\n<span style=\"font-size: 14pt;\">4.Non \u00e8 richiesta alcuna attrezzatura<\/span><br \/>\n<span style=\"font-size: 14pt;\">5.Suitable per lo screening rapido su larga scala<\/span><\/p>","protected":false},"excerpt":{"rendered":"<p>Il prodotto \u00e8 una cassetta per la diagnosi della presenza di antigeni del Coronavirus canino in campioni di feci di cane. L'antigene del Coronavirus canino pu\u00f2 essere rilevato con questo test rapido.<\/p>\n<p>&nbsp;<\/p>\n<p>Il prodotto appartiene al virus RNA a singolo filamento, che pu\u00f2 causare diversi gradi di gastroenterite e il tasso di mortalit\u00e0 dei cuccioli \u00e8 pi\u00f9 alto dopo l'infezione. Il periodo di incubazione del CCV \u00e8 di 1~8 giorni e l'infezione si diffonde presto a tutta la popolazione.  Di solito il coronavirus canino e il parvovirus sono infettati in modo misto, causando diarrea epidemica nei cani.<\/p>","protected":false},"featured_media":1216,"comment_status":"open","ping_status":"closed","template":"","meta":[],"product_brand":[],"product_cat":[20,47],"product_tag":[],"class_list":{"0":"post-1218","1":"product","2":"type-product","3":"status-publish","4":"has-post-thumbnail","6":"product_cat-all-products","7":"product_cat-animals-diagnostic-rapid-test","8":"entry","10":"first","11":"instock","12":"shipping-taxable","13":"product-type-simple"},"_links":{"self":[{"href":"https:\/\/www.testsealabs-kit.com\/it\/wp-json\/wp\/v2\/product\/1218","targetHints":{"allow":["GET"]}}],"collection":[{"href":"https:\/\/www.testsealabs-kit.com\/it\/wp-json\/wp\/v2\/product"}],"about":[{"href":"https:\/\/www.testsealabs-kit.com\/it\/wp-json\/wp\/v2\/types\/product"}],"replies":[{"embeddable":true,"href":"https:\/\/www.testsealabs-kit.com\/it\/wp-json\/wp\/v2\/comments?post=1218"}],"wp:featuredmedia":[{"embeddable":true,"href":"https:\/\/www.testsealabs-kit.com\/it\/wp-json\/wp\/v2\/media\/1216"}],"wp:attachment":[{"href":"https:\/\/www.testsealabs-kit.com\/it\/wp-json\/wp\/v2\/media?parent=1218"}],"wp:term":[{"taxonomy":"product_brand","embeddable":true,"href":"https:\/\/www.testsealabs-kit.com\/it\/wp-json\/wp\/v2\/product_brand?post=1218"},{"taxonomy":"product_cat","embeddable":true,"href":"https:\/\/www.testsealabs-kit.com\/it\/wp-json\/wp\/v2\/product_cat?post=1218"},{"taxonomy":"product_tag","embeddable":true,"href":"https:\/\/www.testsealabs-kit.com\/it\/wp-json\/wp\/v2\/product_tag?post=1218"}],"curies":[{"name":"wp","href":"https:\/\/api.w.org\/{rel}","templated":true}]}}