{"id":1222,"date":"2022-05-19T11:29:08","date_gmt":"2022-05-19T03:29:08","guid":{"rendered":"https:\/\/www.testsealabs-kit.com\/?post_type=product&#038;p=1222"},"modified":"2022-05-19T11:29:08","modified_gmt":"2022-05-19T03:29:08","slug":"pregnancy-relaxin-testrln","status":"publish","type":"product","link":"https:\/\/www.testsealabs-kit.com\/it\/prodotto\/pregnancy-relaxin-testrln\/","title":{"rendered":"Test di Rilassamento in Gravidanza (RLN)"},"content":{"rendered":"<p><span style=\"font-size: 14pt;\">1.Ottenere il risultato entro 15 minuti<\/span><br \/>\n<span style=\"font-size: 14pt;\">2. Facilit\u00e0 di raccolta dei campioni<\/span><br \/>\n<span style=\"font-size: 14pt;\">3. I risultati sono chiaramente visibili<\/span><br \/>\n<span style=\"font-size: 14pt;\">4.Non \u00e8 richiesta alcuna attrezzatura<\/span><br \/>\n<span style=\"font-size: 14pt;\">5.Suitable per lo screening rapido su larga scala<\/span><\/p>","protected":false},"excerpt":{"rendered":"<p>Il prodotto \u00e8 un ormone specifico generato principalmente dalla placenta. Viene solitamente utilizzato come indicatore dello stato di gravidanza nelle femmine di cane. Nei cani gravidi, la relaxina pu\u00f2 essere rilevata a partire da 15 giorni dopo l'annidamento dell'uovo fecondato nella parete dell'utero. Il test RLN per la riluttanza in gravidanza \u00e8 un test rapido per rilevare la relaxina nelle cagne che potrebbero essere gravide. Il periodo di rilevazione suggerito \u00e8 di 22-30 giorni dopo l'accoppiamento. Una rilevazione troppo precoce pu\u00f2 portare a un risultato negativo quando la relaxina nel siero \u00e8 troppo bassa. Si suggerisce di ripetere il test dopo 1 settimana se si osserva un risultato negativo.<\/p>\n<p>Il Canine Pregnancy Relaxin Test \u00e8 un test immunologico cromatografico rapido per la rilevazione qualitativa della realxina nei campioni di siero.<\/p>","protected":false},"featured_media":1216,"comment_status":"open","ping_status":"closed","template":"","meta":[],"product_brand":[],"product_cat":[20,47],"product_tag":[],"class_list":{"0":"post-1222","1":"product","2":"type-product","3":"status-publish","4":"has-post-thumbnail","6":"product_cat-all-products","7":"product_cat-animals-diagnostic-rapid-test","8":"entry","10":"first","11":"instock","12":"shipping-taxable","13":"product-type-simple"},"_links":{"self":[{"href":"https:\/\/www.testsealabs-kit.com\/it\/wp-json\/wp\/v2\/product\/1222","targetHints":{"allow":["GET"]}}],"collection":[{"href":"https:\/\/www.testsealabs-kit.com\/it\/wp-json\/wp\/v2\/product"}],"about":[{"href":"https:\/\/www.testsealabs-kit.com\/it\/wp-json\/wp\/v2\/types\/product"}],"replies":[{"embeddable":true,"href":"https:\/\/www.testsealabs-kit.com\/it\/wp-json\/wp\/v2\/comments?post=1222"}],"wp:featuredmedia":[{"embeddable":true,"href":"https:\/\/www.testsealabs-kit.com\/it\/wp-json\/wp\/v2\/media\/1216"}],"wp:attachment":[{"href":"https:\/\/www.testsealabs-kit.com\/it\/wp-json\/wp\/v2\/media?parent=1222"}],"wp:term":[{"taxonomy":"product_brand","embeddable":true,"href":"https:\/\/www.testsealabs-kit.com\/it\/wp-json\/wp\/v2\/product_brand?post=1222"},{"taxonomy":"product_cat","embeddable":true,"href":"https:\/\/www.testsealabs-kit.com\/it\/wp-json\/wp\/v2\/product_cat?post=1222"},{"taxonomy":"product_tag","embeddable":true,"href":"https:\/\/www.testsealabs-kit.com\/it\/wp-json\/wp\/v2\/product_tag?post=1222"}],"curies":[{"name":"wp","href":"https:\/\/api.w.org\/{rel}","templated":true}]}}