{"id":1227,"date":"2022-05-19T11:36:20","date_gmt":"2022-05-19T03:36:20","guid":{"rendered":"https:\/\/www.testsealabs-kit.com\/?post_type=product&#038;p=1227"},"modified":"2022-05-19T11:36:20","modified_gmt":"2022-05-19T03:36:20","slug":"feline-heartworm-antigen-testfhw-ag","status":"publish","type":"product","link":"https:\/\/www.testsealabs-kit.com\/it\/prodotto\/feline-heartworm-antigen-testfhw-ag\/","title":{"rendered":"Test dell'antigene del verme cardiaco felino (FHW Ag)"},"content":{"rendered":"<p><span style=\"font-size: 14pt;\">1.Ottenere il risultato entro 15 minuti<\/span><br \/>\n<span style=\"font-size: 14pt;\">2. Facilit\u00e0 di raccolta dei campioni<\/span><br \/>\n<span style=\"font-size: 14pt;\">3. I risultati sono chiaramente visibili<\/span><br \/>\n<span style=\"font-size: 14pt;\">4.Non \u00e8 richiesta alcuna attrezzatura<\/span><br \/>\n<span style=\"font-size: 14pt;\">5.Suitable per lo screening rapido su larga scala<\/span><\/p>","protected":false},"excerpt":{"rendered":"<p>Il prodotto \u00e8 un test immunocromatografico a flusso laterale a sandwich per la rilevazione qualitativa dell'antigene felino della zanzara (FHW Ag) nel sangue intero\/siero di un felino.<\/p>\n<p>&nbsp;<\/p>\n<p>La FHW \u00e8 una malattia infettiva che pu\u00f2 infettare gatti di qualsiasi et\u00e0 attraverso la puntura di zanzara. Poich\u00e9 la FHW vive nel cuore dei felini, pu\u00f2 causare endocardite cronica, ipertrofia cardiaca e dilatazione del ventricolo destro. Quando l'infezione \u00e8 grave, la congestione venosa pu\u00f2 portare ad ascite ed epatomegalia.<\/p>","protected":false},"featured_media":1216,"comment_status":"open","ping_status":"closed","template":"","meta":[],"product_brand":[],"product_cat":[20,47],"product_tag":[],"class_list":{"0":"post-1227","1":"product","2":"type-product","3":"status-publish","4":"has-post-thumbnail","6":"product_cat-all-products","7":"product_cat-animals-diagnostic-rapid-test","8":"entry","10":"first","11":"instock","12":"shipping-taxable","13":"product-type-simple"},"_links":{"self":[{"href":"https:\/\/www.testsealabs-kit.com\/it\/wp-json\/wp\/v2\/product\/1227","targetHints":{"allow":["GET"]}}],"collection":[{"href":"https:\/\/www.testsealabs-kit.com\/it\/wp-json\/wp\/v2\/product"}],"about":[{"href":"https:\/\/www.testsealabs-kit.com\/it\/wp-json\/wp\/v2\/types\/product"}],"replies":[{"embeddable":true,"href":"https:\/\/www.testsealabs-kit.com\/it\/wp-json\/wp\/v2\/comments?post=1227"}],"wp:featuredmedia":[{"embeddable":true,"href":"https:\/\/www.testsealabs-kit.com\/it\/wp-json\/wp\/v2\/media\/1216"}],"wp:attachment":[{"href":"https:\/\/www.testsealabs-kit.com\/it\/wp-json\/wp\/v2\/media?parent=1227"}],"wp:term":[{"taxonomy":"product_brand","embeddable":true,"href":"https:\/\/www.testsealabs-kit.com\/it\/wp-json\/wp\/v2\/product_brand?post=1227"},{"taxonomy":"product_cat","embeddable":true,"href":"https:\/\/www.testsealabs-kit.com\/it\/wp-json\/wp\/v2\/product_cat?post=1227"},{"taxonomy":"product_tag","embeddable":true,"href":"https:\/\/www.testsealabs-kit.com\/it\/wp-json\/wp\/v2\/product_tag?post=1227"}],"curies":[{"name":"wp","href":"https:\/\/api.w.org\/{rel}","templated":true}]}}