{"id":1231,"date":"2022-05-19T11:43:56","date_gmt":"2022-05-19T03:43:56","guid":{"rendered":"https:\/\/www.testsealabs-kit.com\/?post_type=product&#038;p=1231"},"modified":"2022-05-19T11:43:56","modified_gmt":"2022-05-19T03:43:56","slug":"canine-toxoplasma-antibody-testc-toxo-ab","status":"publish","type":"product","link":"https:\/\/www.testsealabs-kit.com\/it\/prodotto\/canine-toxoplasma-antibody-testc-toxo-ab\/","title":{"rendered":"Test degli anticorpi del Toxoplasma canino (C.TOXO Ab)"},"content":{"rendered":"<p><span style=\"font-size: 14pt;\">1.Ottenere il risultato entro 15 minuti<\/span><br \/>\n<span style=\"font-size: 14pt;\">2. Facilit\u00e0 di raccolta dei campioni<\/span><br \/>\n<span style=\"font-size: 14pt;\">3. I risultati sono chiaramente visibili<\/span><br \/>\n<span style=\"font-size: 14pt;\">4.Non \u00e8 richiesta alcuna attrezzatura<\/span><br \/>\n<span style=\"font-size: 14pt;\">5.Suitable per lo screening rapido su larga scala<\/span><\/p>","protected":false},"excerpt":{"rendered":"<p>Il prodotto \u00e8 un test immunocromatografico qualitativo a flusso laterale basato sull'oro colloidale per la rilevazione dell'anticorpo del Toxoplasma.<\/p>\n<p>&nbsp;<\/p>\n<p>La toxoplasmosi \u00e8 un tipo di zoonosi causata dal Toxoplasma gondii, che \u00e8 diffuso in tutto il mondo e mette in serio pericolo la salute umana. Il Toxoplasma gondii pu\u00f2 infettare tutti i tipi di bestiame e di animali selvatici, ma \u00e8 pi\u00f9 sensibile agli animali giovani. La principale via di infezione \u00e8 quella orale. Quando la sporata di Toxoplasma gondii viene ingerita da un cane sano, fuoriesce dal tratto intestinale ed entra nel tessuto dell'organismo con la circolazione sanguigna, quindi invade e prolifera rapidamente nelle cellule e si trasforma in una pseudocisti intracellulare, causando sintomi clinici.<\/p>","protected":false},"featured_media":1216,"comment_status":"open","ping_status":"closed","template":"","meta":[],"product_brand":[],"product_cat":[20,47],"product_tag":[],"class_list":{"0":"post-1231","1":"product","2":"type-product","3":"status-publish","4":"has-post-thumbnail","6":"product_cat-all-products","7":"product_cat-animals-diagnostic-rapid-test","8":"entry","10":"first","11":"instock","12":"shipping-taxable","13":"product-type-simple"},"_links":{"self":[{"href":"https:\/\/www.testsealabs-kit.com\/it\/wp-json\/wp\/v2\/product\/1231","targetHints":{"allow":["GET"]}}],"collection":[{"href":"https:\/\/www.testsealabs-kit.com\/it\/wp-json\/wp\/v2\/product"}],"about":[{"href":"https:\/\/www.testsealabs-kit.com\/it\/wp-json\/wp\/v2\/types\/product"}],"replies":[{"embeddable":true,"href":"https:\/\/www.testsealabs-kit.com\/it\/wp-json\/wp\/v2\/comments?post=1231"}],"wp:featuredmedia":[{"embeddable":true,"href":"https:\/\/www.testsealabs-kit.com\/it\/wp-json\/wp\/v2\/media\/1216"}],"wp:attachment":[{"href":"https:\/\/www.testsealabs-kit.com\/it\/wp-json\/wp\/v2\/media?parent=1231"}],"wp:term":[{"taxonomy":"product_brand","embeddable":true,"href":"https:\/\/www.testsealabs-kit.com\/it\/wp-json\/wp\/v2\/product_brand?post=1231"},{"taxonomy":"product_cat","embeddable":true,"href":"https:\/\/www.testsealabs-kit.com\/it\/wp-json\/wp\/v2\/product_cat?post=1231"},{"taxonomy":"product_tag","embeddable":true,"href":"https:\/\/www.testsealabs-kit.com\/it\/wp-json\/wp\/v2\/product_tag?post=1231"}],"curies":[{"name":"wp","href":"https:\/\/api.w.org\/{rel}","templated":true}]}}