{"id":749,"date":"2022-04-07T02:00:56","date_gmt":"2022-04-06T18:00:56","guid":{"rendered":"https:\/\/www.testsealabs-kit.com\/?post_type=product&#038;p=749"},"modified":"2026-04-29T19:57:30","modified_gmt":"2026-04-29T11:57:30","slug":"covid-19-antigen-test-cassette-self-test","status":"publish","type":"product","link":"https:\/\/www.testsealabs-kit.com\/it\/prodotto\/covid-19-antigen-test-cassette-self-test\/","title":{"rendered":"COVID-19 Antigen Test Cassetta-autotest-Tampone nasale"},"content":{"rendered":"<p>Uso previsto\u3011<\/p>\n<p>La cassetta per il test dell'antigene COVID-19 \u00e8 un test rapido per la rilevazione qualitativa dell'antigene nucleocapside della SARS-CoV-2 nei tamponi nasali anteriori. Viene utilizzato come ausilio nella diagnosi dell'infezione da SARS-CoV-2 che pu\u00f2 portare alla malattia COVID-19. Il test pu\u00f2 essere effettuato in qualsiasi momento ed \u00e8 adatto a persone sintomatiche. I minori devono essere assistiti da adulti. Si raccomanda di utilizzare questo test solo come complemento ad altre procedure diagnostiche. Il test \u00e8 progettato per l'autosomministrazione da parte di utenti non esperti e pu\u00f2 essere eseguito al di fuori del laboratorio.<\/p>\n<p>Certificato<\/p>\n<p>CE, ISO9001, ISO13485<\/p>","protected":false},"excerpt":{"rendered":"<p>COVID-19 Antigen Test Test a cassetta \u7b80\u77ed\u63cf\u8ff0<\/p>","protected":false},"featured_media":682,"comment_status":"open","ping_status":"closed","template":"","meta":[],"product_brand":[],"product_cat":[20,26],"product_tag":[],"class_list":{"0":"post-749","1":"product","2":"type-product","3":"status-publish","4":"has-post-thumbnail","6":"product_cat-all-products","7":"product_cat-covid-19-sars-cov-2-rapid-test","8":"entry","10":"first","11":"instock","12":"shipping-taxable","13":"purchasable","14":"product-type-variable","15":"has-default-attributes"},"_links":{"self":[{"href":"https:\/\/www.testsealabs-kit.com\/it\/wp-json\/wp\/v2\/product\/749","targetHints":{"allow":["GET"]}}],"collection":[{"href":"https:\/\/www.testsealabs-kit.com\/it\/wp-json\/wp\/v2\/product"}],"about":[{"href":"https:\/\/www.testsealabs-kit.com\/it\/wp-json\/wp\/v2\/types\/product"}],"replies":[{"embeddable":true,"href":"https:\/\/www.testsealabs-kit.com\/it\/wp-json\/wp\/v2\/comments?post=749"}],"wp:featuredmedia":[{"embeddable":true,"href":"https:\/\/www.testsealabs-kit.com\/it\/wp-json\/wp\/v2\/media\/682"}],"wp:attachment":[{"href":"https:\/\/www.testsealabs-kit.com\/it\/wp-json\/wp\/v2\/media?parent=749"}],"wp:term":[{"taxonomy":"product_brand","embeddable":true,"href":"https:\/\/www.testsealabs-kit.com\/it\/wp-json\/wp\/v2\/product_brand?post=749"},{"taxonomy":"product_cat","embeddable":true,"href":"https:\/\/www.testsealabs-kit.com\/it\/wp-json\/wp\/v2\/product_cat?post=749"},{"taxonomy":"product_tag","embeddable":true,"href":"https:\/\/www.testsealabs-kit.com\/it\/wp-json\/wp\/v2\/product_tag?post=749"}],"curies":[{"name":"wp","href":"https:\/\/api.w.org\/{rel}","templated":true}]}}