{"id":1157,"date":"2022-05-10T22:33:56","date_gmt":"2022-05-10T14:33:56","guid":{"rendered":"https:\/\/www.testsealabs-kit.com\/?post_type=product&#038;p=1157"},"modified":"2022-05-19T10:47:17","modified_gmt":"2022-05-19T02:47:17","slug":"cea-carcinoembryonic-antigen-test","status":"publish","type":"product","link":"https:\/\/www.testsealabs-kit.com\/lt\/produktas\/cea-carcinoembryonic-antigen-test\/","title":{"rendered":"CEA karcinoembrioninio antigeno tyrimas"},"content":{"rendered":"<p><span style=\"font-size: 14pt;\">1.Get rezultat\u0105 per 15 minu\u010di\u0173<\/span><\/p>\n<p><span style=\"font-size: 14pt;\">2.Easy rinkti m\u0117ginius<\/span><\/p>\n<p><span style=\"font-size: 14pt;\">3.Rezultatai yra ai\u0161kiai matomi<\/span><\/p>\n<p><span style=\"font-size: 14pt;\">4.No \u012frangos nereikia<\/span><\/p>\n<p><span style=\"font-size: 14pt;\">5.Tinka didelio masto greitam patikrinimui<\/span><\/p>","protected":false},"excerpt":{"rendered":"<p>\u0160is produktas yra chromatografinis imunofermentin\u0117s analiz\u0117s in vitro diagnostinis testas, skirtas kokybi\u0161kai aptikti kancerogenin\u012f-embrionin\u012f antigen\u0105 (CEA) \u017emogaus kraujo m\u0117ginyje. CEA testai grind\u017eiami daugiasluoksn\u0117s imunoanaliz\u0117s principu, skirtu CEA nustatyti \u017emogaus viso kraujo m\u0117ginyje.<\/p>","protected":false},"featured_media":1166,"comment_status":"open","ping_status":"closed","template":"","meta":[],"product_brand":[],"product_cat":[20,46],"product_tag":[],"class_list":{"0":"post-1157","1":"product","2":"type-product","3":"status-publish","4":"has-post-thumbnail","6":"product_cat-all-products","7":"product_cat-tumor-markers-rapid-test","8":"entry","10":"first","11":"instock","12":"shipping-taxable","13":"purchasable","14":"product-type-variable","15":"has-default-attributes"},"_links":{"self":[{"href":"https:\/\/www.testsealabs-kit.com\/lt\/wp-json\/wp\/v2\/product\/1157","targetHints":{"allow":["GET"]}}],"collection":[{"href":"https:\/\/www.testsealabs-kit.com\/lt\/wp-json\/wp\/v2\/product"}],"about":[{"href":"https:\/\/www.testsealabs-kit.com\/lt\/wp-json\/wp\/v2\/types\/product"}],"replies":[{"embeddable":true,"href":"https:\/\/www.testsealabs-kit.com\/lt\/wp-json\/wp\/v2\/comments?post=1157"}],"wp:featuredmedia":[{"embeddable":true,"href":"https:\/\/www.testsealabs-kit.com\/lt\/wp-json\/wp\/v2\/media\/1166"}],"wp:attachment":[{"href":"https:\/\/www.testsealabs-kit.com\/lt\/wp-json\/wp\/v2\/media?parent=1157"}],"wp:term":[{"taxonomy":"product_brand","embeddable":true,"href":"https:\/\/www.testsealabs-kit.com\/lt\/wp-json\/wp\/v2\/product_brand?post=1157"},{"taxonomy":"product_cat","embeddable":true,"href":"https:\/\/www.testsealabs-kit.com\/lt\/wp-json\/wp\/v2\/product_cat?post=1157"},{"taxonomy":"product_tag","embeddable":true,"href":"https:\/\/www.testsealabs-kit.com\/lt\/wp-json\/wp\/v2\/product_tag?post=1157"}],"curies":[{"name":"wp","href":"https:\/\/api.w.org\/{rel}","templated":true}]}}