{"id":1159,"date":"2022-05-10T22:52:21","date_gmt":"2022-05-10T14:52:21","guid":{"rendered":"https:\/\/www.testsealabs-kit.com\/?post_type=product&#038;p=1159"},"modified":"2022-05-19T10:54:00","modified_gmt":"2022-05-19T02:54:00","slug":"afp-alpha-fetoprotein-test","status":"publish","type":"product","link":"https:\/\/www.testsealabs-kit.com\/lt\/produktas\/afp-alpha-fetoprotein-test\/","title":{"rendered":"AFP alfa-fetoproteino tyrimas"},"content":{"rendered":"<p><span style=\"font-size: 14pt;\">1.Get rezultat\u0105 per 15 minu\u010di\u0173<\/span><\/p>\n<p><span style=\"font-size: 14pt;\">2.Easy rinkti m\u0117ginius<\/span><\/p>\n<p><span style=\"font-size: 14pt;\">3.Rezultatai yra ai\u0161kiai matomi<\/span><\/p>\n<p><span style=\"font-size: 14pt;\">4.No \u012frangos nereikia<\/span><\/p>\n<p><span style=\"font-size: 14pt;\">5.Tinka didelio masto greitam patikrinimui<\/span><\/p>","protected":false},"excerpt":{"rendered":"<p>\u0160is produktas yra chromatografinis imunofermentin\u0117s analiz\u0117s in vitro diagnostinis testas, skirtas kokybi\u0161kai nustatyti alfa fetoprotein\u0105 (AFP) \u017emogaus serume.<\/p>","protected":false},"featured_media":1166,"comment_status":"open","ping_status":"closed","template":"","meta":[],"product_brand":[],"product_cat":[20,46],"product_tag":[],"class_list":{"0":"post-1159","1":"product","2":"type-product","3":"status-publish","4":"has-post-thumbnail","6":"product_cat-all-products","7":"product_cat-tumor-markers-rapid-test","8":"entry","10":"first","11":"instock","12":"shipping-taxable","13":"purchasable","14":"product-type-variable","15":"has-default-attributes"},"_links":{"self":[{"href":"https:\/\/www.testsealabs-kit.com\/lt\/wp-json\/wp\/v2\/product\/1159","targetHints":{"allow":["GET"]}}],"collection":[{"href":"https:\/\/www.testsealabs-kit.com\/lt\/wp-json\/wp\/v2\/product"}],"about":[{"href":"https:\/\/www.testsealabs-kit.com\/lt\/wp-json\/wp\/v2\/types\/product"}],"replies":[{"embeddable":true,"href":"https:\/\/www.testsealabs-kit.com\/lt\/wp-json\/wp\/v2\/comments?post=1159"}],"wp:featuredmedia":[{"embeddable":true,"href":"https:\/\/www.testsealabs-kit.com\/lt\/wp-json\/wp\/v2\/media\/1166"}],"wp:attachment":[{"href":"https:\/\/www.testsealabs-kit.com\/lt\/wp-json\/wp\/v2\/media?parent=1159"}],"wp:term":[{"taxonomy":"product_brand","embeddable":true,"href":"https:\/\/www.testsealabs-kit.com\/lt\/wp-json\/wp\/v2\/product_brand?post=1159"},{"taxonomy":"product_cat","embeddable":true,"href":"https:\/\/www.testsealabs-kit.com\/lt\/wp-json\/wp\/v2\/product_cat?post=1159"},{"taxonomy":"product_tag","embeddable":true,"href":"https:\/\/www.testsealabs-kit.com\/lt\/wp-json\/wp\/v2\/product_tag?post=1159"}],"curies":[{"name":"wp","href":"https:\/\/api.w.org\/{rel}","templated":true}]}}