{"id":1217,"date":"2022-05-19T11:09:59","date_gmt":"2022-05-19T03:09:59","guid":{"rendered":"https:\/\/www.testsealabs-kit.com\/?post_type=product&#038;p=1217"},"modified":"2025-03-10T15:55:44","modified_gmt":"2025-03-10T07:55:44","slug":"canine-distemper-virus-antigen-testcdv-ag","status":"publish","type":"product","link":"https:\/\/www.testsealabs-kit.com\/lt\/produktas\/canine-distemper-virus-antigen-testcdv-ag\/","title":{"rendered":"\u0160un\u0173 maro viruso antigeno tyrimas (CDV Ag)"},"content":{"rendered":"<p><span style=\"font-size: 14pt;\">1.Get rezultat\u0105 per 15 minu\u010di\u0173<\/span><\/p>\n<p><span style=\"font-size: 14pt;\">2.Easy rinkti m\u0117ginius<\/span><\/p>\n<p><span style=\"font-size: 14pt;\">3.Rezultatai yra ai\u0161kiai matomi<\/span><\/p>\n<p><span style=\"font-size: 14pt;\">4.No \u012frangos nereikia<\/span><\/p>\n<p><span style=\"font-size: 14pt;\">5.Tinka didelio masto greitam patikrinimui<\/span><\/p>","protected":false},"excerpt":{"rendered":"<p>\u0160is produktas yra \u0161oninio srauto imunochromatografinis tyrimas, skirtas kokybi\u0161kai nustatyti \u0161un\u0173 maro viruso antigen\u0105 (CDV Ag) seili\u0173, aki\u0173 ir jungin\u0117s i\u0161skyr\u0173 sekretuose.<\/p>\n<p>&nbsp;<\/p>\n<p>\u0160un\u0173 maras yra visame pasaulyje paplitusi \u016bmi ir labai u\u017ekre\u010diama virusin\u0117 infekcin\u0117 liga. Nat\u016bralus CDV u\u017esikr\u0117timo b\u016bdas - per vir\u0161utinius kv\u0117pavimo takus. U\u017esikr\u0117tus CDV, CDV pa\u017eeid\u017eia \u017earnyno epitelio ir kardiomiocit\u0173 l\u0105steles. Pagrindiniai klinikiniai po\u017eymiai yra vir\u0161kinamojo trakto ligos ir miokarditas, dauguma \u0161uniuk\u0173 suserga miokarditu. \u0160un\u0173 maras yra infekcin\u0117 liga, pasi\u017eyminti dideliu sergamumu, dideliu mirtingumu ir da\u017enais protr\u016bkiais. U\u017esikr\u0117sti gali \u012fvairaus am\u017eiaus, lyties ir veisli\u0173 \u0161unys.<\/p>","protected":false},"featured_media":1216,"comment_status":"open","ping_status":"closed","template":"","meta":[],"product_brand":[],"product_cat":[20,47],"product_tag":[],"class_list":{"0":"post-1217","1":"product","2":"type-product","3":"status-publish","4":"has-post-thumbnail","6":"product_cat-all-products","7":"product_cat-animals-diagnostic-rapid-test","8":"entry","10":"first","11":"instock","12":"shipping-taxable","13":"product-type-simple"},"_links":{"self":[{"href":"https:\/\/www.testsealabs-kit.com\/lt\/wp-json\/wp\/v2\/product\/1217","targetHints":{"allow":["GET"]}}],"collection":[{"href":"https:\/\/www.testsealabs-kit.com\/lt\/wp-json\/wp\/v2\/product"}],"about":[{"href":"https:\/\/www.testsealabs-kit.com\/lt\/wp-json\/wp\/v2\/types\/product"}],"replies":[{"embeddable":true,"href":"https:\/\/www.testsealabs-kit.com\/lt\/wp-json\/wp\/v2\/comments?post=1217"}],"wp:featuredmedia":[{"embeddable":true,"href":"https:\/\/www.testsealabs-kit.com\/lt\/wp-json\/wp\/v2\/media\/1216"}],"wp:attachment":[{"href":"https:\/\/www.testsealabs-kit.com\/lt\/wp-json\/wp\/v2\/media?parent=1217"}],"wp:term":[{"taxonomy":"product_brand","embeddable":true,"href":"https:\/\/www.testsealabs-kit.com\/lt\/wp-json\/wp\/v2\/product_brand?post=1217"},{"taxonomy":"product_cat","embeddable":true,"href":"https:\/\/www.testsealabs-kit.com\/lt\/wp-json\/wp\/v2\/product_cat?post=1217"},{"taxonomy":"product_tag","embeddable":true,"href":"https:\/\/www.testsealabs-kit.com\/lt\/wp-json\/wp\/v2\/product_tag?post=1217"}],"curies":[{"name":"wp","href":"https:\/\/api.w.org\/{rel}","templated":true}]}}