{"id":1220,"date":"2022-05-19T11:22:05","date_gmt":"2022-05-19T03:22:05","guid":{"rendered":"https:\/\/www.testsealabs-kit.com\/?post_type=product&#038;p=1220"},"modified":"2022-05-19T11:22:05","modified_gmt":"2022-05-19T03:22:05","slug":"feline-panleucopenia-antigen-testfpv-ag","status":"publish","type":"product","link":"https:\/\/www.testsealabs-kit.com\/lt\/produktas\/feline-panleucopenia-antigen-testfpv-ag\/","title":{"rendered":"Ka\u010di\u0173 panleukopenijos antigeno tyrimas (FPV Ag)"},"content":{"rendered":"<p><span style=\"font-size: 14pt;\">1.Get rezultat\u0105 per 15 minu\u010di\u0173<\/span><br \/>\n<span style=\"font-size: 14pt;\">2.Easy rinkti m\u0117ginius<\/span><br \/>\n<span style=\"font-size: 14pt;\">3.Rezultatai yra ai\u0161kiai matomi<\/span><br \/>\n<span style=\"font-size: 14pt;\">4.No \u012frangos nereikia<\/span><br \/>\n<span style=\"font-size: 14pt;\">5.Tinka didelio masto greitam patikrinimui<\/span><\/p>","protected":false},"excerpt":{"rendered":"<p>\u0160is produktas yra \u0161oninio srauto imunochromatografinis tyrimas, skirtas ka\u010di\u0173 parvoviruso antigenui (FPV Ag) kokybi\u0161kai nustatyti ka\u010di\u0173 i\u0161matose.<\/p>\n<p>&nbsp;<\/p>\n<p>FPV gali sukelti ka\u010di\u0173 leukocitopenij\u0105, dar vadinam\u0105 ka\u010di\u0173 maru, ir tai yra \u016bmi labai u\u017ekre\u010diama liga. FPV gali b\u016bti perduodama tiesioginio ar netiesioginio kontakto metu nat\u016braliomis s\u0105lygomis, o n\u0117\u0161tumo metu gali b\u016bti perduodama vaisiui vertikaliai per placent\u0105. Ka\u010di\u0173 maru da\u017eniau sergama \u017eiem\u0105 ir pavasar\u012f.<\/p>","protected":false},"featured_media":1216,"comment_status":"open","ping_status":"closed","template":"","meta":[],"product_brand":[],"product_cat":[20,47],"product_tag":[],"class_list":{"0":"post-1220","1":"product","2":"type-product","3":"status-publish","4":"has-post-thumbnail","6":"product_cat-all-products","7":"product_cat-animals-diagnostic-rapid-test","8":"entry","10":"first","11":"instock","12":"shipping-taxable","13":"product-type-simple"},"_links":{"self":[{"href":"https:\/\/www.testsealabs-kit.com\/lt\/wp-json\/wp\/v2\/product\/1220","targetHints":{"allow":["GET"]}}],"collection":[{"href":"https:\/\/www.testsealabs-kit.com\/lt\/wp-json\/wp\/v2\/product"}],"about":[{"href":"https:\/\/www.testsealabs-kit.com\/lt\/wp-json\/wp\/v2\/types\/product"}],"replies":[{"embeddable":true,"href":"https:\/\/www.testsealabs-kit.com\/lt\/wp-json\/wp\/v2\/comments?post=1220"}],"wp:featuredmedia":[{"embeddable":true,"href":"https:\/\/www.testsealabs-kit.com\/lt\/wp-json\/wp\/v2\/media\/1216"}],"wp:attachment":[{"href":"https:\/\/www.testsealabs-kit.com\/lt\/wp-json\/wp\/v2\/media?parent=1220"}],"wp:term":[{"taxonomy":"product_brand","embeddable":true,"href":"https:\/\/www.testsealabs-kit.com\/lt\/wp-json\/wp\/v2\/product_brand?post=1220"},{"taxonomy":"product_cat","embeddable":true,"href":"https:\/\/www.testsealabs-kit.com\/lt\/wp-json\/wp\/v2\/product_cat?post=1220"},{"taxonomy":"product_tag","embeddable":true,"href":"https:\/\/www.testsealabs-kit.com\/lt\/wp-json\/wp\/v2\/product_tag?post=1220"}],"curies":[{"name":"wp","href":"https:\/\/api.w.org\/{rel}","templated":true}]}}