{"id":1222,"date":"2022-05-19T11:29:08","date_gmt":"2022-05-19T03:29:08","guid":{"rendered":"https:\/\/www.testsealabs-kit.com\/?post_type=product&#038;p=1222"},"modified":"2022-05-19T11:29:08","modified_gmt":"2022-05-19T03:29:08","slug":"pregnancy-relaxin-testrln","status":"publish","type":"product","link":"https:\/\/www.testsealabs-kit.com\/lt\/produktas\/pregnancy-relaxin-testrln\/","title":{"rendered":"N\u0117\u0161tumo relaksino testas (RLN)"},"content":{"rendered":"<p><span style=\"font-size: 14pt;\">1.Get rezultat\u0105 per 15 minu\u010di\u0173<\/span><br \/>\n<span style=\"font-size: 14pt;\">2.Easy rinkti m\u0117ginius<\/span><br \/>\n<span style=\"font-size: 14pt;\">3.Rezultatai yra ai\u0161kiai matomi<\/span><br \/>\n<span style=\"font-size: 14pt;\">4.No \u012frangos nereikia<\/span><br \/>\n<span style=\"font-size: 14pt;\">5.Tinka didelio masto greitam patikrinimui<\/span><\/p>","protected":false},"excerpt":{"rendered":"<p>\u0160is produktas yra specifinis hormonas, kur\u012f daugiausia gamina placenta. Jis paprastai naudojamas kaip \u0161un\u0173 pateli\u0173 n\u0117\u0161tumo indikatorius. N\u0117\u0161\u010dioms \u0161unims relaksin\u0105 galima aptikti pra\u0117jus 15 dien\u0173 po apvaisinto kiau\u0161in\u0117lio nidacijos gimdos sienel\u0117je. N\u0117\u0161tumo relaksino RLN testas - tai greitas testas, skirtas nustatyti relaksin\u0105 kal\u0117ms, kurios gali b\u016bti n\u0117\u0161\u010dios. Si\u016blomas aptikimo laikotarpis - 22-30 dien\u0173 po kergimo. Per ankstyvas aptikimas gali lemti neigiam\u0105 rezultat\u0105, kai relaksino serume yra per ma\u017eai. Jei gautas neigiamas rezultatas, test\u0105 si\u016bloma pakartoti po 1 savait\u0117s.<\/p>\n<p>\u0160un\u0173 n\u0117\u0161tumo relaksino testas yra greitas chromatografinis imunologinis tyrimas, skirtas kokybi\u0161kai nustatyti realksin\u0105 serumo m\u0117giniuose.<\/p>","protected":false},"featured_media":1216,"comment_status":"open","ping_status":"closed","template":"","meta":[],"product_brand":[],"product_cat":[20,47],"product_tag":[],"class_list":{"0":"post-1222","1":"product","2":"type-product","3":"status-publish","4":"has-post-thumbnail","6":"product_cat-all-products","7":"product_cat-animals-diagnostic-rapid-test","8":"entry","10":"first","11":"instock","12":"shipping-taxable","13":"product-type-simple"},"_links":{"self":[{"href":"https:\/\/www.testsealabs-kit.com\/lt\/wp-json\/wp\/v2\/product\/1222","targetHints":{"allow":["GET"]}}],"collection":[{"href":"https:\/\/www.testsealabs-kit.com\/lt\/wp-json\/wp\/v2\/product"}],"about":[{"href":"https:\/\/www.testsealabs-kit.com\/lt\/wp-json\/wp\/v2\/types\/product"}],"replies":[{"embeddable":true,"href":"https:\/\/www.testsealabs-kit.com\/lt\/wp-json\/wp\/v2\/comments?post=1222"}],"wp:featuredmedia":[{"embeddable":true,"href":"https:\/\/www.testsealabs-kit.com\/lt\/wp-json\/wp\/v2\/media\/1216"}],"wp:attachment":[{"href":"https:\/\/www.testsealabs-kit.com\/lt\/wp-json\/wp\/v2\/media?parent=1222"}],"wp:term":[{"taxonomy":"product_brand","embeddable":true,"href":"https:\/\/www.testsealabs-kit.com\/lt\/wp-json\/wp\/v2\/product_brand?post=1222"},{"taxonomy":"product_cat","embeddable":true,"href":"https:\/\/www.testsealabs-kit.com\/lt\/wp-json\/wp\/v2\/product_cat?post=1222"},{"taxonomy":"product_tag","embeddable":true,"href":"https:\/\/www.testsealabs-kit.com\/lt\/wp-json\/wp\/v2\/product_tag?post=1222"}],"curies":[{"name":"wp","href":"https:\/\/api.w.org\/{rel}","templated":true}]}}