{"id":1224,"date":"2022-05-19T11:31:00","date_gmt":"2022-05-19T03:31:00","guid":{"rendered":"https:\/\/www.testsealabs-kit.com\/?post_type=product&#038;p=1224"},"modified":"2022-05-19T11:31:01","modified_gmt":"2022-05-19T03:31:01","slug":"feline-leukemia-virus-antigen-testfelv-ag","status":"publish","type":"product","link":"https:\/\/www.testsealabs-kit.com\/lt\/produktas\/feline-leukemia-virus-antigen-testfelv-ag\/","title":{"rendered":"Ka\u010di\u0173 leukemijos viruso antigeno tyrimas (FeLV Ag)"},"content":{"rendered":"<p><span style=\"font-size: 14pt;\">1.Get rezultat\u0105 per 15 minu\u010di\u0173<\/span><br \/>\n<span style=\"font-size: 14pt;\">2.Easy rinkti m\u0117ginius<\/span><br \/>\n<span style=\"font-size: 14pt;\">3.Rezultatai yra ai\u0161kiai matomi<\/span><br \/>\n<span style=\"font-size: 14pt;\">4.No \u012frangos nereikia<\/span><br \/>\n<span style=\"font-size: 14pt;\">5.Tinka didelio masto greitam patikrinimui<\/span><\/p>","protected":false},"excerpt":{"rendered":"<p>Produktas daugiausia sukelia ka\u010di\u0173 leukemij\u0105 ir imunodeficito ligas. FeLV gali b\u016bti vertikaliai perduodamas kitai kartai nuo u\u017esikr\u0117tusi\u0173 ka\u010di\u0173 n\u0117\u0161tumo ar \u017eindymo metu arba horizontaliai perduodamas imliai populiacijai per kontakt\u0105 su seil\u0117mis, a\u0161ar\u0173 liaukomis, \u0161lapimu ar i\u0161matomis.<\/p>","protected":false},"featured_media":1216,"comment_status":"open","ping_status":"closed","template":"","meta":[],"product_brand":[],"product_cat":[20,47],"product_tag":[],"class_list":{"0":"post-1224","1":"product","2":"type-product","3":"status-publish","4":"has-post-thumbnail","6":"product_cat-all-products","7":"product_cat-animals-diagnostic-rapid-test","8":"entry","10":"first","11":"instock","12":"shipping-taxable","13":"product-type-simple"},"_links":{"self":[{"href":"https:\/\/www.testsealabs-kit.com\/lt\/wp-json\/wp\/v2\/product\/1224","targetHints":{"allow":["GET"]}}],"collection":[{"href":"https:\/\/www.testsealabs-kit.com\/lt\/wp-json\/wp\/v2\/product"}],"about":[{"href":"https:\/\/www.testsealabs-kit.com\/lt\/wp-json\/wp\/v2\/types\/product"}],"replies":[{"embeddable":true,"href":"https:\/\/www.testsealabs-kit.com\/lt\/wp-json\/wp\/v2\/comments?post=1224"}],"wp:featuredmedia":[{"embeddable":true,"href":"https:\/\/www.testsealabs-kit.com\/lt\/wp-json\/wp\/v2\/media\/1216"}],"wp:attachment":[{"href":"https:\/\/www.testsealabs-kit.com\/lt\/wp-json\/wp\/v2\/media?parent=1224"}],"wp:term":[{"taxonomy":"product_brand","embeddable":true,"href":"https:\/\/www.testsealabs-kit.com\/lt\/wp-json\/wp\/v2\/product_brand?post=1224"},{"taxonomy":"product_cat","embeddable":true,"href":"https:\/\/www.testsealabs-kit.com\/lt\/wp-json\/wp\/v2\/product_cat?post=1224"},{"taxonomy":"product_tag","embeddable":true,"href":"https:\/\/www.testsealabs-kit.com\/lt\/wp-json\/wp\/v2\/product_tag?post=1224"}],"curies":[{"name":"wp","href":"https:\/\/api.w.org\/{rel}","templated":true}]}}