{"id":1225,"date":"2022-05-19T11:32:42","date_gmt":"2022-05-19T03:32:42","guid":{"rendered":"https:\/\/www.testsealabs-kit.com\/?post_type=product&#038;p=1225"},"modified":"2022-05-19T11:32:42","modified_gmt":"2022-05-19T03:32:42","slug":"canine-heartworm-antigen-testchw-ag","status":"publish","type":"product","link":"https:\/\/www.testsealabs-kit.com\/lt\/produktas\/canine-heartworm-antigen-testchw-ag\/","title":{"rendered":"\u0160un\u0173 \u0161irdies kirm\u0117li\u0173 antigeno testas (CHW Ag)"},"content":{"rendered":"<p><span style=\"font-size: 14pt;\">1.Get rezultat\u0105 per 15 minu\u010di\u0173<\/span><br \/>\n<span style=\"font-size: 14pt;\">2.Easy rinkti m\u0117ginius<\/span><br \/>\n<span style=\"font-size: 14pt;\">3.Rezultatai yra ai\u0161kiai matomi<\/span><br \/>\n<span style=\"font-size: 14pt;\">4.No \u012frangos nereikia<\/span><br \/>\n<span style=\"font-size: 14pt;\">5.Tinka didelio masto greitam patikrinimui<\/span><\/p>","protected":false},"excerpt":{"rendered":"<p>\u0160is produktas yra daugiasluoksnis \u0161oninio srauto imunochromatografinis tyrimas, skirtas kokybi\u0161kai nustatyti \u0161un\u0173 \u0161irdies kirm\u0117li\u0173 antigen\u0105 (CHW Ag) \u0161un\u0173 sveikame kraujyje\/serume.<\/p>\n<p>&nbsp;<\/p>\n<p>CHW yra infekcin\u0117 liga, kuria gali u\u017esikr\u0117sti bet kokio am\u017eiaus \u0161unys per uod\u0173 \u012fkandimus. Kadangi CHW gyvena \u0161un\u0173 \u0161irdyje, ji gali sukelti l\u0117tin\u012f endokardit\u0105, \u0161irdies hipertrofij\u0105 ir de\u0161iniojo skilvelio i\u0161sipl\u0117tim\u0105. Kai infekcija sunki, ven\u0173 u\u017esikim\u0161imas gali sukelti ascit\u0105 ir hepatomegalij\u0105.<\/p>","protected":false},"featured_media":1216,"comment_status":"open","ping_status":"closed","template":"","meta":[],"product_brand":[],"product_cat":[20,47],"product_tag":[],"class_list":{"0":"post-1225","1":"product","2":"type-product","3":"status-publish","4":"has-post-thumbnail","6":"product_cat-all-products","7":"product_cat-animals-diagnostic-rapid-test","8":"entry","10":"first","11":"instock","12":"shipping-taxable","13":"product-type-simple"},"_links":{"self":[{"href":"https:\/\/www.testsealabs-kit.com\/lt\/wp-json\/wp\/v2\/product\/1225","targetHints":{"allow":["GET"]}}],"collection":[{"href":"https:\/\/www.testsealabs-kit.com\/lt\/wp-json\/wp\/v2\/product"}],"about":[{"href":"https:\/\/www.testsealabs-kit.com\/lt\/wp-json\/wp\/v2\/types\/product"}],"replies":[{"embeddable":true,"href":"https:\/\/www.testsealabs-kit.com\/lt\/wp-json\/wp\/v2\/comments?post=1225"}],"wp:featuredmedia":[{"embeddable":true,"href":"https:\/\/www.testsealabs-kit.com\/lt\/wp-json\/wp\/v2\/media\/1216"}],"wp:attachment":[{"href":"https:\/\/www.testsealabs-kit.com\/lt\/wp-json\/wp\/v2\/media?parent=1225"}],"wp:term":[{"taxonomy":"product_brand","embeddable":true,"href":"https:\/\/www.testsealabs-kit.com\/lt\/wp-json\/wp\/v2\/product_brand?post=1225"},{"taxonomy":"product_cat","embeddable":true,"href":"https:\/\/www.testsealabs-kit.com\/lt\/wp-json\/wp\/v2\/product_cat?post=1225"},{"taxonomy":"product_tag","embeddable":true,"href":"https:\/\/www.testsealabs-kit.com\/lt\/wp-json\/wp\/v2\/product_tag?post=1225"}],"curies":[{"name":"wp","href":"https:\/\/api.w.org\/{rel}","templated":true}]}}