{"id":1232,"date":"2022-05-19T11:54:52","date_gmt":"2022-05-19T03:54:52","guid":{"rendered":"https:\/\/www.testsealabs-kit.com\/?post_type=product&#038;p=1232"},"modified":"2025-10-23T10:22:03","modified_gmt":"2025-10-23T02:22:03","slug":"feline-toxoplasma-antibody-testf-toxo-ab","status":"publish","type":"product","link":"https:\/\/www.testsealabs-kit.com\/lt\/produktas\/feline-toxoplasma-antibody-testf-toxo-ab\/","title":{"rendered":"Ka\u010di\u0173 toksoplazmos antik\u016bn\u0173 tyrimas (F.TOXO Ab)"},"content":{"rendered":"<p><span style=\"font-size: 14pt;\">1.Get rezultat\u0105 per 15 minu\u010di\u0173<\/span><br \/>\n<span style=\"font-size: 14pt;\">2.Easy rinkti m\u0117ginius<\/span><br \/>\n<span style=\"font-size: 14pt;\">3.Rezultatai yra ai\u0161kiai matomi<\/span><br \/>\n<span style=\"font-size: 14pt;\">4.No \u012frangos nereikia<\/span><br \/>\n<span style=\"font-size: 14pt;\">5.Tinka didelio masto greitam patikrinimui<\/span><\/p>","protected":false},"excerpt":{"rendered":"<p>\u0160is produktas yra kokybinis koloidinio aukso pagrindu atliekamas \u0161oninio srauto imunochromatografinis tyrimas, skirtas toksoplazmos antik\u016bnui nustatyti.<\/p>\n<p>&nbsp;<\/p>\n<p>Toksoplazmoz\u0117 yra Toxoplasma gondii sukeliama zoonoz\u0117, paplitusi visame pasaulyje ir kelianti didel\u012f pavoj\u0173 \u017emoni\u0173 sveikatai. Toxoplasma gondii gali u\u017ekr\u0117sti vis\u0173 r\u016b\u0161i\u0173 gyvulius ir laukinius gyv\u016bnus, ta\u010diau jautriausi jai yra jauni gyv\u016bnai. Pagrindinis u\u017esikr\u0117timo b\u016bdas - per burn\u0105. Kai sveikas katinas praryja Toxoplasma gondii sporatocit\u0105, jis i\u0161tr\u016bksta i\u0161 \u017earnyno trakto ir su kraujotaka patenka \u012f organizmo audinius, tada \u012fsiskverbia \u012f l\u0105steles, spar\u010diai jose dauginasi ir virsta tarpl\u0105steline pseudocista, sukelian\u010dia klinikinius simptomus.<\/p>","protected":false},"featured_media":1216,"comment_status":"open","ping_status":"closed","template":"","meta":[],"product_brand":[],"product_cat":[20,47],"product_tag":[],"class_list":{"0":"post-1232","1":"product","2":"type-product","3":"status-publish","4":"has-post-thumbnail","6":"product_cat-all-products","7":"product_cat-animals-diagnostic-rapid-test","8":"entry","10":"first","11":"instock","12":"shipping-taxable","13":"product-type-simple"},"_links":{"self":[{"href":"https:\/\/www.testsealabs-kit.com\/lt\/wp-json\/wp\/v2\/product\/1232","targetHints":{"allow":["GET"]}}],"collection":[{"href":"https:\/\/www.testsealabs-kit.com\/lt\/wp-json\/wp\/v2\/product"}],"about":[{"href":"https:\/\/www.testsealabs-kit.com\/lt\/wp-json\/wp\/v2\/types\/product"}],"replies":[{"embeddable":true,"href":"https:\/\/www.testsealabs-kit.com\/lt\/wp-json\/wp\/v2\/comments?post=1232"}],"wp:featuredmedia":[{"embeddable":true,"href":"https:\/\/www.testsealabs-kit.com\/lt\/wp-json\/wp\/v2\/media\/1216"}],"wp:attachment":[{"href":"https:\/\/www.testsealabs-kit.com\/lt\/wp-json\/wp\/v2\/media?parent=1232"}],"wp:term":[{"taxonomy":"product_brand","embeddable":true,"href":"https:\/\/www.testsealabs-kit.com\/lt\/wp-json\/wp\/v2\/product_brand?post=1232"},{"taxonomy":"product_cat","embeddable":true,"href":"https:\/\/www.testsealabs-kit.com\/lt\/wp-json\/wp\/v2\/product_cat?post=1232"},{"taxonomy":"product_tag","embeddable":true,"href":"https:\/\/www.testsealabs-kit.com\/lt\/wp-json\/wp\/v2\/product_tag?post=1232"}],"curies":[{"name":"wp","href":"https:\/\/api.w.org\/{rel}","templated":true}]}}