{"id":1235,"date":"2022-05-19T12:00:01","date_gmt":"2022-05-19T04:00:01","guid":{"rendered":"https:\/\/www.testsealabs-kit.com\/?post_type=product&#038;p=1235"},"modified":"2026-02-06T12:36:57","modified_gmt":"2026-02-06T04:36:57","slug":"rabies-antibody-testrabies-ab","status":"publish","type":"product","link":"https:\/\/www.testsealabs-kit.com\/lt\/produktas\/rabies-antibody-testrabies-ab\/","title":{"rendered":"Pasiutlig\u0117s antik\u016bn\u0173 tyrimas (Rabies Ab)"},"content":{"rendered":"<p><span style=\"font-size: 14pt;\">1.Get rezultat\u0105 per 15 minu\u010di\u0173<\/span><br \/>\n<span style=\"font-size: 14pt;\">2.Easy rinkti m\u0117ginius<\/span><br \/>\n<span style=\"font-size: 14pt;\">3.Rezultatai yra ai\u0161kiai matomi<\/span><br \/>\n<span style=\"font-size: 14pt;\">4.No \u012frangos nereikia<\/span><br \/>\n<span style=\"font-size: 14pt;\">5.Tinka didelio masto greitam patikrinimui<\/span><\/p>","protected":false},"excerpt":{"rendered":"<p>Pasiutlig\u0117s antik\u016bn\u0173 testas yra \u0161oninio srauto imunochromatografinis tyrimas, skirtas pasiutlig\u0117s viruso antik\u016bnams (Rabies Ab), kuri\u0173 kiekis vir\u0161ija 0,5IU\/ml, kokybi\u0161kai aptikti \u0161uns pilname kraujyje\/serume.<\/p>\n<p>&nbsp;<\/p>\n<p>Produktas yra gyvybi\u0161kai svarbi liga ir gyv\u016bnams, ir \u017emon\u0117ms. \u0160uo ar kat\u0117 gali b\u016bti ligos ne\u0161iotojai be joki\u0173 klinikini\u0173 simptom\u0173. Vakcinacija akivaizd\u017eiai suma\u017eina pasiutlig\u0117s viruso ne\u0161iotoj\u0173 ir u\u017esikr\u0117tusi\u0173j\u0173 santyk\u012f. Ta\u010diau net ir po vakcinacijos vis dar lieka apie 15% vis\u0173 atvej\u0173, kuriems negal\u0117jo susidaryti apsauginiai antik\u016bnai. Si\u016bloma nustatyti pasiutlig\u0117s antik\u016bnus \u0161unims po 45 dien\u0173 vakcinacijos.<\/p>","protected":false},"featured_media":1216,"comment_status":"open","ping_status":"closed","template":"","meta":[],"product_brand":[],"product_cat":[20,47],"product_tag":[],"class_list":{"0":"post-1235","1":"product","2":"type-product","3":"status-publish","4":"has-post-thumbnail","6":"product_cat-all-products","7":"product_cat-animals-diagnostic-rapid-test","8":"entry","10":"first","11":"instock","12":"shipping-taxable","13":"product-type-simple"},"_links":{"self":[{"href":"https:\/\/www.testsealabs-kit.com\/lt\/wp-json\/wp\/v2\/product\/1235","targetHints":{"allow":["GET"]}}],"collection":[{"href":"https:\/\/www.testsealabs-kit.com\/lt\/wp-json\/wp\/v2\/product"}],"about":[{"href":"https:\/\/www.testsealabs-kit.com\/lt\/wp-json\/wp\/v2\/types\/product"}],"replies":[{"embeddable":true,"href":"https:\/\/www.testsealabs-kit.com\/lt\/wp-json\/wp\/v2\/comments?post=1235"}],"wp:featuredmedia":[{"embeddable":true,"href":"https:\/\/www.testsealabs-kit.com\/lt\/wp-json\/wp\/v2\/media\/1216"}],"wp:attachment":[{"href":"https:\/\/www.testsealabs-kit.com\/lt\/wp-json\/wp\/v2\/media?parent=1235"}],"wp:term":[{"taxonomy":"product_brand","embeddable":true,"href":"https:\/\/www.testsealabs-kit.com\/lt\/wp-json\/wp\/v2\/product_brand?post=1235"},{"taxonomy":"product_cat","embeddable":true,"href":"https:\/\/www.testsealabs-kit.com\/lt\/wp-json\/wp\/v2\/product_cat?post=1235"},{"taxonomy":"product_tag","embeddable":true,"href":"https:\/\/www.testsealabs-kit.com\/lt\/wp-json\/wp\/v2\/product_tag?post=1235"}],"curies":[{"name":"wp","href":"https:\/\/api.w.org\/{rel}","templated":true}]}}