{"id":945,"date":"2022-04-25T20:40:10","date_gmt":"2022-04-25T12:40:10","guid":{"rendered":"https:\/\/www.testsealabs-kit.com\/?post_type=product&#038;p=945"},"modified":"2022-05-10T23:01:59","modified_gmt":"2022-05-10T15:01:59","slug":"flu-a-b-covid-19-antigen-combo-test-cassette-professional-use","status":"publish","type":"product","link":"https:\/\/www.testsealabs-kit.com\/lt\/produktas\/flu-a-b-covid-19-antigen-combo-test-cassette-professional-use\/","title":{"rendered":"Gripo A\/B + COVID-19 antigeno kombinuotojo testo kaset\u0117-profesionaliam naudojimui"},"content":{"rendered":"<p>\u3010Tikimas naudojimas\u3011<\/p>\n<p>Testas skirtas naudoti vienu metu greitai in vitro nustatant ir diferencijuojant<\/p>\n<p>A gripo viruso, B gripo viruso ir COVID-19 viruso nukleokapsidinio baltymo antigeno, bet ne<\/p>\n<p>neatskiria SARS-CoV ir COVID-19 virus\u0173 ir n\u0117ra skirtas SARS-CoV ir COVID-19 virusams aptikti.<\/p>\n<p>gripo C antigenai. Veikimo charakteristikos gali skirtis prie\u0161 kitus naujus gripo virusus.<\/p>\n<p>virusai.<\/p>\n<p>A, B ir COVID-19 gripo virus\u0173 antigenai paprastai aptinkami vir\u0161utini\u0173 kv\u0117pavimo tak\u0173 m\u0117giniuose \u016bmios infekcijos faz\u0117s metu. Teigiami rezultatai rodo, kad yra viruso antigen\u0173, ta\u010diau infekcijos b\u016bklei nustatyti b\u016btina klinikin\u0117 koreliacija su paciento anamneze ir kita diagnostine informacija.<\/p>\n<p>Teigiami rezultatai neatmeta bakterin\u0117s infekcijos ar koinfekcijos su kitais virusais galimyb\u0117s. Veiksnys<\/p>\n<p>aptiktos ligos prie\u017eastis gali b\u016bti neabejotina.<\/p>\n<p>Neigiami COVID-19 rezultatai pacientams, kuriems simptomai pasirei\u0161k\u0117 po penki\u0173 dien\u0173, tur\u0117t\u0173 b\u016bti<\/p>\n<p>laikomas numanomu ir, jei reikia, patvirtinamas molekuliniu tyrimu.<\/p>\n<p>valdymas, gali b\u016bti atliekamas. Neigiami rezultatai neatmeta COVID-19 ir netur\u0117t\u0173 b\u016bti<\/p>\n<p>naudojami kaip vienintelis gydymo ar paciento valdymo sprendim\u0173 pagrindas, \u012fskaitant infekcijos<\/p>\n<p>kontrol\u0117s sprendimus. Neigiami rezultatai tur\u0117t\u0173 b\u016bti vertinami atsi\u017evelgiant \u012f paciento neseniai<\/p>\n<p>poveikis, anamnez\u0117 ir klinikiniai po\u017eymiai bei simptomai, atitinkantys COVID-19.<\/p>\n<p>Neigiami rezultatai neatmeta galimyb\u0117s u\u017esikr\u0117sti gripo virusu ir netur\u0117t\u0173 b\u016bti naudojami kaip vienintelis<\/p>\n<p>gydymo ar kit\u0173 paciento valdymo sprendim\u0173 pagrindas.<\/p>\n<p>\u3010Sertifikatas\u3011<\/p>\n<p>CE, ISO9001, ISO13485<\/p>","protected":false},"excerpt":{"rendered":"<p>COVID-19 antigeno testas Kasetinis savikontrol\u0117s testas \u7b80\u77ed\u63cf\u8ff0<\/p>","protected":false},"featured_media":948,"comment_status":"open","ping_status":"closed","template":"","meta":[],"product_brand":[],"product_cat":[20,26],"product_tag":[],"class_list":{"0":"post-945","1":"product","2":"type-product","3":"status-publish","4":"has-post-thumbnail","6":"product_cat-all-products","7":"product_cat-covid-19-sars-cov-2-rapid-test","8":"entry","10":"first","11":"instock","12":"shipping-taxable","13":"purchasable","14":"product-type-variable","15":"has-default-attributes"},"_links":{"self":[{"href":"https:\/\/www.testsealabs-kit.com\/lt\/wp-json\/wp\/v2\/product\/945","targetHints":{"allow":["GET"]}}],"collection":[{"href":"https:\/\/www.testsealabs-kit.com\/lt\/wp-json\/wp\/v2\/product"}],"about":[{"href":"https:\/\/www.testsealabs-kit.com\/lt\/wp-json\/wp\/v2\/types\/product"}],"replies":[{"embeddable":true,"href":"https:\/\/www.testsealabs-kit.com\/lt\/wp-json\/wp\/v2\/comments?post=945"}],"wp:featuredmedia":[{"embeddable":true,"href":"https:\/\/www.testsealabs-kit.com\/lt\/wp-json\/wp\/v2\/media\/948"}],"wp:attachment":[{"href":"https:\/\/www.testsealabs-kit.com\/lt\/wp-json\/wp\/v2\/media?parent=945"}],"wp:term":[{"taxonomy":"product_brand","embeddable":true,"href":"https:\/\/www.testsealabs-kit.com\/lt\/wp-json\/wp\/v2\/product_brand?post=945"},{"taxonomy":"product_cat","embeddable":true,"href":"https:\/\/www.testsealabs-kit.com\/lt\/wp-json\/wp\/v2\/product_cat?post=945"},{"taxonomy":"product_tag","embeddable":true,"href":"https:\/\/www.testsealabs-kit.com\/lt\/wp-json\/wp\/v2\/product_tag?post=945"}],"curies":[{"name":"wp","href":"https:\/\/api.w.org\/{rel}","templated":true}]}}