{"id":954,"date":"2022-04-25T20:46:35","date_gmt":"2022-04-25T12:46:35","guid":{"rendered":"https:\/\/www.testsealabs-kit.com\/?post_type=product&#038;p=954"},"modified":"2022-05-10T23:02:52","modified_gmt":"2022-05-10T15:02:52","slug":"covid-19-igg-igm-test-cassette-professional-use","status":"publish","type":"product","link":"https:\/\/www.testsealabs-kit.com\/lt\/produktas\/covid-19-igg-igm-test-cassette-professional-use\/","title":{"rendered":"COVID-19 IgG\/IgM testo kaset\u0117-profesionaliam naudojimui"},"content":{"rendered":"<p>\u3010Tikimas naudojimas\u3011<\/p>\n<p>COVID-19 IgG\/IgM testo kaset\u0117 yra \u0161oninio srauto chromatografinis imunologinis tyrimas, skirtas kokybi\u0161kai nustatyti IgG ir IgM antik\u016bnus prie\u0161 COVID-19 \u017emogaus nespalvotame kraujyje, serume arba plazmoje.<\/p>\n<p>\u3010Sertifikatas\u3011<\/p>\n<p>CE, ISO9001, ISO13485<\/p>","protected":false},"excerpt":{"rendered":"<p>COVID-19 antigeno testas Kasetinis savikontrol\u0117s testas \u7b80\u77ed\u63cf\u8ff0<\/p>","protected":false},"featured_media":956,"comment_status":"open","ping_status":"closed","template":"","meta":[],"product_brand":[],"product_cat":[20,26],"product_tag":[],"class_list":{"0":"post-954","1":"product","2":"type-product","3":"status-publish","4":"has-post-thumbnail","6":"product_cat-all-products","7":"product_cat-covid-19-sars-cov-2-rapid-test","8":"entry","10":"first","11":"instock","12":"shipping-taxable","13":"purchasable","14":"product-type-variable","15":"has-default-attributes"},"_links":{"self":[{"href":"https:\/\/www.testsealabs-kit.com\/lt\/wp-json\/wp\/v2\/product\/954","targetHints":{"allow":["GET"]}}],"collection":[{"href":"https:\/\/www.testsealabs-kit.com\/lt\/wp-json\/wp\/v2\/product"}],"about":[{"href":"https:\/\/www.testsealabs-kit.com\/lt\/wp-json\/wp\/v2\/types\/product"}],"replies":[{"embeddable":true,"href":"https:\/\/www.testsealabs-kit.com\/lt\/wp-json\/wp\/v2\/comments?post=954"}],"wp:featuredmedia":[{"embeddable":true,"href":"https:\/\/www.testsealabs-kit.com\/lt\/wp-json\/wp\/v2\/media\/956"}],"wp:attachment":[{"href":"https:\/\/www.testsealabs-kit.com\/lt\/wp-json\/wp\/v2\/media?parent=954"}],"wp:term":[{"taxonomy":"product_brand","embeddable":true,"href":"https:\/\/www.testsealabs-kit.com\/lt\/wp-json\/wp\/v2\/product_brand?post=954"},{"taxonomy":"product_cat","embeddable":true,"href":"https:\/\/www.testsealabs-kit.com\/lt\/wp-json\/wp\/v2\/product_cat?post=954"},{"taxonomy":"product_tag","embeddable":true,"href":"https:\/\/www.testsealabs-kit.com\/lt\/wp-json\/wp\/v2\/product_tag?post=954"}],"curies":[{"name":"wp","href":"https:\/\/api.w.org\/{rel}","templated":true}]}}