{"id":977,"date":"2022-04-25T21:02:34","date_gmt":"2022-04-25T13:02:34","guid":{"rendered":"https:\/\/www.testsealabs-kit.com\/?post_type=product&#038;p=977"},"modified":"2022-05-10T23:07:20","modified_gmt":"2022-05-10T15:07:20","slug":"covid-19-antigen-test-cassette-2-in-1-professional-use-nasal-swab-saliva","status":"publish","type":"product","link":"https:\/\/www.testsealabs-kit.com\/lt\/produktas\/covid-19-antigen-test-cassette-2-in-1-professional-use-nasal-swab-saliva\/","title":{"rendered":"COVID-19 antigen\u0173 testo kaset\u0117 2 in 1 - profesionaliam naudojimui - nosies tamponas \/ seil\u0117s"},"content":{"rendered":"<p>\u3010Tikimas naudojimas\u3011<\/p>\n<p>COVID-19 antigeno testo kaset\u0117je naudojama imunochromatografijos technologija, skirta SARS-CoV-2 antigenui aptikti \u017emogaus nosies tepin\u0117lyje\u3001salivose. Testas \"Testsea\" suteikia laboratorin\u0117s kokyb\u0117s rezultatus sveikatos prie\u017ei\u016bros vietoje. \u0160is testas yra vienkartinio naudojimo ir skirtas tik profesionaliam naudojimui. rekomendacija naudoti \u0161\u012f test\u0105 per 7 dienas nuo simptom\u0173 pasirei\u0161kimo, J\u012f patvirtina klinikinis efektyvumo \u012fvertinimas.<\/p>\n<p>\u3010Sertifikatas\u3011<\/p>\n<p>CE, ISO9001, ISO13485<\/p>","protected":false},"excerpt":{"rendered":"<p>COVID-19 antigeno testas Kasetinis savikontrol\u0117s testas \u7b80\u77ed\u63cf\u8ff0<\/p>","protected":false},"featured_media":980,"comment_status":"open","ping_status":"closed","template":"","meta":[],"product_brand":[],"product_cat":[20,26],"product_tag":[],"class_list":{"0":"post-977","1":"product","2":"type-product","3":"status-publish","4":"has-post-thumbnail","6":"product_cat-all-products","7":"product_cat-covid-19-sars-cov-2-rapid-test","8":"entry","10":"first","11":"instock","12":"shipping-taxable","13":"purchasable","14":"product-type-variable","15":"has-default-attributes"},"_links":{"self":[{"href":"https:\/\/www.testsealabs-kit.com\/lt\/wp-json\/wp\/v2\/product\/977","targetHints":{"allow":["GET"]}}],"collection":[{"href":"https:\/\/www.testsealabs-kit.com\/lt\/wp-json\/wp\/v2\/product"}],"about":[{"href":"https:\/\/www.testsealabs-kit.com\/lt\/wp-json\/wp\/v2\/types\/product"}],"replies":[{"embeddable":true,"href":"https:\/\/www.testsealabs-kit.com\/lt\/wp-json\/wp\/v2\/comments?post=977"}],"wp:featuredmedia":[{"embeddable":true,"href":"https:\/\/www.testsealabs-kit.com\/lt\/wp-json\/wp\/v2\/media\/980"}],"wp:attachment":[{"href":"https:\/\/www.testsealabs-kit.com\/lt\/wp-json\/wp\/v2\/media?parent=977"}],"wp:term":[{"taxonomy":"product_brand","embeddable":true,"href":"https:\/\/www.testsealabs-kit.com\/lt\/wp-json\/wp\/v2\/product_brand?post=977"},{"taxonomy":"product_cat","embeddable":true,"href":"https:\/\/www.testsealabs-kit.com\/lt\/wp-json\/wp\/v2\/product_cat?post=977"},{"taxonomy":"product_tag","embeddable":true,"href":"https:\/\/www.testsealabs-kit.com\/lt\/wp-json\/wp\/v2\/product_tag?post=977"}],"curies":[{"name":"wp","href":"https:\/\/api.w.org\/{rel}","templated":true}]}}