{"id":991,"date":"2022-04-25T21:15:23","date_gmt":"2022-04-25T13:15:23","guid":{"rendered":"https:\/\/www.testsealabs-kit.com\/?post_type=product&#038;p=991"},"modified":"2022-05-19T11:06:22","modified_gmt":"2022-05-19T03:06:22","slug":"canine-parvo-virus-antigen-test-cassettecpv-ag","status":"publish","type":"product","link":"https:\/\/www.testsealabs-kit.com\/lt\/produktas\/canine-parvo-virus-antigen-test-cassettecpv-ag\/","title":{"rendered":"\u0160un\u0173 parvo viruso antigeno testo kaset\u0117 (CPV AG)"},"content":{"rendered":"<p><span style=\"font-size: 14pt;\">1.Get rezultat\u0105 per 15 minu\u010di\u0173<\/span><\/p>\n<p><span style=\"font-size: 14pt;\">2.Easy rinkti m\u0117ginius<\/span><\/p>\n<p><span style=\"font-size: 14pt;\">3.Rezultatai yra ai\u0161kiai matomi<\/span><\/p>\n<p><span style=\"font-size: 14pt;\">4.No \u012frangos nereikia<\/span><\/p>\n<p><span style=\"font-size: 14pt;\">5.Tinka didelio masto greitam patikrinimui<\/span><\/p>","protected":false},"excerpt":{"rendered":"<p>\u0160is produktas yra \u0161oninio srauto imunochromatografinis tyrimas, skirtas kokybi\u0161kai nustatyti \u0161un\u0173 parvoviruso antigenus (CPV Ag) \u0161un\u0173 i\u0161matose.<\/p>\n<p>&nbsp;<\/p>\n<p>U\u017esikr\u0117tus CPV, CPV pa\u017eeid\u017eia \u0161un\u0173 \u017earnyno epitelio ir \u0161irdies raumens l\u0105steles, o klinikin\u0117s ligos pasirei\u0161kia vir\u0161kinimo trakto ligomis ir miokarditu, \u0161uniukams da\u017eniausiai pasirei\u0161kia miokarditas. U\u017esikr\u0117tus \u0161unims b\u016bdingas didelis sergamumas ir mirtingumas. CPV da\u017enai pasirei\u0161kia epidemijos protr\u016bkiu, gali u\u017esikr\u0117sti \u012fvairaus am\u017eiaus, lyties ir veisli\u0173 \u0161unys.<\/p>","protected":false},"featured_media":1216,"comment_status":"open","ping_status":"closed","template":"","meta":[],"product_brand":[],"product_cat":[20,47],"product_tag":[],"class_list":{"0":"post-991","1":"product","2":"type-product","3":"status-publish","4":"has-post-thumbnail","6":"product_cat-all-products","7":"product_cat-animals-diagnostic-rapid-test","8":"entry","10":"first","11":"instock","12":"shipping-taxable","13":"purchasable","14":"product-type-variable","15":"has-default-attributes"},"_links":{"self":[{"href":"https:\/\/www.testsealabs-kit.com\/lt\/wp-json\/wp\/v2\/product\/991","targetHints":{"allow":["GET"]}}],"collection":[{"href":"https:\/\/www.testsealabs-kit.com\/lt\/wp-json\/wp\/v2\/product"}],"about":[{"href":"https:\/\/www.testsealabs-kit.com\/lt\/wp-json\/wp\/v2\/types\/product"}],"replies":[{"embeddable":true,"href":"https:\/\/www.testsealabs-kit.com\/lt\/wp-json\/wp\/v2\/comments?post=991"}],"wp:featuredmedia":[{"embeddable":true,"href":"https:\/\/www.testsealabs-kit.com\/lt\/wp-json\/wp\/v2\/media\/1216"}],"wp:attachment":[{"href":"https:\/\/www.testsealabs-kit.com\/lt\/wp-json\/wp\/v2\/media?parent=991"}],"wp:term":[{"taxonomy":"product_brand","embeddable":true,"href":"https:\/\/www.testsealabs-kit.com\/lt\/wp-json\/wp\/v2\/product_brand?post=991"},{"taxonomy":"product_cat","embeddable":true,"href":"https:\/\/www.testsealabs-kit.com\/lt\/wp-json\/wp\/v2\/product_cat?post=991"},{"taxonomy":"product_tag","embeddable":true,"href":"https:\/\/www.testsealabs-kit.com\/lt\/wp-json\/wp\/v2\/product_tag?post=991"}],"curies":[{"name":"wp","href":"https:\/\/api.w.org\/{rel}","templated":true}]}}