{"id":32,"date":"2022-04-01T00:53:09","date_gmt":"2022-03-31T16:53:09","guid":{"rendered":"https:\/\/www.testsealabs-kit.com\/?page_id=32"},"modified":"2022-04-13T18:51:26","modified_gmt":"2022-04-13T10:51:26","slug":"news","status":"publish","type":"page","link":"https:\/\/www.testsealabs-kit.com\/lv\/news\/","title":{"rendered":"Zi\u0146as"},"content":{"rendered":"<div data-elementor-type=\"wp-page\" data-elementor-id=\"32\" class=\"elementor elementor-32\">\n\t\t\t\t\t\t<section class=\"elementor-section elementor-top-section elementor-element elementor-element-0d8dd62 elementor-section-boxed elementor-section-height-default elementor-section-height-default\" data-id=\"0d8dd62\" data-element_type=\"section\" data-settings=\"{&quot;background_background&quot;:&quot;classic&quot;}\">\n\t\t\t\t\t\t<div class=\"elementor-container elementor-column-gap-default\">\n\t\t\t\t\t<div class=\"elementor-column elementor-col-100 elementor-top-column elementor-element elementor-element-d6d968f\" data-id=\"d6d968f\" data-element_type=\"column\">\n\t\t\t<div class=\"elementor-widget-wrap elementor-element-populated\">\n\t\t\t\t\t\t<div class=\"elementor-element elementor-element-2856afe elementor-widget elementor-widget-woocommerce-breadcrumb\" data-id=\"2856afe\" data-element_type=\"widget\" data-widget_type=\"woocommerce-breadcrumb.default\">\n\t\t\t\t<div class=\"elementor-widget-container\">\n\t\t\t\t\t<nav class=\"woocommerce-breadcrumb\" aria-label=\"Breadcrumb\" data-no-translation=\"\" data-trp-gettext=\"\">S\u0101kums<\/nav>\t\t\t\t<\/div>\n\t\t\t\t<\/div>\n\t\t\t\t\t<\/div>\n\t\t<\/div>\n\t\t\t\t\t<\/div>\n\t\t<\/section>\n\t\t\t\t<section class=\"elementor-section elementor-top-section elementor-element elementor-element-560385d elementor-section-boxed elementor-section-height-default elementor-section-height-default\" data-id=\"560385d\" data-element_type=\"section\">\n\t\t\t\t\t\t<div class=\"elementor-container elementor-column-gap-default\">\n\t\t\t\t\t<div class=\"elementor-column elementor-col-20 elementor-top-column elementor-element elementor-element-eef23e5\" data-id=\"eef23e5\" data-element_type=\"column\">\n\t\t\t<div class=\"elementor-widget-wrap\">\n\t\t\t\t\t\t\t<\/div>\n\t\t<\/div>\n\t\t\t\t<div class=\"elementor-column elementor-col-20 elementor-top-column elementor-element elementor-element-2ad3bd2\" data-id=\"2ad3bd2\" data-element_type=\"column\">\n\t\t\t<div class=\"elementor-widget-wrap elementor-element-populated\">\n\t\t\t\t\t\t<div class=\"elementor-element elementor-element-0accfd9 elementor-align-center elementor-widget elementor-widget-button\" data-id=\"0accfd9\" data-element_type=\"widget\" data-widget_type=\"button.default\">\n\t\t\t\t<div class=\"elementor-widget-container\">\n\t\t\t\t\t\t\t\t\t<div class=\"elementor-button-wrapper\">\n\t\t\t\t\t<a class=\"elementor-button elementor-button-link elementor-size-sm\" href=\"https:\/\/www.testsealabs-kit.com\/lv\/category\/company-news\/\">\n\t\t\t\t\t\t<span class=\"elementor-button-content-wrapper\">\n\t\t\t\t\t\t\t\t\t<span class=\"elementor-button-text\">Uz\u0146\u0113muma jaunumi<\/span>\n\t\t\t\t\t<\/span>\n\t\t\t\t\t<\/a>\n\t\t\t\t<\/div>\n\t\t\t\t\t\t\t\t<\/div>\n\t\t\t\t<\/div>\n\t\t\t\t\t<\/div>\n\t\t<\/div>\n\t\t\t\t<div class=\"elementor-column elementor-col-20 elementor-top-column elementor-element elementor-element-398fa43\" data-id=\"398fa43\" data-element_type=\"column\">\n\t\t\t<div class=\"elementor-widget-wrap elementor-element-populated\">\n\t\t\t\t\t\t<div class=\"elementor-element elementor-element-6bab9cb elementor-align-center elementor-widget elementor-widget-button\" data-id=\"6bab9cb\" data-element_type=\"widget\" data-widget_type=\"button.default\">\n\t\t\t\t<div class=\"elementor-widget-container\">\n\t\t\t\t\t\t\t\t\t<div class=\"elementor-button-wrapper\">\n\t\t\t\t\t<a class=\"elementor-button elementor-button-link elementor-size-sm\" href=\"https:\/\/www.testsealabs-kit.com\/lv\/category\/industry-news\/\">\n\t\t\t\t\t\t<span class=\"elementor-button-content-wrapper\">\n\t\t\t\t\t\t\t\t\t<span class=\"elementor-button-text\">Nozares jaunumi<\/span>\n\t\t\t\t\t<\/span>\n\t\t\t\t\t<\/a>\n\t\t\t\t<\/div>\n\t\t\t\t\t\t\t\t<\/div>\n\t\t\t\t<\/div>\n\t\t\t\t\t<\/div>\n\t\t<\/div>\n\t\t\t\t<div class=\"elementor-column elementor-col-20 elementor-top-column elementor-element elementor-element-05d8a8a\" data-id=\"05d8a8a\" data-element_type=\"column\">\n\t\t\t<div class=\"elementor-widget-wrap elementor-element-populated\">\n\t\t\t\t\t\t<div class=\"elementor-element elementor-element-668c3a1 elementor-align-center elementor-widget elementor-widget-button\" data-id=\"668c3a1\" data-element_type=\"widget\" data-widget_type=\"button.default\">\n\t\t\t\t<div class=\"elementor-widget-container\">\n\t\t\t\t\t\t\t\t\t<div class=\"elementor-button-wrapper\">\n\t\t\t\t\t<a class=\"elementor-button elementor-button-link elementor-size-sm\" href=\"https:\/\/www.testsealabs-kit.com\/lv\/category\/exhibition\/\">\n\t\t\t\t\t\t<span class=\"elementor-button-content-wrapper\">\n\t\t\t\t\t\t\t\t\t<span class=\"elementor-button-text\">Izst\u0101de<\/span>\n\t\t\t\t\t<\/span>\n\t\t\t\t\t<\/a>\n\t\t\t\t<\/div>\n\t\t\t\t\t\t\t\t<\/div>\n\t\t\t\t<\/div>\n\t\t\t\t\t<\/div>\n\t\t<\/div>\n\t\t\t\t<div class=\"elementor-column elementor-col-20 elementor-top-column elementor-element elementor-element-f365a72\" data-id=\"f365a72\" data-element_type=\"column\">\n\t\t\t<div class=\"elementor-widget-wrap\">\n\t\t\t\t\t\t\t<\/div>\n\t\t<\/div>\n\t\t\t\t\t<\/div>\n\t\t<\/section>\n\t\t\t\t<section class=\"elementor-section elementor-top-section elementor-element elementor-element-42a39ac liebiaoaaa elementor-section-boxed elementor-section-height-default elementor-section-height-default\" data-id=\"42a39ac\" data-element_type=\"section\">\n\t\t\t\t\t\t<div class=\"elementor-container elementor-column-gap-default\">\n\t\t\t\t\t<div class=\"elementor-column elementor-col-100 elementor-top-column elementor-element elementor-element-47dfe85\" data-id=\"47dfe85\" data-element_type=\"column\">\n\t\t\t<div class=\"elementor-widget-wrap elementor-element-populated\">\n\t\t\t\t\t\t<div class=\"elementor-element elementor-element-e65e2dc elementor-grid-1 custom-news elementor-grid-tablet-2 elementor-grid-mobile-1 elementor-posts--thumbnail-top elementor-widget elementor-widget-posts\" data-id=\"e65e2dc\" data-element_type=\"widget\" data-settings=\"{&quot;classic_columns&quot;:&quot;1&quot;,&quot;pagination_type&quot;:&quot;numbers&quot;,&quot;classic_columns_tablet&quot;:&quot;2&quot;,&quot;classic_columns_mobile&quot;:&quot;1&quot;,&quot;classic_row_gap&quot;:{&quot;unit&quot;:&quot;px&quot;,&quot;size&quot;:35,&quot;sizes&quot;:[]},&quot;classic_row_gap_tablet&quot;:{&quot;unit&quot;:&quot;px&quot;,&quot;size&quot;:&quot;&quot;,&quot;sizes&quot;:[]},&quot;classic_row_gap_mobile&quot;:{&quot;unit&quot;:&quot;px&quot;,&quot;size&quot;:&quot;&quot;,&quot;sizes&quot;:[]}}\" data-widget_type=\"posts.classic\">\n\t\t\t\t<div class=\"elementor-widget-container\">\n\t\t\t\t\t\t\t<div class=\"elementor-posts-container elementor-posts elementor-posts--skin-classic elementor-grid\">\n\t\t\t\t<article class=\"elementor-post elementor-grid-item post-711 post type-post status-publish format-standard has-post-thumbnail hentry category-exhibition entry\">\n\t\t\t\t<a class=\"elementor-post__thumbnail__link\" href=\"https:\/\/www.testsealabs-kit.com\/lv\/711\/\" >\n\t\t\t<div class=\"elementor-post__thumbnail\"><img fetchpriority=\"high\" decoding=\"async\" width=\"640\" height=\"456\" src=\"https:\/\/www.testsealabs-kit.com\/wp-content\/uploads\/2022\/04\/image005.jpg\" class=\"attachment-full size-full wp-image-713\" alt=\"\" style=\"width:100%;height:71.25%;max-width:640px\" srcset=\"https:\/\/www.testsealabs-kit.com\/wp-content\/uploads\/2022\/04\/image005.jpg 640w, https:\/\/www.testsealabs-kit.com\/wp-content\/uploads\/2022\/04\/image005-300x214.jpg 300w, https:\/\/www.testsealabs-kit.com\/wp-content\/uploads\/2022\/04\/image005-600x428.jpg 600w\" sizes=\"(max-width: 640px) 100vw, 640px\" \/><\/div>\n\t\t<\/a>\n\t\t\t\t<div class=\"elementor-post__text\">\n\t\t\t\t<h3 class=\"elementor-post__title\">\n\t\t\t<a href=\"https:\/\/www.testsealabs-kit.com\/lv\/711\/\" >\n\t\t\t\tExpomed Eurasia 2022\t\t\t<\/a>\n\t\t<\/h3>\n\t\t\t\t<div class=\"elementor-post__meta-data\">\n\t\t\t\t\t<span class=\"elementor-post-date\">\n\t\t\t2022-03-17\t\t<\/span>\n\t\t\t\t<span class=\"elementor-post-avatar\">\n\t\t\tNav koment\u0101ru\t\t<\/span>\n\t\t\t\t<\/div>\n\t\t\t\t<div class=\"elementor-post__excerpt\">\n\t\t\t<p>Expomed Eurasia jau gandr\u012bz 30 gadus ir k\u013cuvusi par vado\u0161o medic\u012bnas izst\u0101di ne tikai Turcij\u0101, bet ar\u012b pla\u0161\u0101k\u0101 Eir\u0101zijas re\u0123ion\u0101. \u0160obr\u012bd izst\u0101d\u0113 tiek izmantoti jaun\u0101kie digit\u0101lie risin\u0101jumi, un t\u0101 sniedzas t\u0101l\u0101k par kl\u0101tienes kontaktu dibin\u0101\u0161anu. Expomed Eurasia 29. gadatirgus notika 2022. gada 17.-19. mart\u0101 Stambul\u0101. Ar vair\u0101k nek\u0101 600 izst\u0101des dal\u012bbniekiem no Turcijas un \u0101rvalst\u012bm un 19000 apmekl\u0113t\u0101jiem tikai no Turcijas un 5000 starptautiskajiem apmekl\u0113t\u0101jiem Expomed Eurasia ir bijis liels pan\u0101kums vesel\u012bbas apr\u016bpes nozarei.   Izst\u0101de: Expomed Eurasia Stenda Nr.: 524B Atra\u0161an\u0101s vieta: T\u00fcyap Fair and Congress Center, Stambula, Turcija Laiks: 2022.03.17-2022.03.19 Izst\u0101des dal\u012bbnieks\uff1aHangzhou Testsea Biotechnology Co., Ltd.<\/p>\n\t\t<\/div>\n\t\t\t\t\t<a class=\"elementor-post__read-more\" href=\"https:\/\/www.testsealabs-kit.com\/lv\/711\/\" >\n\t\t\t\tLas\u012bt vair\u0101k\t\t\t<\/a>\n\t\t\t\t<\/div>\n\t\t\t\t<\/article>\n\t\t\t\t<article class=\"elementor-post elementor-grid-item post-708 post type-post status-publish format-standard hentry category-industry-news entry\">\n\t\t\t\t<div class=\"elementor-post__text\">\n\t\t\t\t<h3 class=\"elementor-post__title\">\n\t\t\t<a href=\"https:\/\/www.testsealabs-kit.com\/lv\/what-is-the-difference-between-antigen-detection-and-nucleic-acid-detection\/\" >\n\t\t\t\tK\u0101da ir at\u0161\u0137ir\u012bba starp antig\u0113nu noteik\u0161anu un nukle\u012bnsk\u0101bju noteik\u0161anu?\t\t\t<\/a>\n\t\t<\/h3>\n\t\t\t\t<div class=\"elementor-post__meta-data\">\n\t\t\t\t\t<span class=\"elementor-post-date\">\n\t\t\t2022-03-15\t\t<\/span>\n\t\t\t\t<span class=\"elementor-post-avatar\">\n\t\t\tNav koment\u0101ru\t\t<\/span>\n\t\t\t\t<\/div>\n\t\t\t\t<div class=\"elementor-post__excerpt\">\n\t\t\t<p>Nesen tika apstiprin\u0101ti tirdzniec\u012bbai vair\u0101ki jauni kronas antig\u0113nu pa\u0161p\u0101rbaudes produkti, kas ir piesaist\u012bju\u0161i uzman\u012bbu.   Kas ir antig\u0113nu tests un ar ko tas at\u0161\u0137iras no labi zin\u0101m\u0101 nukle\u012bnsk\u0101bju testa? K\u0101d\u0113\u013c pievienota \u0161\u012b jaun\u0101 noteik\u0161anas metode? K\u0101da ir noteik\u0161anas precizit\u0101te? Kas ir j\u0101dara? Vai ir k\u0101di riski? Par \u0161o jauno noteik\u0161anas veidu rodas \u0161aubas.   Kas \u012bsti ir antig\u0113nu tests? Ar ko tas at\u0161\u0137iras no nukle\u012bnsk\u0101bju testa?   Antig\u0113ni ir k\u0101 \"ap\u0123\u0113rbs\", ko v\u012bruss valk\u0101 no \u0101rpuses, bet nukle\u012bnsk\u0101bes ir g\u0113ni v\u012brusa iek\u0161ien\u0113.   \u0160ie divi testi ir nedaudz at\u0161\u0137ir\u012bgi. Antig\u0113nu tests ir metode, kas s\u0101kas ar antivielu, lai izm\u0113r\u012btu \"dr\u0113bes\", un p\u0113c visaptvero\u0161as specifiskuma noteik\u0161anas v\u012brusu var b\u016bt<\/p>\n\t\t<\/div>\n\t\t\t\t\t<a class=\"elementor-post__read-more\" href=\"https:\/\/www.testsealabs-kit.com\/lv\/what-is-the-difference-between-antigen-detection-and-nucleic-acid-detection\/\" >\n\t\t\t\tLas\u012bt vair\u0101k\t\t\t<\/a>\n\t\t\t\t<\/div>\n\t\t\t\t<\/article>\n\t\t\t\t<article class=\"elementor-post elementor-grid-item post-209 post type-post status-publish format-standard has-post-thumbnail hentry category-company-news entry\">\n\t\t\t\t<a class=\"elementor-post__thumbnail__link\" href=\"https:\/\/www.testsealabs-kit.com\/lv\/goldsite-obtains-ce-self-testing-certificate-for-the-sars-cov-2-nasal-antigen-self-test\/\" >\n\t\t\t<div class=\"elementor-post__thumbnail\"><img decoding=\"async\" width=\"500\" height=\"301\" src=\"https:\/\/www.testsealabs-kit.com\/wp-content\/uploads\/2022\/04\/image002-1.png\" class=\"attachment-full size-full wp-image-706\" alt=\"\" style=\"width:100%;height:60.2%;max-width:500px\" srcset=\"https:\/\/www.testsealabs-kit.com\/wp-content\/uploads\/2022\/04\/image002-1.png 500w, https:\/\/www.testsealabs-kit.com\/wp-content\/uploads\/2022\/04\/image002-1-300x181.png 300w\" sizes=\"(max-width: 500px) 100vw, 500px\" \/><\/div>\n\t\t<\/a>\n\t\t\t\t<div class=\"elementor-post__text\">\n\t\t\t\t<h3 class=\"elementor-post__title\">\n\t\t\t<a href=\"https:\/\/www.testsealabs-kit.com\/lv\/goldsite-obtains-ce-self-testing-certificate-for-the-sars-cov-2-nasal-antigen-self-test\/\" >\n\t\t\t\tTestsealabs COVID-19 antig\u0113na \u0101trais tests var efekt\u012bvi aptvert koronav\u012brusa Omicron (B.1.1529) varianta celmu.\t\t\t<\/a>\n\t\t<\/h3>\n\t\t\t\t<div class=\"elementor-post__meta-data\">\n\t\t\t\t\t<span class=\"elementor-post-date\">\n\t\t\t2021-11-29\t\t<\/span>\n\t\t\t\t<span class=\"elementor-post-avatar\">\n\t\t\tNav koment\u0101ru\t\t<\/span>\n\t\t\t\t<\/div>\n\t\t\t\t<div class=\"elementor-post__excerpt\">\n\t\t\t<p>Pa\u0161laik m\u016bsu uz\u0146\u0113mums veic detaliz\u0113tu sal\u012bdzin\u0101jumu un anal\u012bzi, pamatojoties uz GISAID datub\u0101z\u0113 public\u0113to Omicron mutanta celma mut\u0101cijas vietas nukle\u012bnsk\u0101bes sec\u012bbu un m\u016bsu koronav\u012brusa antig\u0113na \u0101tr\u0101s test\u0113\u0161anas produktos izmantot\u0101s specifisk\u0101s N prote\u012bna antivielas atpaz\u012b\u0161anas epitopu. Anal\u012bzes rezult\u0101ti par\u0101d\u012bja, ka Omicron mutanta celma mut\u0101cijas vieta neietekm\u0113 m\u016bsu uz\u0146\u0113muma izstr\u0101d\u0101t\u0101, ra\u017eot\u0101 un p\u0101rdot\u0101 koronav\u012brusa antig\u0113na \u0101tr\u0101s noteik\u0161anas rea\u0123enta antig\u0113na noteik\u0161anu. M\u016bsu uz\u0146\u0113muma izstr\u0101d\u0101tais Testsealabs COVID-19 antig\u0113na \u0101tr\u0101s rea\u0123\u0113\u0161anas tests var efekt\u012bvi aptvert jauno koronav\u012brusa Omicron (B.1.1529) mutantu celmu. Tom\u0113r, t\u0101 k\u0101 pa\u0161laik nav iesp\u0113jams ieg\u016bt paraugus verifik\u0101cijai, laboratorij\u0101 ir j\u0101veic turpm\u0101ki verifik\u0101cijas testi. M\u016bsu uz\u0146\u0113mums ir p\u0101rbaud\u012bjis m\u016bsu izstr\u0101d\u0101t\u0101 koronav\u012brusa antig\u0113na \u0101tr\u0101s noteik\u0161anas testa efektivit\u0101ti.<\/p>\n\t\t<\/div>\n\t\t\t\t\t<a class=\"elementor-post__read-more\" href=\"https:\/\/www.testsealabs-kit.com\/lv\/goldsite-obtains-ce-self-testing-certificate-for-the-sars-cov-2-nasal-antigen-self-test\/\" >\n\t\t\t\tLas\u012bt vair\u0101k\t\t\t<\/a>\n\t\t\t\t<\/div>\n\t\t\t\t<\/article>\n\t\t\t\t<\/div>\n\n\n\t\t\n\t\t\t\t\t\t<\/div>\n\t\t\t\t<\/div>\n\t\t\t\t\t<\/div>\n\t\t<\/div>\n\t\t\t\t\t<\/div>\n\t\t<\/section>\n\t\t\t\t<\/div>","protected":false},"excerpt":{"rendered":"<p>Company News Industry News Exhibition<\/p>","protected":false},"author":1,"featured_media":0,"parent":0,"menu_order":0,"comment_status":"closed","ping_status":"closed","template":"elementor_header_footer","meta":{"footnotes":""},"class_list":["post-32","page","type-page","status-publish","hentry","entry"],"_links":{"self":[{"href":"https:\/\/www.testsealabs-kit.com\/lv\/wp-json\/wp\/v2\/pages\/32","targetHints":{"allow":["GET"]}}],"collection":[{"href":"https:\/\/www.testsealabs-kit.com\/lv\/wp-json\/wp\/v2\/pages"}],"about":[{"href":"https:\/\/www.testsealabs-kit.com\/lv\/wp-json\/wp\/v2\/types\/page"}],"author":[{"embeddable":true,"href":"https:\/\/www.testsealabs-kit.com\/lv\/wp-json\/wp\/v2\/users\/1"}],"replies":[{"embeddable":true,"href":"https:\/\/www.testsealabs-kit.com\/lv\/wp-json\/wp\/v2\/comments?post=32"}],"version-history":[{"count":0,"href":"https:\/\/www.testsealabs-kit.com\/lv\/wp-json\/wp\/v2\/pages\/32\/revisions"}],"wp:attachment":[{"href":"https:\/\/www.testsealabs-kit.com\/lv\/wp-json\/wp\/v2\/media?parent=32"}],"curies":[{"name":"wp","href":"https:\/\/api.w.org\/{rel}","templated":true}]}}